{"id":4161,"date":"2026-03-19T08:21:39","date_gmt":"2026-03-19T08:21:39","guid":{"rendered":"https:\/\/store.tieronesupply.com\/?post_type=product&#038;p=4161"},"modified":"2026-03-19T08:42:49","modified_gmt":"2026-03-19T08:42:49","slug":"poseidon-rashguard-top-female","status":"publish","type":"product","link":"https:\/\/store.tieronesupply.com\/en\/product\/poseidon-rashguard-top-female\/","title":{"rendered":"Poseidon Rashguard Top Female"},"content":{"rendered":"<p data-start=\"191\" data-end=\"436\">Protecci\u00f3n, comodidad y estilo en una sola prenda. Nuestra <strong data-start=\"250\" data-end=\"302\">camiseta de protecci\u00f3n solar \/ rashguard UPF 50+<\/strong> est\u00e1 dise\u00f1ada para ofrecer <strong data-start=\"330\" data-end=\"378\">m\u00e1xima defensa frente al sol y los elementos<\/strong>, manteni\u00e9ndose <strong data-start=\"394\" data-end=\"433\">ligera, el\u00e1stica y de secado r\u00e1pido<\/strong>.<\/p>\n<p data-start=\"438\" data-end=\"672\">Ideal para <strong data-start=\"449\" data-end=\"512\">surf, kitesurf, nataci\u00f3n, buceo o actividades al aire libre<\/strong>, puede usarse <strong data-start=\"527\" data-end=\"556\">sola o como capa interior<\/strong> bajo el traje en d\u00edas m\u00e1s fr\u00edos.<br data-start=\"589\" data-end=\"592\" \/>Disfruta de <strong data-start=\"604\" data-end=\"645\">movilidad total y protecci\u00f3n duradera<\/strong> dentro y fuera del agua.<\/p>","protected":false},"excerpt":{"rendered":"<div class=\"CMS-Component CMS-ArticleField CMS-ArticleField-weight StreamlineCmsSection-node SimpleStyles-17380563151098472-Wrapper StreamlineCmsSection-node\" data-style-attr=\"Wrapper\" data-id=\"17380563151098472\">\n<div class=\"Preset-Primary-Text Preset-Primary-Font-Family Preset-Primary-Color SimpleStyles-17380563151098472-Field\" data-style-attr=\"Field\">Peso (g): 223<\/div>\n<\/div>\n<div class=\"CMS-Component CMS-ArticleField CMS-ArticleField-propertykey_value StreamlineCmsSection-node SimpleStyles-17380563151096390-Wrapper StreamlineCmsSection-node\" data-style-attr=\"Wrapper\" data-id=\"17380563151096390\">\n<div class=\"Preset-Primary-Text Preset-Primary-Font-Family Preset-Primary-Color SimpleStyles-17380563151096390-Field\" data-style-attr=\"Field\">Material: 82% Nylon, 18% Spandex<\/div>\n<\/div>","protected":false},"featured_media":4177,"comment_status":"open","ping_status":"closed","template":"","meta":{"_uag_custom_page_level_css":"","_kad_blocks_custom_css":"","_kad_blocks_head_custom_js":"","_kad_blocks_body_custom_js":"","_kad_blocks_footer_custom_js":"","site-sidebar-layout":"default","site-content-layout":"","ast-site-content-layout":"default","site-content-style":"default","site-sidebar-style":"default","ast-global-header-display":"","ast-banner-title-visibility":"","ast-main-header-display":"","ast-hfb-above-header-display":"","ast-hfb-below-header-display":"","ast-hfb-mobile-header-display":"","site-post-title":"","ast-breadcrumbs-content":"","ast-featured-img":"","footer-sml-layout":"","theme-transparent-header-meta":"default","adv-header-id-meta":"","stick-header-meta":"","header-above-stick-meta":"","header-main-stick-meta":"","header-below-stick-meta":"","astra-migrate-meta-layouts":"set","ast-page-background-enabled":"default","ast-page-background-meta":{"desktop":{"background-color":"var(--ast-global-color-5)","background-image":"","background-repeat":"repeat","background-position":"center center","background-size":"auto","background-attachment":"scroll","background-type":"","background-media":"","overlay-type":"","overlay-color":"","overlay-opacity":"","overlay-gradient":""},"tablet":{"background-color":"","background-image":"","background-repeat":"repeat","background-position":"center center","background-size":"auto","background-attachment":"scroll","background-type":"","background-media":"","overlay-type":"","overlay-color":"","overlay-opacity":"","overlay-gradient":""},"mobile":{"background-color":"","background-image":"","background-repeat":"repeat","background-position":"center center","background-size":"auto","background-attachment":"scroll","background-type":"","background-media":"","overlay-type":"","overlay-color":"","overlay-opacity":"","overlay-gradient":""}},"ast-content-background-meta":{"desktop":{"background-color":"var(--ast-global-color-4)","background-image":"","background-repeat":"repeat","background-position":"center center","background-size":"auto","background-attachment":"scroll","background-type":"","background-media":"","overlay-type":"","overlay-color":"","overlay-opacity":"","overlay-gradient":""},"tablet":{"background-color":"var(--ast-global-color-4)","background-image":"","background-repeat":"repeat","background-position":"center center","background-size":"auto","background-attachment":"scroll","background-type":"","background-media":"","overlay-type":"","overlay-color":"","overlay-opacity":"","overlay-gradient":""},"mobile":{"background-color":"var(--ast-global-color-4)","background-image":"","background-repeat":"repeat","background-position":"center center","background-size":"auto","background-attachment":"scroll","background-type":"","background-media":"","overlay-type":"","overlay-color":"","overlay-opacity":"","overlay-gradient":""}}},"product_brand":[32],"product_cat":[71,50],"product_tag":[],"class_list":{"0":"post-4161","1":"product","2":"type-product","3":"status-publish","4":"has-post-thumbnail","6":"product_brand-poseidon","7":"product_cat-licras","8":"product_cat-outlet","9":"desktop-align-left","10":"tablet-align-left","11":"mobile-align-left","13":"first","14":"instock","15":"sale","16":"featured","17":"taxable","18":"shipping-taxable","19":"purchasable","20":"product-type-variable"},"aioseo_notices":[],"taxonomy_info":{"product_brand":[{"value":32,"label":"Poseidon"}],"product_cat":[{"value":71,"label":"Licras"},{"value":50,"label":"Outlet"}]},"featured_image_src_large":["https:\/\/store.tieronesupply.com\/wp-content\/uploads\/2026\/03\/rashguard-grey-female_0250-682_01.5e36d397.jpg",600,600,false],"author_info":[],"comment_info":0,"spectra_custom_meta":{"_wpv_contains_gutenberg_views":["",""],"total_sales":["0"],"_tax_status":["taxable"],"_tax_class":[""],"_manage_stock":["no"],"_backorders":["no"],"_sold_individually":["no"],"_virtual":["no"],"_downloadable":["no"],"_product_image_gallery":["4178,4179"],"_download_limit":["-1"],"_download_expiry":["-1"],"_thumbnail_id":["4177"],"_stock":[null],"_stock_status":["instock"],"_wc_average_rating":["0"],"_wc_review_count":["0"],"_product_attributes":["a:2:{s:5:\"talla\";a:6:{s:4:\"name\";s:5:\"Talla\";s:5:\"value\";s:19:\"XS | S | M | L | XL\";s:8:\"position\";i:0;s:10:\"is_visible\";i:1;s:12:\"is_variation\";i:1;s:11:\"is_taxonomy\";i:0;}s:5:\"color\";a:6:{s:4:\"name\";s:5:\"Color\";s:5:\"value\";s:19:\"Negro | Rojo | Gris\";s:8:\"position\";i:1;s:10:\"is_visible\";i:1;s:12:\"is_variation\";i:1;s:11:\"is_taxonomy\";i:0;}}"],"_product_version":["10.4.3"],"_wc_gla_visibility":["sync-and-show"],"_aioseo_keywords":["a:0:{}"],"_aioseo_og_title":[""],"_aioseo_og_description":[""],"_aioseo_og_article_section":[""],"_aioseo_og_article_tags":["a:0:{}"],"_aioseo_twitter_title":[""],"_aioseo_twitter_description":[""],"site-sidebar-layout":["default"],"ast-site-content-layout":["default"],"site-content-style":["default"],"site-sidebar-style":["default"],"theme-transparent-header-meta":["default"],"views_woo_in_stock":["onbackorder"],"views_woo_price":["69,50"],"views_woo_on_sale":["1"],"astra_style_timestamp_css":["1774965270"],"_wc_gla_notification_status":["updated"],"_edit_lock":["1773909692:1"],"_edit_last":["1"],"_wc_gla_sync_status":["synced"],"_wc_gla_synced_at":["1773909771"],"_wc_gla_google_ids":["a:1:{s:2:\"ES\";s:21:\"online:es:ES:gla_4176\";}"],"_price":["45"],"astra-migrate-meta-layouts":["set"],"_uag_page_assets":["a:9:{s:3:\"css\";s:263:\".uag-blocks-common-selector{z-index:var(--z-index-desktop) !important}@media (max-width: 976px){.uag-blocks-common-selector{z-index:var(--z-index-tablet) !important}}@media (max-width: 767px){.uag-blocks-common-selector{z-index:var(--z-index-mobile) !important}}\n\";s:2:\"js\";s:0:\"\";s:18:\"current_block_list\";a:14:{i:0;s:11:\"core\/search\";i:1;s:10:\"core\/group\";i:2;s:12:\"core\/heading\";i:3;s:17:\"core\/latest-posts\";i:4;s:20:\"core\/latest-comments\";i:5;s:13:\"core\/archives\";i:6;s:15:\"core\/categories\";i:7;s:13:\"kadence\/image\";i:8;s:16:\"kadence\/iconlist\";i:9;s:16:\"kadence\/listitem\";i:10;s:12:\"kadence\/icon\";i:11;s:19:\"kadence\/single-icon\";i:12;s:17:\"kadence\/rowlayout\";i:13;s:14:\"kadence\/column\";}s:8:\"uag_flag\";b:0;s:11:\"uag_version\";s:10:\"1775230383\";s:6:\"gfonts\";a:0:{}s:10:\"gfonts_url\";s:0:\"\";s:12:\"gfonts_files\";a:0:{}s:14:\"uag_faq_layout\";b:0;}"],"_wc_gla_mc_status":["approved"],"_uag_css_file_name":["uag-css-4161.css"]},"uagb_featured_image_src":{"full":["https:\/\/store.tieronesupply.com\/wp-content\/uploads\/2026\/03\/rashguard-grey-female_0250-682_01.5e36d397.jpg",600,600,false],"thumbnail":["https:\/\/store.tieronesupply.com\/wp-content\/uploads\/2026\/03\/rashguard-grey-female_0250-682_01.5e36d397-150x150.jpg",150,150,true],"medium":["https:\/\/store.tieronesupply.com\/wp-content\/uploads\/2026\/03\/rashguard-grey-female_0250-682_01.5e36d397-300x300.jpg",300,300,true],"medium_large":["https:\/\/store.tieronesupply.com\/wp-content\/uploads\/2026\/03\/rashguard-grey-female_0250-682_01.5e36d397.jpg",600,600,false],"large":["https:\/\/store.tieronesupply.com\/wp-content\/uploads\/2026\/03\/rashguard-grey-female_0250-682_01.5e36d397.jpg",600,600,false],"1536x1536":["https:\/\/store.tieronesupply.com\/wp-content\/uploads\/2026\/03\/rashguard-grey-female_0250-682_01.5e36d397.jpg",600,600,false],"2048x2048":["https:\/\/store.tieronesupply.com\/wp-content\/uploads\/2026\/03\/rashguard-grey-female_0250-682_01.5e36d397.jpg",600,600,false],"trp-custom-language-flag":["https:\/\/store.tieronesupply.com\/wp-content\/uploads\/2026\/03\/rashguard-grey-female_0250-682_01.5e36d397-12x12.jpg",12,12,true],"woocommerce_thumbnail":["https:\/\/store.tieronesupply.com\/wp-content\/uploads\/2026\/03\/rashguard-grey-female_0250-682_01.5e36d397-300x300.jpg",300,300,true],"woocommerce_single":["https:\/\/store.tieronesupply.com\/wp-content\/uploads\/2026\/03\/rashguard-grey-female_0250-682_01.5e36d397.jpg",600,600,false],"woocommerce_gallery_thumbnail":["https:\/\/store.tieronesupply.com\/wp-content\/uploads\/2026\/03\/rashguard-grey-female_0250-682_01.5e36d397-100x100.jpg",100,100,true],"variation_swatches_image_size":["https:\/\/store.tieronesupply.com\/wp-content\/uploads\/2026\/03\/rashguard-grey-female_0250-682_01.5e36d397-50x50.jpg",50,50,true],"variation_swatches_tooltip_size":["https:\/\/store.tieronesupply.com\/wp-content\/uploads\/2026\/03\/rashguard-grey-female_0250-682_01.5e36d397-100x100.jpg",100,100,true]},"uagb_author_info":{"display_name":"Tier One Supply","author_link":"https:\/\/store.tieronesupply.com\/en\/author\/"},"uagb_comment_info":0,"uagb_excerpt":"Peso (g): 223 Material: 82% Nylon, 18% Spandex","_links":{"self":[{"href":"https:\/\/store.tieronesupply.com\/en\/wp-json\/wp\/v2\/product\/4161","targetHints":{"allow":["GET"]}}],"collection":[{"href":"https:\/\/store.tieronesupply.com\/en\/wp-json\/wp\/v2\/product"}],"about":[{"href":"https:\/\/store.tieronesupply.com\/en\/wp-json\/wp\/v2\/types\/product"}],"replies":[{"embeddable":true,"href":"https:\/\/store.tieronesupply.com\/en\/wp-json\/wp\/v2\/comments?post=4161"}],"wp:featuredmedia":[{"embeddable":true,"href":"https:\/\/store.tieronesupply.com\/en\/wp-json\/wp\/v2\/media\/4177"}],"wp:attachment":[{"href":"https:\/\/store.tieronesupply.com\/en\/wp-json\/wp\/v2\/media?parent=4161"}],"wp:term":[{"taxonomy":"product_brand","embeddable":true,"href":"https:\/\/store.tieronesupply.com\/en\/wp-json\/wp\/v2\/product_brand?post=4161"},{"taxonomy":"product_cat","embeddable":true,"href":"https:\/\/store.tieronesupply.com\/en\/wp-json\/wp\/v2\/product_cat?post=4161"},{"taxonomy":"product_tag","embeddable":true,"href":"https:\/\/store.tieronesupply.com\/en\/wp-json\/wp\/v2\/product_tag?post=4161"}],"curies":[{"name":"wp","href":"https:\/\/api.w.org\/{rel}","templated":true}]}}