{"id":4152,"date":"2026-03-17T12:13:55","date_gmt":"2026-03-17T12:13:55","guid":{"rendered":"https:\/\/store.tieronesupply.com\/?post_type=product&#038;p=4152"},"modified":"2026-03-17T12:16:18","modified_gmt":"2026-03-17T12:16:18","slug":"altama-maritime-mid-jungle-tiger-stripe","status":"publish","type":"product","link":"https:\/\/store.tieronesupply.com\/en\/product\/altama-maritime-mid-jungle-tiger-stripe\/","title":{"rendered":"Altama Maritime Mid Jungle Tiger Stripe"},"content":{"rendered":"<p data-start=\"0\" data-end=\"43\"><strong data-start=\"0\" data-end=\"43\">Altama Maritime Assault Mid | Jungle Tiger Stripe<\/strong><\/p>\n<p data-start=\"45\" data-end=\"312\">Bota t\u00e1ctica anfibia desarrollada para <strong data-start=\"84\" data-end=\"128\">operaciones mar\u00edtimas y entornos h\u00famedos<\/strong>, dise\u00f1ada para ofrecer drenaje r\u00e1pido, agarre superior y compatibilidad con aletas de buceo utilizadas por unidades militares en todo el mundo.<\/p>\n<hr data-start=\"314\" data-end=\"317\" \/>\n<p data-section-id=\"p7l55y\" data-start=\"319\" data-end=\"337\"><strong>CARACTER\u00cdSTICAS<\/strong><\/p>\n<p data-start=\"339\" data-end=\"580\"><strong data-start=\"339\" data-end=\"363\">Dise\u00f1o fin-friendly.<\/strong><br data-start=\"363\" data-end=\"366\" \/>Horma optimizada para operaciones anfibias que <strong data-start=\"413\" data-end=\"462\">encaja con la mayor\u00eda de las aletas militares<\/strong>, permitiendo nadar con comodidad incluso durante desplazamientos prolongados.<\/p>\n<p data-start=\"582\" data-end=\"859\"><strong data-start=\"582\" data-end=\"625\">Construcci\u00f3n ligera y de secado r\u00e1pido.<\/strong><br data-start=\"625\" data-end=\"628\" \/>Paneles en <strong data-start=\"639\" data-end=\"691\">Cordura\u00ae 1000D de alta resistencia a la abrasi\u00f3n<\/strong>, combinados con forro interior en <strong data-start=\"726\" data-end=\"751\">air mesh transpirable<\/strong>que evac\u00faa r\u00e1pidamente el sudor y la humedad en entornos acu\u00e1ticos.<\/p>\n<p data-start=\"861\" data-end=\"1102\"><strong data-start=\"861\" data-end=\"891\">Sistema de drenaje activo.<\/strong><br data-start=\"891\" data-end=\"894\" \/>Puertos de drenaje frontales no met\u00e1licos permiten <strong data-start=\"945\" data-end=\"990\">expulsar el agua con cada flexi\u00f3n del pie<\/strong>, evitando acumulaciones que afecten la movilidad o el peso del calzado.<\/p>\n<p data-start=\"1104\" data-end=\"1313\"><strong data-start=\"1104\" data-end=\"1141\">Plantilla Ultron\u00ae PU contorneada.<\/strong><br data-start=\"1141\" data-end=\"1144\" \/>Plantilla ergon\u00f3mica que <strong data-start=\"1169\" data-end=\"1188\">no absorbe agua<\/strong>, manteniendo el calzado ligero y funcional inmediatamente despu\u00e9s de salir del agua.<\/p>\n<p data-start=\"1315\" data-end=\"1532\"><strong data-start=\"1315\" data-end=\"1351\">Herrajes t\u00e1cticos anticorrosi\u00f3n.<\/strong><br data-start=\"1351\" data-end=\"1354\" \/>Componentes met\u00e1licos <strong data-start=\"1376\" data-end=\"1407\">mate y resistentes al \u00f3xido<\/strong>, dise\u00f1ados para soportar ambientes salinos y uso intensivo en operaciones mar\u00edtimas.<\/p>\n<p data-start=\"1534\" data-end=\"1775\"><strong data-start=\"1534\" data-end=\"1571\">Suela SEAL Rubber de alto agarre.<\/strong><br data-start=\"1571\" data-end=\"1574\" \/>Compuesto de caucho de <strong data-start=\"1597\" data-end=\"1650\">alta tracci\u00f3n optimizado para superficies mojadas<\/strong>, proporcionando estabilidad y seguridad en operaciones t\u00e1cticas en entornos h\u00famedos.<\/p>\n<p data-start=\"1777\" data-end=\"2023\"><strong data-start=\"1777\" data-end=\"1805\">Estabilidad estructural.<\/strong><br data-start=\"1805\" data-end=\"1808\" \/>Refuerzo interno <strong data-start=\"1825\" data-end=\"1865\">ABS de una pieza y longitud completa<\/strong>, que aporta soporte estructural y reduce la fatiga durante movimientos prolongados o al escalar superficies t\u00e9cnicas.<\/p>\n<p data-start=\"2025\" data-end=\"2188\"><strong data-start=\"2025\" data-end=\"2046\">Airport friendly.<\/strong><br data-start=\"2046\" data-end=\"2049\" \/>Construcci\u00f3n con <strong data-start=\"2066\" data-end=\"2099\">m\u00ednimos componentes met\u00e1licos<\/strong>, facilitando el paso por controles de seguridad.<\/p>\n<hr data-start=\"2190\" data-end=\"2193\" \/>\n<p data-section-id=\"ihqqry\" data-start=\"2195\" data-end=\"2212\"><strong>DATOS T\u00c9CNICOS<\/strong><\/p>\n<div class=\"TyagGW_tableContainer\">\n<div class=\"group TyagGW_tableWrapper flex flex-col-reverse w-fit\" tabindex=\"-1\">\n<table class=\"w-fit min-w-(--thread-content-width)\" data-start=\"2214\" data-end=\"2525\">\n<thead data-start=\"2214\" data-end=\"2219\">\n<tr data-start=\"2214\" data-end=\"2219\">\n<th class=\"\" data-start=\"2214\" data-end=\"2216\" data-col-size=\"sm\"><\/th>\n<th class=\"\" data-start=\"2216\" data-end=\"2219\" data-col-size=\"sm\"><\/th>\n<\/tr>\n<\/thead>\n<tbody data-start=\"2230\" data-end=\"2525\">\n<tr data-start=\"2230\" data-end=\"2256\">\n<td data-start=\"2230\" data-end=\"2243\" data-col-size=\"sm\">Referencia<\/td>\n<td data-col-size=\"sm\" data-start=\"2243\" data-end=\"2256\">\n<p class=\"p1\">333809<\/p>\n<\/td>\n<\/tr>\n<tr data-start=\"2257\" data-end=\"2278\">\n<td data-start=\"2257\" data-end=\"2265\" data-col-size=\"sm\">Color<\/td>\n<td data-start=\"2265\" data-end=\"2278\" data-col-size=\"sm\">Jungle Tiger Stripe<\/td>\n<\/tr>\n<tr data-start=\"2279\" data-end=\"2294\">\n<td data-start=\"2279\" data-end=\"2288\" data-col-size=\"sm\">Altura<\/td>\n<td data-col-size=\"sm\" data-start=\"2288\" data-end=\"2294\">5&#8243;<\/td>\n<\/tr>\n<tr data-start=\"2295\" data-end=\"2333\">\n<td data-start=\"2295\" data-end=\"2315\" data-col-size=\"sm\">Material exterior<\/td>\n<td data-col-size=\"sm\" data-start=\"2315\" data-end=\"2333\">Cordura\u00ae 1000D<\/td>\n<\/tr>\n<tr data-start=\"2334\" data-end=\"2372\">\n<td data-start=\"2334\" data-end=\"2342\" data-col-size=\"sm\">Suela<\/td>\n<td data-start=\"2342\" data-end=\"2372\" data-col-size=\"sm\">SEAL Rubber antideslizante<\/td>\n<\/tr>\n<tr data-start=\"2373\" data-end=\"2426\">\n<td data-start=\"2373\" data-end=\"2385\" data-col-size=\"sm\">Plantilla<\/td>\n<td data-col-size=\"sm\" data-start=\"2385\" data-end=\"2426\">Ultron\u00ae PU contorneada, no absorbente<\/td>\n<\/tr>\n<tr data-start=\"2427\" data-end=\"2454\">\n<td data-start=\"2427\" data-end=\"2434\" data-col-size=\"sm\">Peso<\/td>\n<td data-col-size=\"sm\" data-start=\"2434\" data-end=\"2454\">420 g (14.82 oz)<\/td>\n<\/tr>\n<tr data-start=\"2455\" data-end=\"2525\">\n<td data-start=\"2455\" data-end=\"2481\" data-col-size=\"sm\">Tallas disponibles (US)<\/td>\n<td data-col-size=\"sm\" data-start=\"2481\" data-end=\"2525\">Regular: 5\u201312, 13\u201315 \u00b7 Wide: 5\u201312, 13\u201315<\/td>\n<\/tr>\n<\/tbody>\n<\/table>\n<\/div>\n<\/div>","protected":false},"excerpt":{"rendered":"<p>Altama Maritime Assault Mid | Jungle Tiger Stripe Bota t\u00e1ctica anfibia desarrollada para operaciones mar\u00edtimas y entornos h\u00famedos, dise\u00f1ada para [&hellip;]<\/p>","protected":false},"featured_media":4153,"comment_status":"open","ping_status":"closed","template":"","meta":{"_uag_custom_page_level_css":"","_kad_blocks_custom_css":"","_kad_blocks_head_custom_js":"","_kad_blocks_body_custom_js":"","_kad_blocks_footer_custom_js":"","site-sidebar-layout":"default","site-content-layout":"","ast-site-content-layout":"default","site-content-style":"default","site-sidebar-style":"default","ast-global-header-display":"","ast-banner-title-visibility":"","ast-main-header-display":"","ast-hfb-above-header-display":"","ast-hfb-below-header-display":"","ast-hfb-mobile-header-display":"","site-post-title":"","ast-breadcrumbs-content":"","ast-featured-img":"","footer-sml-layout":"","theme-transparent-header-meta":"default","adv-header-id-meta":"","stick-header-meta":"","header-above-stick-meta":"","header-main-stick-meta":"","header-below-stick-meta":"","astra-migrate-meta-layouts":"set","ast-page-background-enabled":"default","ast-page-background-meta":{"desktop":{"background-color":"var(--ast-global-color-5)","background-image":"","background-repeat":"repeat","background-position":"center center","background-size":"auto","background-attachment":"scroll","background-type":"","background-media":"","overlay-type":"","overlay-color":"","overlay-opacity":"","overlay-gradient":""},"tablet":{"background-color":"","background-image":"","background-repeat":"repeat","background-position":"center center","background-size":"auto","background-attachment":"scroll","background-type":"","background-media":"","overlay-type":"","overlay-color":"","overlay-opacity":"","overlay-gradient":""},"mobile":{"background-color":"","background-image":"","background-repeat":"repeat","background-position":"center center","background-size":"auto","background-attachment":"scroll","background-type":"","background-media":"","overlay-type":"","overlay-color":"","overlay-opacity":"","overlay-gradient":""}},"ast-content-background-meta":{"desktop":{"background-color":"var(--ast-global-color-4)","background-image":"","background-repeat":"repeat","background-position":"center center","background-size":"auto","background-attachment":"scroll","background-type":"","background-media":"","overlay-type":"","overlay-color":"","overlay-opacity":"","overlay-gradient":""},"tablet":{"background-color":"var(--ast-global-color-4)","background-image":"","background-repeat":"repeat","background-position":"center center","background-size":"auto","background-attachment":"scroll","background-type":"","background-media":"","overlay-type":"","overlay-color":"","overlay-opacity":"","overlay-gradient":""},"mobile":{"background-color":"var(--ast-global-color-4)","background-image":"","background-repeat":"repeat","background-position":"center center","background-size":"auto","background-attachment":"scroll","background-type":"","background-media":"","overlay-type":"","overlay-color":"","overlay-opacity":"","overlay-gradient":""}}},"product_brand":[110],"product_cat":[59],"product_tag":[],"class_list":{"0":"post-4152","1":"product","2":"type-product","3":"status-publish","4":"has-post-thumbnail","6":"product_brand-altama","7":"product_cat-calzado","8":"desktop-align-left","9":"tablet-align-left","10":"mobile-align-left","12":"first","13":"onbackorder","14":"taxable","15":"shipping-taxable","16":"product-type-simple"},"aioseo_notices":[],"taxonomy_info":{"product_brand":[{"value":110,"label":"Altama"}],"product_cat":[{"value":59,"label":"Calzado"}]},"featured_image_src_large":["https:\/\/store.tieronesupply.com\/wp-content\/uploads\/2026\/03\/Captura-de-pantalla-2026-03-17-a-las-13.16.05.png",616,576,false],"author_info":[],"comment_info":0,"spectra_custom_meta":{"_wpv_contains_gutenberg_views":["","","",""],"_sku":["333809"],"total_sales":["0"],"_tax_status":["taxable"],"_tax_class":[""],"_manage_stock":["no"],"_backorders":["no"],"_sold_individually":["no"],"_virtual":["no"],"_downloadable":["no"],"_product_image_gallery":["4111"],"_download_limit":["-1"],"_download_expiry":["-1"],"_thumbnail_id":["4153"],"_stock":[null],"_stock_status":["onbackorder"],"_wc_average_rating":["0"],"_wc_review_count":["0"],"_product_version":["10.4.3"],"_wc_gla_visibility":["sync-and-show"],"_wc_gla_notification_status":["created"],"_aioseo_keywords":["a:0:{}"],"_aioseo_og_title":[""],"_aioseo_og_description":[""],"_aioseo_og_article_section":[""],"_aioseo_og_article_tags":["a:0:{}"],"_aioseo_twitter_title":[""],"_aioseo_twitter_description":[""],"site-sidebar-layout":["default"],"ast-site-content-layout":["default"],"site-content-style":["default"],"site-sidebar-style":["default"],"theme-transparent-header-meta":["default"],"views_woo_in_stock":["onbackorder"],"astra_style_timestamp_css":["1775059721"],"_edit_lock":["1773749803:1"],"_edit_last":["1"],"_wc_gla_sync_status":["has-errors"],"astra-migrate-meta-layouts":["set"],"_wc_gla_synced_at":["1773749779"],"_wc_gla_errors":["a:2:{i:0;s:113:\"[availabilityDate] Availability date is required if you set the product's availability to backorder or pre-order.\";i:1;s:38:\"[price] This value should not be null.\";}"],"_uag_page_assets":["a:9:{s:3:\"css\";s:263:\".uag-blocks-common-selector{z-index:var(--z-index-desktop) !important}@media (max-width: 976px){.uag-blocks-common-selector{z-index:var(--z-index-tablet) !important}}@media (max-width: 767px){.uag-blocks-common-selector{z-index:var(--z-index-mobile) !important}}\n\";s:2:\"js\";s:0:\"\";s:18:\"current_block_list\";a:14:{i:0;s:11:\"core\/search\";i:1;s:10:\"core\/group\";i:2;s:12:\"core\/heading\";i:3;s:17:\"core\/latest-posts\";i:4;s:20:\"core\/latest-comments\";i:5;s:13:\"core\/archives\";i:6;s:15:\"core\/categories\";i:7;s:13:\"kadence\/image\";i:8;s:16:\"kadence\/iconlist\";i:9;s:16:\"kadence\/listitem\";i:10;s:12:\"kadence\/icon\";i:11;s:19:\"kadence\/single-icon\";i:12;s:17:\"kadence\/rowlayout\";i:13;s:14:\"kadence\/column\";}s:8:\"uag_flag\";b:0;s:11:\"uag_version\";s:10:\"1775230383\";s:6:\"gfonts\";a:0:{}s:10:\"gfonts_url\";s:0:\"\";s:12:\"gfonts_files\";a:0:{}s:14:\"uag_faq_layout\";b:0;}"],"_uag_css_file_name":["uag-css-4152.css"]},"uagb_featured_image_src":{"full":["https:\/\/store.tieronesupply.com\/wp-content\/uploads\/2026\/03\/Captura-de-pantalla-2026-03-17-a-las-13.16.05.png",616,576,false],"thumbnail":["https:\/\/store.tieronesupply.com\/wp-content\/uploads\/2026\/03\/Captura-de-pantalla-2026-03-17-a-las-13.16.05-150x150.png",150,150,true],"medium":["https:\/\/store.tieronesupply.com\/wp-content\/uploads\/2026\/03\/Captura-de-pantalla-2026-03-17-a-las-13.16.05-300x281.png",300,281,true],"medium_large":["https:\/\/store.tieronesupply.com\/wp-content\/uploads\/2026\/03\/Captura-de-pantalla-2026-03-17-a-las-13.16.05.png",616,576,false],"large":["https:\/\/store.tieronesupply.com\/wp-content\/uploads\/2026\/03\/Captura-de-pantalla-2026-03-17-a-las-13.16.05.png",616,576,false],"1536x1536":["https:\/\/store.tieronesupply.com\/wp-content\/uploads\/2026\/03\/Captura-de-pantalla-2026-03-17-a-las-13.16.05.png",616,576,false],"2048x2048":["https:\/\/store.tieronesupply.com\/wp-content\/uploads\/2026\/03\/Captura-de-pantalla-2026-03-17-a-las-13.16.05.png",616,576,false],"trp-custom-language-flag":["https:\/\/store.tieronesupply.com\/wp-content\/uploads\/2026\/03\/Captura-de-pantalla-2026-03-17-a-las-13.16.05-13x12.png",13,12,true],"woocommerce_thumbnail":["https:\/\/store.tieronesupply.com\/wp-content\/uploads\/2026\/03\/Captura-de-pantalla-2026-03-17-a-las-13.16.05-300x300.png",300,300,true],"woocommerce_single":["https:\/\/store.tieronesupply.com\/wp-content\/uploads\/2026\/03\/Captura-de-pantalla-2026-03-17-a-las-13.16.05-600x561.png",600,561,true],"woocommerce_gallery_thumbnail":["https:\/\/store.tieronesupply.com\/wp-content\/uploads\/2026\/03\/Captura-de-pantalla-2026-03-17-a-las-13.16.05-100x100.png",100,100,true],"variation_swatches_image_size":["https:\/\/store.tieronesupply.com\/wp-content\/uploads\/2026\/03\/Captura-de-pantalla-2026-03-17-a-las-13.16.05-50x50.png",50,50,true],"variation_swatches_tooltip_size":["https:\/\/store.tieronesupply.com\/wp-content\/uploads\/2026\/03\/Captura-de-pantalla-2026-03-17-a-las-13.16.05-100x100.png",100,100,true]},"uagb_author_info":{"display_name":"Tier One Supply","author_link":"https:\/\/store.tieronesupply.com\/en\/author\/"},"uagb_comment_info":0,"uagb_excerpt":"Altama Maritime Assault Mid | Jungle Tiger Stripe Bota t\u00e1ctica anfibia desarrollada para operaciones mar\u00edtimas y entornos h\u00famedos, dise\u00f1ada para [&hellip;]","_links":{"self":[{"href":"https:\/\/store.tieronesupply.com\/en\/wp-json\/wp\/v2\/product\/4152","targetHints":{"allow":["GET"]}}],"collection":[{"href":"https:\/\/store.tieronesupply.com\/en\/wp-json\/wp\/v2\/product"}],"about":[{"href":"https:\/\/store.tieronesupply.com\/en\/wp-json\/wp\/v2\/types\/product"}],"replies":[{"embeddable":true,"href":"https:\/\/store.tieronesupply.com\/en\/wp-json\/wp\/v2\/comments?post=4152"}],"wp:featuredmedia":[{"embeddable":true,"href":"https:\/\/store.tieronesupply.com\/en\/wp-json\/wp\/v2\/media\/4153"}],"wp:attachment":[{"href":"https:\/\/store.tieronesupply.com\/en\/wp-json\/wp\/v2\/media?parent=4152"}],"wp:term":[{"taxonomy":"product_brand","embeddable":true,"href":"https:\/\/store.tieronesupply.com\/en\/wp-json\/wp\/v2\/product_brand?post=4152"},{"taxonomy":"product_cat","embeddable":true,"href":"https:\/\/store.tieronesupply.com\/en\/wp-json\/wp\/v2\/product_cat?post=4152"},{"taxonomy":"product_tag","embeddable":true,"href":"https:\/\/store.tieronesupply.com\/en\/wp-json\/wp\/v2\/product_tag?post=4152"}],"curies":[{"name":"wp","href":"https:\/\/api.w.org\/{rel}","templated":true}]}}