{"id":3809,"date":"2025-12-17T11:13:32","date_gmt":"2025-12-17T11:13:32","guid":{"rendered":"https:\/\/store.tieronesupply.com\/?post_type=product&#038;p=3809"},"modified":"2026-01-08T07:53:05","modified_gmt":"2026-01-08T07:53:05","slug":"si-tech-valvula-vaciado-thetis","status":"publish","type":"product","link":"https:\/\/store.tieronesupply.com\/en\/product\/si-tech-valvula-vaciado-thetis\/","title":{"rendered":"Si Tech Valvula Vaciado Thetis"},"content":{"rendered":"<p data-start=\"0\" data-end=\"316\">La <strong data-start=\"3\" data-end=\"32\">v\u00e1lvula de vaciado Thetis<\/strong> es una v\u00e1lvula de alto rendimiento, adecuada para todas las modalidades de buceo recreativo y t\u00e9cnico. Como todas las v\u00e1lvulas de vaciado <strong data-start=\"171\" data-end=\"182\">SI TECH<\/strong>, la Thetis es extremadamente sensible a las variaciones de presi\u00f3n y proporciona al buceador un excelente control de la flotabilidad.<\/p>\n<p data-start=\"318\" data-end=\"771\" data-is-last-node=\"\" data-is-only-node=\"\">El dise\u00f1o de la tapa superior la hace ideal para su uso con <strong data-start=\"378\" data-end=\"409\">guantes de alta resistencia<\/strong>, permitiendo evacuar la cantidad adecuada de gas durante el ascenso. Todas las v\u00e1lvulas de vaciado <strong data-start=\"509\" data-end=\"520\">SI TECH<\/strong> incorporan <strong data-start=\"532\" data-end=\"557\">sistemas de seguridad<\/strong> que evitan la evacuaci\u00f3n accidental de gas en superficie. La construcci\u00f3n de la tapa con filtro hace que la v\u00e1lvula de vaciado Thetis sea compatible con <strong data-start=\"711\" data-end=\"770\">todos los trajes interiores (undergarments) m\u00e1s comunes<\/strong>.<\/p>","protected":false},"excerpt":{"rendered":"<p>La v\u00e1lvula de vaciado Thetis es una v\u00e1lvula de alto rendimiento, adecuada para todas las modalidades de buceo recreativo y [&hellip;]<\/p>","protected":false},"featured_media":3813,"comment_status":"open","ping_status":"closed","template":"","meta":{"_uag_custom_page_level_css":"","_kad_blocks_custom_css":"","_kad_blocks_head_custom_js":"","_kad_blocks_body_custom_js":"","_kad_blocks_footer_custom_js":"","site-sidebar-layout":"default","site-content-layout":"","ast-site-content-layout":"default","site-content-style":"default","site-sidebar-style":"default","ast-global-header-display":"","ast-banner-title-visibility":"","ast-main-header-display":"","ast-hfb-above-header-display":"","ast-hfb-below-header-display":"","ast-hfb-mobile-header-display":"","site-post-title":"","ast-breadcrumbs-content":"","ast-featured-img":"","footer-sml-layout":"","ast-disable-related-posts":"","theme-transparent-header-meta":"default","adv-header-id-meta":"","stick-header-meta":"","header-above-stick-meta":"","header-main-stick-meta":"","header-below-stick-meta":"","astra-migrate-meta-layouts":"set","ast-page-background-enabled":"default","ast-page-background-meta":{"desktop":{"background-color":"var(--ast-global-color-5)","background-image":"","background-repeat":"repeat","background-position":"center center","background-size":"auto","background-attachment":"scroll","background-type":"","background-media":"","overlay-type":"","overlay-color":"","overlay-opacity":"","overlay-gradient":""},"tablet":{"background-color":"","background-image":"","background-repeat":"repeat","background-position":"center center","background-size":"auto","background-attachment":"scroll","background-type":"","background-media":"","overlay-type":"","overlay-color":"","overlay-opacity":"","overlay-gradient":""},"mobile":{"background-color":"","background-image":"","background-repeat":"repeat","background-position":"center center","background-size":"auto","background-attachment":"scroll","background-type":"","background-media":"","overlay-type":"","overlay-color":"","overlay-opacity":"","overlay-gradient":""}},"ast-content-background-meta":{"desktop":{"background-color":"var(--ast-global-color-4)","background-image":"","background-repeat":"repeat","background-position":"center center","background-size":"auto","background-attachment":"scroll","background-type":"","background-media":"","overlay-type":"","overlay-color":"","overlay-opacity":"","overlay-gradient":""},"tablet":{"background-color":"var(--ast-global-color-4)","background-image":"","background-repeat":"repeat","background-position":"center center","background-size":"auto","background-attachment":"scroll","background-type":"","background-media":"","overlay-type":"","overlay-color":"","overlay-opacity":"","overlay-gradient":""},"mobile":{"background-color":"var(--ast-global-color-4)","background-image":"","background-repeat":"repeat","background-position":"center center","background-size":"auto","background-attachment":"scroll","background-type":"","background-media":"","overlay-type":"","overlay-color":"","overlay-opacity":"","overlay-gradient":""}}},"product_brand":[88],"product_cat":[28],"product_tag":[],"class_list":{"0":"post-3809","1":"product","2":"type-product","3":"status-publish","4":"has-post-thumbnail","6":"product_brand-si-tech","7":"product_cat-repuestos","8":"desktop-align-left","9":"tablet-align-left","10":"mobile-align-left","12":"first","13":"onbackorder","14":"taxable","15":"shipping-taxable","16":"purchasable","17":"product-type-simple"},"aioseo_notices":[],"taxonomy_info":{"product_brand":[{"value":88,"label":"Si-Tech"}],"product_cat":[{"value":28,"label":"Repuestos"}]},"featured_image_src_large":["https:\/\/store.tieronesupply.com\/wp-content\/uploads\/2025\/12\/ImageGen.ashx_-1.jpeg",573,382,false],"author_info":[],"comment_info":0,"spectra_custom_meta":{"_wpv_contains_gutenberg_views":["",""],"_sku":["11330"],"_regular_price":["69"],"total_sales":["0"],"_tax_status":["taxable"],"_tax_class":[""],"_manage_stock":["no"],"_backorders":["no"],"_sold_individually":["no"],"_virtual":["no"],"_downloadable":["no"],"_download_limit":["-1"],"_download_expiry":["-1"],"_stock":[null],"_stock_status":["onbackorder"],"_wc_average_rating":["0"],"_wc_review_count":["0"],"_product_version":["10.4.3"],"_price":["69"],"_wc_gla_visibility":["sync-and-show"],"_wc_gla_notification_status":["updated"],"_aioseo_keywords":["a:0:{}"],"_aioseo_og_title":[""],"_aioseo_og_description":[""],"_aioseo_og_article_section":[""],"_aioseo_og_article_tags":["a:0:{}"],"_aioseo_twitter_title":[""],"_aioseo_twitter_description":[""],"site-sidebar-layout":["default"],"ast-site-content-layout":["default"],"site-content-style":["default"],"site-sidebar-style":["default"],"theme-transparent-header-meta":["default"],"views_woo_price":["69"],"_edit_lock":["1767858785:1"],"_edit_last":["1"],"_thumbnail_id":["3813"],"_wc_gla_sync_status":["has-errors"],"_product_image_gallery":["3814,3815"],"_wc_gla_synced_at":["1765970527"],"_wc_gla_google_ids":["a:1:{s:2:\"ES\";s:21:\"online:es:ES:gla_3809\";}"],"astra-migrate-meta-layouts":["set"],"astra_style_timestamp_css":["1776475970"],"views_woo_in_stock":["onbackorder"],"_wc_gla_errors":["a:1:{i:0;s:113:\"[availabilityDate] Availability date is required if you set the product's availability to backorder or pre-order.\";}"],"_uag_css_file_name":["uag-css-3809.css"],"_uag_page_assets":["a:9:{s:3:\"css\";s:260:\".uag-blocks-common-selector{z-index:var(--z-index-desktop) !important}@media(max-width: 976px){.uag-blocks-common-selector{z-index:var(--z-index-tablet) !important}}@media(max-width: 767px){.uag-blocks-common-selector{z-index:var(--z-index-mobile) !important}}\";s:2:\"js\";s:0:\"\";s:18:\"current_block_list\";a:14:{i:0;s:11:\"core\/search\";i:1;s:10:\"core\/group\";i:2;s:12:\"core\/heading\";i:3;s:17:\"core\/latest-posts\";i:4;s:20:\"core\/latest-comments\";i:5;s:13:\"core\/archives\";i:6;s:15:\"core\/categories\";i:7;s:13:\"kadence\/image\";i:8;s:16:\"kadence\/iconlist\";i:9;s:16:\"kadence\/listitem\";i:10;s:12:\"kadence\/icon\";i:11;s:19:\"kadence\/single-icon\";i:12;s:17:\"kadence\/rowlayout\";i:13;s:14:\"kadence\/column\";}s:8:\"uag_flag\";b:0;s:11:\"uag_version\";s:10:\"1777912914\";s:6:\"gfonts\";a:0:{}s:10:\"gfonts_url\";s:0:\"\";s:12:\"gfonts_files\";a:0:{}s:14:\"uag_faq_layout\";b:0;}"],"_wc_gla_mc_status":["approved"]},"uagb_featured_image_src":{"full":["https:\/\/store.tieronesupply.com\/wp-content\/uploads\/2025\/12\/ImageGen.ashx_-1.jpeg",573,382,false],"thumbnail":["https:\/\/store.tieronesupply.com\/wp-content\/uploads\/2025\/12\/ImageGen.ashx_-1-150x150.jpeg",150,150,true],"medium":["https:\/\/store.tieronesupply.com\/wp-content\/uploads\/2025\/12\/ImageGen.ashx_-1-300x200.jpeg",300,200,true],"medium_large":["https:\/\/store.tieronesupply.com\/wp-content\/uploads\/2025\/12\/ImageGen.ashx_-1.jpeg",573,382,false],"large":["https:\/\/store.tieronesupply.com\/wp-content\/uploads\/2025\/12\/ImageGen.ashx_-1.jpeg",573,382,false],"1536x1536":["https:\/\/store.tieronesupply.com\/wp-content\/uploads\/2025\/12\/ImageGen.ashx_-1.jpeg",573,382,false],"2048x2048":["https:\/\/store.tieronesupply.com\/wp-content\/uploads\/2025\/12\/ImageGen.ashx_-1.jpeg",573,382,false],"trp-custom-language-flag":["https:\/\/store.tieronesupply.com\/wp-content\/uploads\/2025\/12\/ImageGen.ashx_-1-18x12.jpeg",18,12,true],"woocommerce_thumbnail":["https:\/\/store.tieronesupply.com\/wp-content\/uploads\/2025\/12\/ImageGen.ashx_-1-300x300.jpeg",300,300,true],"woocommerce_single":["https:\/\/store.tieronesupply.com\/wp-content\/uploads\/2025\/12\/ImageGen.ashx_-1.jpeg",573,382,false],"woocommerce_gallery_thumbnail":["https:\/\/store.tieronesupply.com\/wp-content\/uploads\/2025\/12\/ImageGen.ashx_-1-100x100.jpeg",100,100,true],"variation_swatches_image_size":["https:\/\/store.tieronesupply.com\/wp-content\/uploads\/2025\/12\/ImageGen.ashx_-1-50x50.jpeg",50,50,true],"variation_swatches_tooltip_size":["https:\/\/store.tieronesupply.com\/wp-content\/uploads\/2025\/12\/ImageGen.ashx_-1-100x100.jpeg",100,100,true]},"uagb_author_info":{"display_name":"Tier One Supply","author_link":"https:\/\/store.tieronesupply.com\/en\/author\/"},"uagb_comment_info":0,"uagb_excerpt":"La v\u00e1lvula de vaciado Thetis es una v\u00e1lvula de alto rendimiento, adecuada para todas las modalidades de buceo recreativo y [&hellip;]","_links":{"self":[{"href":"https:\/\/store.tieronesupply.com\/en\/wp-json\/wp\/v2\/product\/3809","targetHints":{"allow":["GET"]}}],"collection":[{"href":"https:\/\/store.tieronesupply.com\/en\/wp-json\/wp\/v2\/product"}],"about":[{"href":"https:\/\/store.tieronesupply.com\/en\/wp-json\/wp\/v2\/types\/product"}],"replies":[{"embeddable":true,"href":"https:\/\/store.tieronesupply.com\/en\/wp-json\/wp\/v2\/comments?post=3809"}],"wp:featuredmedia":[{"embeddable":true,"href":"https:\/\/store.tieronesupply.com\/en\/wp-json\/wp\/v2\/media\/3813"}],"wp:attachment":[{"href":"https:\/\/store.tieronesupply.com\/en\/wp-json\/wp\/v2\/media?parent=3809"}],"wp:term":[{"taxonomy":"product_brand","embeddable":true,"href":"https:\/\/store.tieronesupply.com\/en\/wp-json\/wp\/v2\/product_brand?post=3809"},{"taxonomy":"product_cat","embeddable":true,"href":"https:\/\/store.tieronesupply.com\/en\/wp-json\/wp\/v2\/product_cat?post=3809"},{"taxonomy":"product_tag","embeddable":true,"href":"https:\/\/store.tieronesupply.com\/en\/wp-json\/wp\/v2\/product_tag?post=3809"}],"curies":[{"name":"wp","href":"https:\/\/api.w.org\/{rel}","templated":true}]}}