{"id":3783,"date":"2025-12-15T08:27:17","date_gmt":"2025-12-15T08:27:17","guid":{"rendered":"https:\/\/store.tieronesupply.com\/?post_type=product&#038;p=3783"},"modified":"2026-01-14T10:44:54","modified_gmt":"2026-01-14T10:44:54","slug":"guantes-mog-target-light-duty-8111-coyote-wolf-grey","status":"publish","type":"product","link":"https:\/\/store.tieronesupply.com\/en\/product\/guantes-mog-target-light-duty-8111-coyote-wolf-grey\/","title":{"rendered":"Guantes MoG Target Light Duty 8111 Coyote Wolf Grey"},"content":{"rendered":"<p data-start=\"165\" data-end=\"349\">Este guante de tiro ha sido desarrollado en colaboraci\u00f3n con miembros de <strong data-start=\"238\" data-end=\"260\">Fuerzas Especiales<\/strong>, tras un uso intensivo en entrenamientos prolongados y en distintos entornos operativos.<\/p>\n<p data-start=\"351\" data-end=\"730\">Cuenta con <strong data-start=\"362\" data-end=\"398\">refuerzos en la zona del gatillo<\/strong> que aumentan la durabilidad y mejoran la comodidad sin perder sensibilidad. Su <strong data-start=\"478\" data-end=\"501\">construcci\u00f3n C-Grip<\/strong> protege el dedo \u00edndice frente al calor generado durante la manipulaci\u00f3n del arma y aporta una mayor resistencia al desgaste. Adem\u00e1s, incorpora <strong data-start=\"645\" data-end=\"682\">dos zonas de flexi\u00f3n en el \u00edndice<\/strong> que garantizan una movilidad natural y precisa.<\/p>\n<p data-start=\"732\" data-end=\"1060\">El <strong data-start=\"735\" data-end=\"765\">ajuste ce\u00f1ido en los dedos<\/strong>, con costuras sobre las yemas, ofrece una <strong data-start=\"808\" data-end=\"836\">sensibilidad excepcional<\/strong>, permitiendo un control preciso del arma, as\u00ed como el uso c\u00f3modo de radios y equipos delicados. Dispone de <strong data-start=\"944\" data-end=\"990\">zonas conductivas en el pulgar y el \u00edndice<\/strong>, lo que permite utilizar pantallas t\u00e1ctiles sin quitarse los guantes.<\/p>\n<p data-start=\"1062\" data-end=\"1394\">El <strong data-start=\"1065\" data-end=\"1100\">pulgar dise\u00f1ado para la recarga<\/strong> facilita cambios de cargador r\u00e1pidos y eficientes. El dorso est\u00e1 fabricado con un <strong data-start=\"1183\" data-end=\"1235\">tejido el\u00e1stico, transpirable y de secado r\u00e1pido<\/strong>, mientras que el <strong data-start=\"1253\" data-end=\"1269\">pu\u00f1o abierto<\/strong> permite colocarlo de forma r\u00e1pida y silenciosa, ajust\u00e1ndose perfectamente a la mu\u00f1eca para una total libertad de movimiento.<\/p>\n<p data-start=\"1396\" data-end=\"1765\">La <strong data-start=\"1399\" data-end=\"1419\">palma de la mano<\/strong>, confeccionada en <strong data-start=\"1438\" data-end=\"1470\">DexSuede sint\u00e9tico de 0,6 mm<\/strong>, combina gran resistencia con una alta sensibilidad al tacto. El <strong data-start=\"1536\" data-end=\"1559\">acabado de silicona<\/strong> proporciona un agarre seguro sobre armas, cuerdas y otros materiales, incluso en condiciones de humedad. Un <strong data-start=\"1668\" data-end=\"1703\">refuerzo en la base de la palma<\/strong> mejora la resistencia a la fricci\u00f3n durante el uso intensivo.<\/p>\n<p data-start=\"1767\" data-end=\"1895\">Incluye un <strong data-start=\"1778\" data-end=\"1804\">tirador y bucle de TPR<\/strong>, que facilitan su colocaci\u00f3n y permiten engancharlo f\u00e1cilmente a cinturones o mosquetones.<\/p>","protected":false},"excerpt":{"rendered":"<p>Este guante de tiro ha sido desarrollado en colaboraci\u00f3n con miembros de Fuerzas Especiales, tras un uso intensivo en entrenamientos [&hellip;]<\/p>","protected":false},"featured_media":3791,"comment_status":"open","ping_status":"closed","template":"","meta":{"_uag_custom_page_level_css":"","_kad_blocks_custom_css":"","_kad_blocks_head_custom_js":"","_kad_blocks_body_custom_js":"","_kad_blocks_footer_custom_js":"","site-sidebar-layout":"default","site-content-layout":"","ast-site-content-layout":"default","site-content-style":"default","site-sidebar-style":"default","ast-global-header-display":"","ast-banner-title-visibility":"","ast-main-header-display":"","ast-hfb-above-header-display":"","ast-hfb-below-header-display":"","ast-hfb-mobile-header-display":"","site-post-title":"","ast-breadcrumbs-content":"","ast-featured-img":"","footer-sml-layout":"","ast-disable-related-posts":"","theme-transparent-header-meta":"default","adv-header-id-meta":"","stick-header-meta":"","header-above-stick-meta":"","header-main-stick-meta":"","header-below-stick-meta":"","astra-migrate-meta-layouts":"set","ast-page-background-enabled":"default","ast-page-background-meta":{"desktop":{"background-color":"var(--ast-global-color-5)","background-image":"","background-repeat":"repeat","background-position":"center center","background-size":"auto","background-attachment":"scroll","background-type":"","background-media":"","overlay-type":"","overlay-color":"","overlay-opacity":"","overlay-gradient":""},"tablet":{"background-color":"","background-image":"","background-repeat":"repeat","background-position":"center center","background-size":"auto","background-attachment":"scroll","background-type":"","background-media":"","overlay-type":"","overlay-color":"","overlay-opacity":"","overlay-gradient":""},"mobile":{"background-color":"","background-image":"","background-repeat":"repeat","background-position":"center center","background-size":"auto","background-attachment":"scroll","background-type":"","background-media":"","overlay-type":"","overlay-color":"","overlay-opacity":"","overlay-gradient":""}},"ast-content-background-meta":{"desktop":{"background-color":"var(--ast-global-color-4)","background-image":"","background-repeat":"repeat","background-position":"center center","background-size":"auto","background-attachment":"scroll","background-type":"","background-media":"","overlay-type":"","overlay-color":"","overlay-opacity":"","overlay-gradient":""},"tablet":{"background-color":"var(--ast-global-color-4)","background-image":"","background-repeat":"repeat","background-position":"center center","background-size":"auto","background-attachment":"scroll","background-type":"","background-media":"","overlay-type":"","overlay-color":"","overlay-opacity":"","overlay-gradient":""},"mobile":{"background-color":"var(--ast-global-color-4)","background-image":"","background-repeat":"repeat","background-position":"center center","background-size":"auto","background-attachment":"scroll","background-type":"","background-media":"","overlay-type":"","overlay-color":"","overlay-opacity":"","overlay-gradient":""}}},"product_brand":[22],"product_cat":[67],"product_tag":[],"class_list":{"0":"post-3783","1":"product","2":"type-product","3":"status-publish","4":"has-post-thumbnail","6":"product_brand-mog","7":"product_cat-guantes-tactico","8":"desktop-align-left","9":"tablet-align-left","10":"mobile-align-left","12":"first","13":"onbackorder","14":"taxable","15":"shipping-taxable","16":"purchasable","17":"product-type-variable"},"aioseo_notices":[],"taxonomy_info":{"product_brand":[{"value":22,"label":"MoG"}],"product_cat":[{"value":67,"label":"Guantes"}]},"featured_image_src_large":["https:\/\/store.tieronesupply.com\/wp-content\/uploads\/2025\/12\/mog-target-light-duty-wolf-grey-BOH-scaled-1-1024x1024.jpg",1024,1024,true],"author_info":[],"comment_info":0,"spectra_custom_meta":{"_wpv_contains_gutenberg_views":["","","",""],"total_sales":["0"],"_tax_status":["taxable"],"_tax_class":[""],"_manage_stock":["no"],"_backorders":["no"],"_sold_individually":["no"],"_virtual":["no"],"_downloadable":["no"],"_product_image_gallery":["3792,3772"],"_download_limit":["-1"],"_download_expiry":["-1"],"_thumbnail_id":["3791"],"_stock":[null],"_stock_status":["onbackorder"],"_wc_average_rating":["0"],"_wc_review_count":["0"],"_product_attributes":["a:1:{s:5:\"talla\";a:6:{s:4:\"name\";s:5:\"Talla\";s:5:\"value\";s:31:\"XS | S | M | L | XL | 2XL | 3XL\";s:8:\"position\";i:0;s:10:\"is_visible\";i:1;s:12:\"is_variation\";i:1;s:11:\"is_taxonomy\";i:0;}}"],"_product_version":["10.4.3"],"_wc_gla_visibility":["sync-and-show"],"_wc_gla_notification_status":["updated"],"_aioseo_keywords":["a:0:{}"],"_aioseo_og_title":[""],"_aioseo_og_description":[""],"_aioseo_og_article_section":[""],"_aioseo_og_article_tags":["a:0:{}"],"_aioseo_twitter_title":[""],"_aioseo_twitter_description":[""],"site-sidebar-layout":["default"],"ast-site-content-layout":["default"],"site-content-style":["default"],"site-sidebar-style":["default"],"theme-transparent-header-meta":["default"],"views_woo_price":["38,70"],"views_woo_in_stock":["0"],"astra_style_timestamp_css":["1776438326"],"_edit_lock":["1768387359:1"],"_edit_last":["1"],"_wc_gla_sync_status":["has-errors"],"_wc_gla_synced_at":["1765787351"],"_wc_gla_google_ids":["a:1:{s:2:\"ES\";s:21:\"online:es:ES:gla_3790\";}"],"_wc_gla_errors":["a:7:{i:3784;a:1:{i:0;s:113:\"[availabilityDate] Availability date is required if you set the product's availability to backorder or pre-order.\";}i:3785;a:1:{i:0;s:113:\"[availabilityDate] Availability date is required if you set the product's availability to backorder or pre-order.\";}i:3786;a:1:{i:0;s:113:\"[availabilityDate] Availability date is required if you set the product's availability to backorder or pre-order.\";}i:3787;a:1:{i:0;s:113:\"[availabilityDate] Availability date is required if you set the product's availability to backorder or pre-order.\";}i:3788;a:1:{i:0;s:113:\"[availabilityDate] Availability date is required if you set the product's availability to backorder or pre-order.\";}i:3789;a:1:{i:0;s:113:\"[availabilityDate] Availability date is required if you set the product's availability to backorder or pre-order.\";}i:3790;a:1:{i:0;s:113:\"[availabilityDate] Availability date is required if you set the product's availability to backorder or pre-order.\";}}"],"_price":["38.70"],"astra-migrate-meta-layouts":["set"],"_uag_css_file_name":["uag-css-3783.css"],"_uag_page_assets":["a:9:{s:3:\"css\";s:260:\".uag-blocks-common-selector{z-index:var(--z-index-desktop) !important}@media(max-width: 976px){.uag-blocks-common-selector{z-index:var(--z-index-tablet) !important}}@media(max-width: 767px){.uag-blocks-common-selector{z-index:var(--z-index-mobile) !important}}\";s:2:\"js\";s:0:\"\";s:18:\"current_block_list\";a:14:{i:0;s:11:\"core\/search\";i:1;s:10:\"core\/group\";i:2;s:12:\"core\/heading\";i:3;s:17:\"core\/latest-posts\";i:4;s:20:\"core\/latest-comments\";i:5;s:13:\"core\/archives\";i:6;s:15:\"core\/categories\";i:7;s:13:\"kadence\/image\";i:8;s:16:\"kadence\/iconlist\";i:9;s:16:\"kadence\/listitem\";i:10;s:12:\"kadence\/icon\";i:11;s:19:\"kadence\/single-icon\";i:12;s:17:\"kadence\/rowlayout\";i:13;s:14:\"kadence\/column\";}s:8:\"uag_flag\";b:0;s:11:\"uag_version\";s:10:\"1776904083\";s:6:\"gfonts\";a:0:{}s:10:\"gfonts_url\";s:0:\"\";s:12:\"gfonts_files\";a:0:{}s:14:\"uag_faq_layout\";b:0;}"],"_wc_gla_mc_status":["approved"]},"uagb_featured_image_src":{"full":["https:\/\/store.tieronesupply.com\/wp-content\/uploads\/2025\/12\/mog-target-light-duty-wolf-grey-BOH-scaled-1.jpg",2560,2560,false],"thumbnail":["https:\/\/store.tieronesupply.com\/wp-content\/uploads\/2025\/12\/mog-target-light-duty-wolf-grey-BOH-scaled-1-150x150.jpg",150,150,true],"medium":["https:\/\/store.tieronesupply.com\/wp-content\/uploads\/2025\/12\/mog-target-light-duty-wolf-grey-BOH-scaled-1-300x300.jpg",300,300,true],"medium_large":["https:\/\/store.tieronesupply.com\/wp-content\/uploads\/2025\/12\/mog-target-light-duty-wolf-grey-BOH-scaled-1-768x768.jpg",768,768,true],"large":["https:\/\/store.tieronesupply.com\/wp-content\/uploads\/2025\/12\/mog-target-light-duty-wolf-grey-BOH-scaled-1-1024x1024.jpg",1024,1024,true],"1536x1536":["https:\/\/store.tieronesupply.com\/wp-content\/uploads\/2025\/12\/mog-target-light-duty-wolf-grey-BOH-scaled-1-1536x1536.jpg",1536,1536,true],"2048x2048":["https:\/\/store.tieronesupply.com\/wp-content\/uploads\/2025\/12\/mog-target-light-duty-wolf-grey-BOH-scaled-1-2048x2048.jpg",2048,2048,true],"trp-custom-language-flag":["https:\/\/store.tieronesupply.com\/wp-content\/uploads\/2025\/12\/mog-target-light-duty-wolf-grey-BOH-scaled-1-12x12.jpg",12,12,true],"woocommerce_thumbnail":["https:\/\/store.tieronesupply.com\/wp-content\/uploads\/2025\/12\/mog-target-light-duty-wolf-grey-BOH-scaled-1-300x300.jpg",300,300,true],"woocommerce_single":["https:\/\/store.tieronesupply.com\/wp-content\/uploads\/2025\/12\/mog-target-light-duty-wolf-grey-BOH-scaled-1-600x600.jpg",600,600,true],"woocommerce_gallery_thumbnail":["https:\/\/store.tieronesupply.com\/wp-content\/uploads\/2025\/12\/mog-target-light-duty-wolf-grey-BOH-scaled-1-100x100.jpg",100,100,true],"variation_swatches_image_size":["https:\/\/store.tieronesupply.com\/wp-content\/uploads\/2025\/12\/mog-target-light-duty-wolf-grey-BOH-scaled-1-50x50.jpg",50,50,true],"variation_swatches_tooltip_size":["https:\/\/store.tieronesupply.com\/wp-content\/uploads\/2025\/12\/mog-target-light-duty-wolf-grey-BOH-scaled-1-100x100.jpg",100,100,true]},"uagb_author_info":{"display_name":"Tier One Supply","author_link":"https:\/\/store.tieronesupply.com\/en\/author\/"},"uagb_comment_info":0,"uagb_excerpt":"Este guante de tiro ha sido desarrollado en colaboraci\u00f3n con miembros de Fuerzas Especiales, tras un uso intensivo en entrenamientos [&hellip;]","_links":{"self":[{"href":"https:\/\/store.tieronesupply.com\/en\/wp-json\/wp\/v2\/product\/3783","targetHints":{"allow":["GET"]}}],"collection":[{"href":"https:\/\/store.tieronesupply.com\/en\/wp-json\/wp\/v2\/product"}],"about":[{"href":"https:\/\/store.tieronesupply.com\/en\/wp-json\/wp\/v2\/types\/product"}],"replies":[{"embeddable":true,"href":"https:\/\/store.tieronesupply.com\/en\/wp-json\/wp\/v2\/comments?post=3783"}],"wp:featuredmedia":[{"embeddable":true,"href":"https:\/\/store.tieronesupply.com\/en\/wp-json\/wp\/v2\/media\/3791"}],"wp:attachment":[{"href":"https:\/\/store.tieronesupply.com\/en\/wp-json\/wp\/v2\/media?parent=3783"}],"wp:term":[{"taxonomy":"product_brand","embeddable":true,"href":"https:\/\/store.tieronesupply.com\/en\/wp-json\/wp\/v2\/product_brand?post=3783"},{"taxonomy":"product_cat","embeddable":true,"href":"https:\/\/store.tieronesupply.com\/en\/wp-json\/wp\/v2\/product_cat?post=3783"},{"taxonomy":"product_tag","embeddable":true,"href":"https:\/\/store.tieronesupply.com\/en\/wp-json\/wp\/v2\/product_tag?post=3783"}],"curies":[{"name":"wp","href":"https:\/\/api.w.org\/{rel}","templated":true}]}}