{"id":3392,"date":"2025-11-27T10:04:47","date_gmt":"2025-11-27T10:04:47","guid":{"rendered":"https:\/\/store.tieronesupply.com\/?post_type=product&#038;p=3392"},"modified":"2026-01-08T08:00:05","modified_gmt":"2026-01-08T08:00:05","slug":"divertug-tek-24-scooter-dpv","status":"publish","type":"product","link":"https:\/\/store.tieronesupply.com\/en\/product\/divertug-tek-24-scooter-dpv\/","title":{"rendered":"Divertug &#8211; Tek 24. Scooter \/ DPV"},"content":{"rendered":"<h5 data-start=\"1244\" data-end=\"1274\">Caracter\u00edsticas T\u00e9cnicas<\/h5>\n<ul data-start=\"1276\" data-end=\"1852\">\n<li data-start=\"1276\" data-end=\"1297\">\n<p data-start=\"1278\" data-end=\"1297\"><strong data-start=\"1278\" data-end=\"1288\">Largo:<\/strong> 495\u202fmm<\/p>\n<\/li>\n<li data-start=\"1298\" data-end=\"1318\">\n<p data-start=\"1300\" data-end=\"1318\"><strong data-start=\"1300\" data-end=\"1309\">Alto:<\/strong> 400\u202fmm<\/p>\n<\/li>\n<li data-start=\"1319\" data-end=\"1340\">\n<p data-start=\"1321\" data-end=\"1340\"><strong data-start=\"1321\" data-end=\"1331\">Ancho:<\/strong> 310\u202fmm<\/p>\n<\/li>\n<li data-start=\"1341\" data-end=\"1380\">\n<p data-start=\"1343\" data-end=\"1380\"><strong data-start=\"1343\" data-end=\"1371\">Di\u00e1metro de la boquilla:<\/strong> 310\u202fmm<\/p>\n<\/li>\n<li data-start=\"1381\" data-end=\"1416\">\n<p data-start=\"1383\" data-end=\"1416\"><strong data-start=\"1383\" data-end=\"1407\">Di\u00e1metro del cuerpo:<\/strong> 214\u202fmm<\/p>\n<\/li>\n<li data-start=\"1417\" data-end=\"1438\">\n<p data-start=\"1419\" data-end=\"1438\"><strong data-start=\"1419\" data-end=\"1428\">Peso:<\/strong> 12,7\u202fkg<\/p>\n<\/li>\n<li data-start=\"1439\" data-end=\"1481\">\n<p data-start=\"1441\" data-end=\"1481\"><strong data-start=\"1441\" data-end=\"1472\">Flotabilidad en agua dulce:<\/strong> Neutra<\/p>\n<\/li>\n<li data-start=\"1482\" data-end=\"1512\">\n<p data-start=\"1484\" data-end=\"1512\"><strong data-start=\"1484\" data-end=\"1504\">Tipo de bater\u00eda:<\/strong> Litio<\/p>\n<\/li>\n<li data-start=\"1513\" data-end=\"1546\">\n<p data-start=\"1515\" data-end=\"1546\"><strong data-start=\"1515\" data-end=\"1537\">Capacidad bater\u00eda:<\/strong> 528\u202fWh<\/p>\n<\/li>\n<li data-start=\"1547\" data-end=\"1579\">\n<p data-start=\"1549\" data-end=\"1579\"><strong data-start=\"1549\" data-end=\"1569\">Tiempo de carga:<\/strong> 7\u202fhoras<\/p>\n<\/li>\n<li data-start=\"1580\" data-end=\"1630\">\n<p data-start=\"1582\" data-end=\"1630\"><strong data-start=\"1582\" data-end=\"1620\">Duraci\u00f3n bater\u00eda m\u00e1xima velocidad:<\/strong> 120\u202fmin<\/p>\n<\/li>\n<li data-start=\"1631\" data-end=\"1682\">\n<p data-start=\"1633\" data-end=\"1682\"><strong data-start=\"1633\" data-end=\"1672\">Duraci\u00f3n bater\u00eda velocidad crucero:<\/strong> 205\u202fmin<\/p>\n<\/li>\n<li data-start=\"1683\" data-end=\"1712\">\n<p data-start=\"1685\" data-end=\"1712\"><strong data-start=\"1685\" data-end=\"1705\">Voltaje bater\u00eda:<\/strong> 24\u202fV<\/p>\n<\/li>\n<li data-start=\"1713\" data-end=\"1746\">\n<p data-start=\"1715\" data-end=\"1746\"><strong data-start=\"1715\" data-end=\"1738\">M\u00e1xima profundidad:<\/strong> 130\u202fm<\/p>\n<\/li>\n<li data-start=\"1747\" data-end=\"1768\">\n<p data-start=\"1749\" data-end=\"1768\"><strong data-start=\"1749\" data-end=\"1760\">Empuje:<\/strong> 20\u202fkg<\/p>\n<\/li>\n<li data-start=\"1769\" data-end=\"1811\">\n<p data-start=\"1771\" data-end=\"1811\"><strong data-start=\"1771\" data-end=\"1795\">Control aceleraci\u00f3n:<\/strong> 2 velocidades<\/p>\n<\/li>\n<li data-start=\"1812\" data-end=\"1852\">\n<p data-start=\"1814\" data-end=\"1852\"><strong data-start=\"1814\" data-end=\"1832\">Carga bater\u00eda:<\/strong> interna y externa<\/p>\n<\/li>\n<\/ul>","protected":false},"excerpt":{"rendered":"<h2 data-start=\"83\" data-end=\"135\"><\/h2>\n<p data-start=\"137\" data-end=\"421\">El TEK24 es un scooter ligero y manejable, pensado para buceo t\u00e9cnico, cuevas o pecios. Su tama\u00f1o compacto y su bajo peso lo hacen f\u00e1cil de transportar y usar, sin renunciar a empuje, autonom\u00eda ni velocidad. Ideal para quienes buscan un scooter pr\u00e1ctico con prestaciones confiables.<\/p>\n<h4 data-start=\"423\" data-end=\"447\">Lo mejor del TEK24<\/h4>\n<ul data-start=\"448\" data-end=\"1237\">\n<li data-start=\"448\" data-end=\"515\">\n<p data-start=\"450\" data-end=\"515\"><strong data-start=\"450\" data-end=\"472\">Ligero y compacto:<\/strong> 12,7\u202fkg \u2014 f\u00e1cil de llevar y transportar.<\/p>\n<\/li>\n<li data-start=\"516\" data-end=\"620\">\n<p data-start=\"518\" data-end=\"620\"><strong data-start=\"518\" data-end=\"542\">Velocidad destacada:<\/strong> hasta 65\u202fmetros\/minuto, perfecto para desplazamientos r\u00e1pidos bajo el agua.<\/p>\n<\/li>\n<li data-start=\"621\" data-end=\"691\">\n<p data-start=\"623\" data-end=\"691\"><strong data-start=\"623\" data-end=\"641\">2 velocidades:<\/strong> ajusta potencia y autonom\u00eda seg\u00fan tu inmersi\u00f3n.<\/p>\n<\/li>\n<li data-start=\"692\" data-end=\"792\">\n<p data-start=\"694\" data-end=\"792\"><strong data-start=\"694\" data-end=\"719\">Autonom\u00eda prolongada:<\/strong> hasta 205 minutos en velocidad crucero con bater\u00eda de litio de 528\u202fWh.<\/p>\n<\/li>\n<li data-start=\"793\" data-end=\"898\">\n<p data-start=\"795\" data-end=\"898\"><strong data-start=\"795\" data-end=\"835\">Bater\u00eda spill-proof &amp; carga externa:<\/strong> resistente a salpicaduras y recargable sin abrir el scooter.<\/p>\n<\/li>\n<li data-start=\"899\" data-end=\"975\">\n<p data-start=\"901\" data-end=\"975\"><strong data-start=\"901\" data-end=\"937\">H\u00e9lice desmontable bajo el agua:<\/strong> mantenimiento y limpieza sencillos.<\/p>\n<\/li>\n<li data-start=\"976\" data-end=\"1049\">\n<p data-start=\"978\" data-end=\"1049\"><strong data-start=\"978\" data-end=\"997\">Mando plegable:<\/strong> ocupa menos espacio para almacenaje o transporte.<\/p>\n<\/li>\n<li data-start=\"1050\" data-end=\"1131\">\n<p data-start=\"1052\" data-end=\"1131\"><strong data-start=\"1052\" data-end=\"1079\">Accesorios compatibles:<\/strong> soportes para focos, c\u00e1mara, br\u00fajula u ordenador.<\/p>\n<\/li>\n<li data-start=\"1132\" data-end=\"1237\">\n<p data-start=\"1134\" data-end=\"1237\"><strong data-start=\"1134\" data-end=\"1182\">Empuje suficiente para inmersiones t\u00e9cnicas:<\/strong> 20\u202fkg de empuje y profundidad m\u00e1xima de hasta 130\u202fm.<\/p>\n<\/li>\n<\/ul>","protected":false},"featured_media":3395,"comment_status":"open","ping_status":"closed","template":"","meta":{"_uag_custom_page_level_css":"","_kad_blocks_custom_css":"","_kad_blocks_head_custom_js":"","_kad_blocks_body_custom_js":"","_kad_blocks_footer_custom_js":"","site-sidebar-layout":"default","site-content-layout":"","ast-site-content-layout":"default","site-content-style":"default","site-sidebar-style":"default","ast-global-header-display":"","ast-banner-title-visibility":"","ast-main-header-display":"","ast-hfb-above-header-display":"","ast-hfb-below-header-display":"","ast-hfb-mobile-header-display":"","site-post-title":"","ast-breadcrumbs-content":"","ast-featured-img":"","footer-sml-layout":"","ast-disable-related-posts":"","theme-transparent-header-meta":"default","adv-header-id-meta":"","stick-header-meta":"","header-above-stick-meta":"","header-main-stick-meta":"","header-below-stick-meta":"","astra-migrate-meta-layouts":"set","ast-page-background-enabled":"default","ast-page-background-meta":{"desktop":{"background-color":"var(--ast-global-color-5)","background-image":"","background-repeat":"repeat","background-position":"center center","background-size":"auto","background-attachment":"scroll","background-type":"","background-media":"","overlay-type":"","overlay-color":"","overlay-opacity":"","overlay-gradient":""},"tablet":{"background-color":"","background-image":"","background-repeat":"repeat","background-position":"center center","background-size":"auto","background-attachment":"scroll","background-type":"","background-media":"","overlay-type":"","overlay-color":"","overlay-opacity":"","overlay-gradient":""},"mobile":{"background-color":"","background-image":"","background-repeat":"repeat","background-position":"center center","background-size":"auto","background-attachment":"scroll","background-type":"","background-media":"","overlay-type":"","overlay-color":"","overlay-opacity":"","overlay-gradient":""}},"ast-content-background-meta":{"desktop":{"background-color":"var(--ast-global-color-4)","background-image":"","background-repeat":"repeat","background-position":"center center","background-size":"auto","background-attachment":"scroll","background-type":"","background-media":"","overlay-type":"","overlay-color":"","overlay-opacity":"","overlay-gradient":""},"tablet":{"background-color":"var(--ast-global-color-4)","background-image":"","background-repeat":"repeat","background-position":"center center","background-size":"auto","background-attachment":"scroll","background-type":"","background-media":"","overlay-type":"","overlay-color":"","overlay-opacity":"","overlay-gradient":""},"mobile":{"background-color":"var(--ast-global-color-4)","background-image":"","background-repeat":"repeat","background-position":"center center","background-size":"auto","background-attachment":"scroll","background-type":"","background-media":"","overlay-type":"","overlay-color":"","overlay-opacity":"","overlay-gradient":""}}},"product_brand":[95],"product_cat":[24,96],"product_tag":[],"class_list":{"0":"post-3392","1":"product","2":"type-product","3":"status-publish","4":"has-post-thumbnail","6":"product_brand-divertug","7":"product_cat-buceo-recreativo-y-tecnico","8":"product_cat-dpv-scooter","9":"desktop-align-left","10":"tablet-align-left","11":"mobile-align-left","13":"first","14":"onbackorder","15":"taxable","16":"shipping-taxable","17":"purchasable","18":"product-type-simple"},"aioseo_notices":[],"taxonomy_info":{"product_brand":[{"value":95,"label":"Divertug"}],"product_cat":[{"value":24,"label":"Buceo"},{"value":96,"label":"DPV Scooter"}]},"featured_image_src_large":["https:\/\/store.tieronesupply.com\/wp-content\/uploads\/2025\/11\/DivertugTek24-1024x1024.png",1024,1024,true],"author_info":[],"comment_info":0,"spectra_custom_meta":{"_wpv_contains_gutenberg_views":["","",""],"_regular_price":["2877"],"total_sales":["0"],"_tax_status":["taxable"],"_tax_class":[""],"_manage_stock":["no"],"_backorders":["no"],"_sold_individually":["no"],"_virtual":["no"],"_downloadable":["no"],"_product_image_gallery":["3394,3385,3393"],"_download_limit":["-1"],"_download_expiry":["-1"],"_thumbnail_id":["3395"],"_stock":[null],"_stock_status":["onbackorder"],"_wc_average_rating":["0"],"_wc_review_count":["0"],"_product_version":["10.4.3"],"_price":["2877"],"_aioseo_keywords":["a:0:{}"],"_aioseo_og_title":[""],"_aioseo_og_description":[""],"_aioseo_og_article_section":[""],"_aioseo_og_article_tags":["a:0:{}"],"_aioseo_twitter_title":[""],"_aioseo_twitter_description":[""],"site-sidebar-layout":["default"],"ast-site-content-layout":["default"],"site-content-style":["default"],"site-sidebar-style":["default"],"theme-transparent-header-meta":["default"],"views_woo_price":["2877"],"_wc_gla_synced_at":["1766545203"],"_wc_gla_sync_status":["has-errors"],"_wc_gla_visibility":["sync-and-show"],"_wc_gla_google_ids":["a:1:{s:2:\"ES\";s:21:\"online:es:ES:gla_3392\";}"],"astra_style_timestamp_css":["1776526967"],"_wc_gla_notification_status":["updated"],"views_woo_on_sale":["1"],"_edit_lock":["1767859205:1"],"_edit_last":["1"],"astra-migrate-meta-layouts":["set"],"views_woo_in_stock":["onbackorder"],"_wc_gla_errors":["a:1:{i:0;s:113:\"[availabilityDate] Availability date is required if you set the product's availability to backorder or pre-order.\";}"],"_uag_css_file_name":["uag-css-3392.css"],"_uag_page_assets":["a:9:{s:3:\"css\";s:260:\".uag-blocks-common-selector{z-index:var(--z-index-desktop) !important}@media(max-width: 976px){.uag-blocks-common-selector{z-index:var(--z-index-tablet) !important}}@media(max-width: 767px){.uag-blocks-common-selector{z-index:var(--z-index-mobile) !important}}\";s:2:\"js\";s:0:\"\";s:18:\"current_block_list\";a:14:{i:0;s:11:\"core\/search\";i:1;s:10:\"core\/group\";i:2;s:12:\"core\/heading\";i:3;s:17:\"core\/latest-posts\";i:4;s:20:\"core\/latest-comments\";i:5;s:13:\"core\/archives\";i:6;s:15:\"core\/categories\";i:7;s:13:\"kadence\/image\";i:8;s:16:\"kadence\/iconlist\";i:9;s:16:\"kadence\/listitem\";i:10;s:12:\"kadence\/icon\";i:11;s:19:\"kadence\/single-icon\";i:12;s:17:\"kadence\/rowlayout\";i:13;s:14:\"kadence\/column\";}s:8:\"uag_flag\";b:0;s:11:\"uag_version\";s:10:\"1776904083\";s:6:\"gfonts\";a:0:{}s:10:\"gfonts_url\";s:0:\"\";s:12:\"gfonts_files\";a:0:{}s:14:\"uag_faq_layout\";b:0;}"],"_wc_gla_mc_status":["approved"]},"uagb_featured_image_src":{"full":["https:\/\/store.tieronesupply.com\/wp-content\/uploads\/2025\/11\/DivertugTek24-scaled.png",2560,2560,false],"thumbnail":["https:\/\/store.tieronesupply.com\/wp-content\/uploads\/2025\/11\/DivertugTek24-150x150.png",150,150,true],"medium":["https:\/\/store.tieronesupply.com\/wp-content\/uploads\/2025\/11\/DivertugTek24-300x300.png",300,300,true],"medium_large":["https:\/\/store.tieronesupply.com\/wp-content\/uploads\/2025\/11\/DivertugTek24-768x768.png",768,768,true],"large":["https:\/\/store.tieronesupply.com\/wp-content\/uploads\/2025\/11\/DivertugTek24-1024x1024.png",1024,1024,true],"1536x1536":["https:\/\/store.tieronesupply.com\/wp-content\/uploads\/2025\/11\/DivertugTek24-1536x1536.png",1536,1536,true],"2048x2048":["https:\/\/store.tieronesupply.com\/wp-content\/uploads\/2025\/11\/DivertugTek24-2048x2048.png",2048,2048,true],"trp-custom-language-flag":["https:\/\/store.tieronesupply.com\/wp-content\/uploads\/2025\/11\/DivertugTek24-12x12.png",12,12,true],"woocommerce_thumbnail":["https:\/\/store.tieronesupply.com\/wp-content\/uploads\/2025\/11\/DivertugTek24-300x300.png",300,300,true],"woocommerce_single":["https:\/\/store.tieronesupply.com\/wp-content\/uploads\/2025\/11\/DivertugTek24-600x600.png",600,600,true],"woocommerce_gallery_thumbnail":["https:\/\/store.tieronesupply.com\/wp-content\/uploads\/2025\/11\/DivertugTek24-100x100.png",100,100,true],"variation_swatches_image_size":["https:\/\/store.tieronesupply.com\/wp-content\/uploads\/2025\/11\/DivertugTek24-50x50.png",50,50,true],"variation_swatches_tooltip_size":["https:\/\/store.tieronesupply.com\/wp-content\/uploads\/2025\/11\/DivertugTek24-100x100.png",100,100,true]},"uagb_author_info":{"display_name":"Tier One Supply","author_link":"https:\/\/store.tieronesupply.com\/en\/author\/"},"uagb_comment_info":0,"uagb_excerpt":"El TEK24 es un scooter ligero y manejable, pensado para buceo t\u00e9cnico, cuevas o pecios. Su tama\u00f1o compacto y su bajo peso lo hacen f\u00e1cil de transportar y usar, sin renunciar a empuje, autonom\u00eda ni velocidad. Ideal para quienes buscan un scooter pr\u00e1ctico con prestaciones confiables. Lo mejor del TEK24 Ligero y compacto: 12,7\u202fkg \u2014&hellip;","_links":{"self":[{"href":"https:\/\/store.tieronesupply.com\/en\/wp-json\/wp\/v2\/product\/3392","targetHints":{"allow":["GET"]}}],"collection":[{"href":"https:\/\/store.tieronesupply.com\/en\/wp-json\/wp\/v2\/product"}],"about":[{"href":"https:\/\/store.tieronesupply.com\/en\/wp-json\/wp\/v2\/types\/product"}],"replies":[{"embeddable":true,"href":"https:\/\/store.tieronesupply.com\/en\/wp-json\/wp\/v2\/comments?post=3392"}],"wp:featuredmedia":[{"embeddable":true,"href":"https:\/\/store.tieronesupply.com\/en\/wp-json\/wp\/v2\/media\/3395"}],"wp:attachment":[{"href":"https:\/\/store.tieronesupply.com\/en\/wp-json\/wp\/v2\/media?parent=3392"}],"wp:term":[{"taxonomy":"product_brand","embeddable":true,"href":"https:\/\/store.tieronesupply.com\/en\/wp-json\/wp\/v2\/product_brand?post=3392"},{"taxonomy":"product_cat","embeddable":true,"href":"https:\/\/store.tieronesupply.com\/en\/wp-json\/wp\/v2\/product_cat?post=3392"},{"taxonomy":"product_tag","embeddable":true,"href":"https:\/\/store.tieronesupply.com\/en\/wp-json\/wp\/v2\/product_tag?post=3392"}],"curies":[{"name":"wp","href":"https:\/\/api.w.org\/{rel}","templated":true}]}}