{"id":3360,"date":"2025-11-27T08:01:54","date_gmt":"2025-11-27T08:01:54","guid":{"rendered":"https:\/\/store.tieronesupply.com\/?post_type=product&#038;p=3360"},"modified":"2026-01-08T07:59:36","modified_gmt":"2026-01-08T07:59:36","slug":"poseidon-jetstream-mk3-complete-kit","status":"publish","type":"product","link":"https:\/\/store.tieronesupply.com\/en\/product\/poseidon-jetstream-mk3-complete-kit\/","title":{"rendered":"Poseidon Jetstream Mk3 Complete Kit"},"content":{"rendered":"<p data-start=\"39\" data-end=\"529\">El regulador Jetstream es una combinaci\u00f3n de nuestra segunda etapa Jetstream, probada a lo largo del tiempo, robusta, fiable y servoasistida, junto con la primera etapa Xstream, la elecci\u00f3n de la Marina y un aut\u00e9ntico referente en aguas fr\u00edas. Esta combinaci\u00f3n ofrece un regulador de respiraci\u00f3n muy f\u00e1cil, con un flujo de aire masivo, extremadamente duradero y confiable. Por esta raz\u00f3n, el Jetstream ha sido utilizado por las armadas de EE. UU. y Suecia, as\u00ed como por la Polic\u00eda italiana.<\/p>\n<p data-start=\"531\" data-end=\"576\"><strong data-start=\"531\" data-end=\"544\">Peso (g):<\/strong> 2040<br data-start=\"549\" data-end=\"552\" \/><strong data-start=\"552\" data-end=\"560\">EAN:<\/strong> 7340193700558<\/p>\n<p data-start=\"578\" data-end=\"620\"><strong data-start=\"578\" data-end=\"618\">CARACTER\u00cdSTICAS CLAVE DE RENDIMIENTO<\/strong><\/p>\n<ul data-start=\"621\" data-end=\"870\" data-is-last-node=\"\" data-is-only-node=\"\">\n<li data-start=\"621\" data-end=\"682\">\n<p data-start=\"623\" data-end=\"682\">Descarga lateral que mantiene la visi\u00f3n libre de burbujas<\/p>\n<\/li>\n<li data-start=\"683\" data-end=\"741\">\n<p data-start=\"685\" data-end=\"741\">Ambidiestro: puede utilizarse en cualquier orientaci\u00f3n<\/p>\n<\/li>\n<li data-start=\"742\" data-end=\"764\">\n<p data-start=\"744\" data-end=\"764\">Robusto y duradero<\/p>\n<\/li>\n<li data-start=\"765\" data-end=\"803\">\n<p data-start=\"767\" data-end=\"803\">Aprobado para buceo en aguas fr\u00edas<\/p>\n<\/li>\n<li data-start=\"804\" data-end=\"842\">\n<p data-start=\"806\" data-end=\"842\">Puede utilizarse con aire y nitrox<\/p>\n<\/li>\n<li data-start=\"843\" data-end=\"870\" data-is-last-node=\"\">\n<p data-start=\"845\" data-end=\"870\" data-is-last-node=\"\">Rendimiento alto y fiable<\/p>\n<\/li>\n<\/ul>","protected":false},"excerpt":{"rendered":"<ul>\n<li>Primera etapa Xstream<\/li>\n<li>Segunda etapa Jetstream<\/li>\n<li>Segunda etapa Jetstream Octopus<\/li>\n<li>1 x Latiguillo de baja presi\u00f3n 70 cm \/ 27.5&#8243;<\/li>\n<li>1 x Latiguillo de baja presi\u00f3n 90 cm \/ 35,5&#8243;<\/li>\n<li>Man\u00f3metro Cirrus (bar and psi)<\/li>\n<\/ul>","protected":false},"featured_media":3363,"comment_status":"open","ping_status":"closed","template":"","meta":{"_uag_custom_page_level_css":"","_kad_blocks_custom_css":"","_kad_blocks_head_custom_js":"","_kad_blocks_body_custom_js":"","_kad_blocks_footer_custom_js":"","site-sidebar-layout":"default","site-content-layout":"","ast-site-content-layout":"default","site-content-style":"default","site-sidebar-style":"default","ast-global-header-display":"","ast-banner-title-visibility":"","ast-main-header-display":"","ast-hfb-above-header-display":"","ast-hfb-below-header-display":"","ast-hfb-mobile-header-display":"","site-post-title":"","ast-breadcrumbs-content":"","ast-featured-img":"","footer-sml-layout":"","ast-disable-related-posts":"","theme-transparent-header-meta":"default","adv-header-id-meta":"","stick-header-meta":"","header-above-stick-meta":"","header-main-stick-meta":"","header-below-stick-meta":"","astra-migrate-meta-layouts":"set","ast-page-background-enabled":"default","ast-page-background-meta":{"desktop":{"background-color":"var(--ast-global-color-5)","background-image":"","background-repeat":"repeat","background-position":"center center","background-size":"auto","background-attachment":"scroll","background-type":"","background-media":"","overlay-type":"","overlay-color":"","overlay-opacity":"","overlay-gradient":""},"tablet":{"background-color":"","background-image":"","background-repeat":"repeat","background-position":"center center","background-size":"auto","background-attachment":"scroll","background-type":"","background-media":"","overlay-type":"","overlay-color":"","overlay-opacity":"","overlay-gradient":""},"mobile":{"background-color":"","background-image":"","background-repeat":"repeat","background-position":"center center","background-size":"auto","background-attachment":"scroll","background-type":"","background-media":"","overlay-type":"","overlay-color":"","overlay-opacity":"","overlay-gradient":""}},"ast-content-background-meta":{"desktop":{"background-color":"var(--ast-global-color-4)","background-image":"","background-repeat":"repeat","background-position":"center center","background-size":"auto","background-attachment":"scroll","background-type":"","background-media":"","overlay-type":"","overlay-color":"","overlay-opacity":"","overlay-gradient":""},"tablet":{"background-color":"var(--ast-global-color-4)","background-image":"","background-repeat":"repeat","background-position":"center center","background-size":"auto","background-attachment":"scroll","background-type":"","background-media":"","overlay-type":"","overlay-color":"","overlay-opacity":"","overlay-gradient":""},"mobile":{"background-color":"var(--ast-global-color-4)","background-image":"","background-repeat":"repeat","background-position":"center center","background-size":"auto","background-attachment":"scroll","background-type":"","background-media":"","overlay-type":"","overlay-color":"","overlay-opacity":"","overlay-gradient":""}}},"product_brand":[32],"product_cat":[24,91,63],"product_tag":[],"class_list":{"0":"post-3360","1":"product","2":"type-product","3":"status-publish","4":"has-post-thumbnail","6":"product_brand-poseidon","7":"product_cat-buceo-recreativo-y-tecnico","8":"product_cat-kits-completos","9":"product_cat-reguladores","10":"desktop-align-left","11":"tablet-align-left","12":"mobile-align-left","14":"first","15":"onbackorder","16":"taxable","17":"shipping-taxable","18":"purchasable","19":"product-type-simple"},"aioseo_notices":[],"taxonomy_info":{"product_brand":[{"value":32,"label":"Poseidon"}],"product_cat":[{"value":24,"label":"Buceo"},{"value":91,"label":"Kits Completos"},{"value":63,"label":"Reguladores"}]},"featured_image_src_large":["https:\/\/store.tieronesupply.com\/wp-content\/uploads\/2025\/11\/Jetstream-Mk3-with-Octopus-and-BK-Psg_0100-556.jpg-1024x1024.webp",1024,1024,true],"author_info":[],"comment_info":0,"spectra_custom_meta":{"_wpv_contains_gutenberg_views":[""],"_edit_lock":["1767859176:1"],"_edit_last":["1"],"_thumbnail_id":["3363"],"_regular_price":["1230"],"total_sales":["0"],"_tax_status":["taxable"],"_tax_class":[""],"_manage_stock":["no"],"_backorders":["no"],"_sold_individually":["no"],"_virtual":["no"],"_downloadable":["no"],"_download_limit":["-1"],"_download_expiry":["-1"],"_stock":[null],"_stock_status":["onbackorder"],"_wc_average_rating":["0"],"_wc_review_count":["0"],"_product_version":["10.4.3"],"_price":["1230"],"_wc_gla_visibility":["sync-and-show"],"_product_image_gallery":["3353,3362,3361,3352"],"_aioseo_keywords":["a:0:{}"],"_aioseo_og_title":[""],"_aioseo_og_description":[""],"_aioseo_og_article_section":[""],"_aioseo_og_article_tags":["a:0:{}"],"_aioseo_twitter_title":[""],"_aioseo_twitter_description":[""],"site-sidebar-layout":["default"],"ast-site-content-layout":["default"],"site-content-style":["default"],"site-sidebar-style":["default"],"theme-transparent-header-meta":["default"],"astra-migrate-meta-layouts":["set"],"views_woo_on_sale":["1"],"views_woo_price":["1230"],"astra_style_timestamp_css":["1776454482"],"_wc_gla_notification_status":["updated"],"_wc_gla_sync_status":["has-errors"],"_wc_gla_synced_at":["1767668439"],"_wc_gla_google_ids":["a:1:{s:2:\"ES\";s:21:\"online:es:ES:gla_3360\";}"],"views_woo_in_stock":["onbackorder"],"_wc_gla_errors":["a:1:{i:0;s:113:\"[availabilityDate] Availability date is required if you set the product's availability to backorder or pre-order.\";}"],"_uag_css_file_name":["uag-css-3360.css"],"_uag_page_assets":["a:9:{s:3:\"css\";s:260:\".uag-blocks-common-selector{z-index:var(--z-index-desktop) !important}@media(max-width: 976px){.uag-blocks-common-selector{z-index:var(--z-index-tablet) !important}}@media(max-width: 767px){.uag-blocks-common-selector{z-index:var(--z-index-mobile) !important}}\";s:2:\"js\";s:0:\"\";s:18:\"current_block_list\";a:14:{i:0;s:11:\"core\/search\";i:1;s:10:\"core\/group\";i:2;s:12:\"core\/heading\";i:3;s:17:\"core\/latest-posts\";i:4;s:20:\"core\/latest-comments\";i:5;s:13:\"core\/archives\";i:6;s:15:\"core\/categories\";i:7;s:13:\"kadence\/image\";i:8;s:16:\"kadence\/iconlist\";i:9;s:16:\"kadence\/listitem\";i:10;s:12:\"kadence\/icon\";i:11;s:19:\"kadence\/single-icon\";i:12;s:17:\"kadence\/rowlayout\";i:13;s:14:\"kadence\/column\";}s:8:\"uag_flag\";b:0;s:11:\"uag_version\";s:10:\"1776904083\";s:6:\"gfonts\";a:0:{}s:10:\"gfonts_url\";s:0:\"\";s:12:\"gfonts_files\";a:0:{}s:14:\"uag_faq_layout\";b:0;}"],"_wc_gla_mc_status":["approved"]},"uagb_featured_image_src":{"full":["https:\/\/store.tieronesupply.com\/wp-content\/uploads\/2025\/11\/Jetstream-Mk3-with-Octopus-and-BK-Psg_0100-556.jpg.webp",2000,2000,false],"thumbnail":["https:\/\/store.tieronesupply.com\/wp-content\/uploads\/2025\/11\/Jetstream-Mk3-with-Octopus-and-BK-Psg_0100-556.jpg-150x150.webp",150,150,true],"medium":["https:\/\/store.tieronesupply.com\/wp-content\/uploads\/2025\/11\/Jetstream-Mk3-with-Octopus-and-BK-Psg_0100-556.jpg-300x300.webp",300,300,true],"medium_large":["https:\/\/store.tieronesupply.com\/wp-content\/uploads\/2025\/11\/Jetstream-Mk3-with-Octopus-and-BK-Psg_0100-556.jpg-768x768.webp",768,768,true],"large":["https:\/\/store.tieronesupply.com\/wp-content\/uploads\/2025\/11\/Jetstream-Mk3-with-Octopus-and-BK-Psg_0100-556.jpg-1024x1024.webp",1024,1024,true],"1536x1536":["https:\/\/store.tieronesupply.com\/wp-content\/uploads\/2025\/11\/Jetstream-Mk3-with-Octopus-and-BK-Psg_0100-556.jpg-1536x1536.webp",1536,1536,true],"2048x2048":["https:\/\/store.tieronesupply.com\/wp-content\/uploads\/2025\/11\/Jetstream-Mk3-with-Octopus-and-BK-Psg_0100-556.jpg.webp",2000,2000,false],"trp-custom-language-flag":["https:\/\/store.tieronesupply.com\/wp-content\/uploads\/2025\/11\/Jetstream-Mk3-with-Octopus-and-BK-Psg_0100-556.jpg-12x12.webp",12,12,true],"woocommerce_thumbnail":["https:\/\/store.tieronesupply.com\/wp-content\/uploads\/2025\/11\/Jetstream-Mk3-with-Octopus-and-BK-Psg_0100-556.jpg-300x300.webp",300,300,true],"woocommerce_single":["https:\/\/store.tieronesupply.com\/wp-content\/uploads\/2025\/11\/Jetstream-Mk3-with-Octopus-and-BK-Psg_0100-556.jpg-600x600.webp",600,600,true],"woocommerce_gallery_thumbnail":["https:\/\/store.tieronesupply.com\/wp-content\/uploads\/2025\/11\/Jetstream-Mk3-with-Octopus-and-BK-Psg_0100-556.jpg-100x100.webp",100,100,true],"variation_swatches_image_size":["https:\/\/store.tieronesupply.com\/wp-content\/uploads\/2025\/11\/Jetstream-Mk3-with-Octopus-and-BK-Psg_0100-556.jpg-50x50.webp",50,50,true],"variation_swatches_tooltip_size":["https:\/\/store.tieronesupply.com\/wp-content\/uploads\/2025\/11\/Jetstream-Mk3-with-Octopus-and-BK-Psg_0100-556.jpg-100x100.webp",100,100,true]},"uagb_author_info":{"display_name":"Tier One Supply","author_link":"https:\/\/store.tieronesupply.com\/en\/author\/"},"uagb_comment_info":0,"uagb_excerpt":"Primera etapa Xstream Segunda etapa Jetstream Segunda etapa Jetstream Octopus 1 x Latiguillo de baja presi\u00f3n 70 cm \/ 27.5\" 1 x Latiguillo de baja presi\u00f3n 90 cm \/ 35,5\" Man\u00f3metro Cirrus (bar and psi)","_links":{"self":[{"href":"https:\/\/store.tieronesupply.com\/en\/wp-json\/wp\/v2\/product\/3360","targetHints":{"allow":["GET"]}}],"collection":[{"href":"https:\/\/store.tieronesupply.com\/en\/wp-json\/wp\/v2\/product"}],"about":[{"href":"https:\/\/store.tieronesupply.com\/en\/wp-json\/wp\/v2\/types\/product"}],"replies":[{"embeddable":true,"href":"https:\/\/store.tieronesupply.com\/en\/wp-json\/wp\/v2\/comments?post=3360"}],"wp:featuredmedia":[{"embeddable":true,"href":"https:\/\/store.tieronesupply.com\/en\/wp-json\/wp\/v2\/media\/3363"}],"wp:attachment":[{"href":"https:\/\/store.tieronesupply.com\/en\/wp-json\/wp\/v2\/media?parent=3360"}],"wp:term":[{"taxonomy":"product_brand","embeddable":true,"href":"https:\/\/store.tieronesupply.com\/en\/wp-json\/wp\/v2\/product_brand?post=3360"},{"taxonomy":"product_cat","embeddable":true,"href":"https:\/\/store.tieronesupply.com\/en\/wp-json\/wp\/v2\/product_cat?post=3360"},{"taxonomy":"product_tag","embeddable":true,"href":"https:\/\/store.tieronesupply.com\/en\/wp-json\/wp\/v2\/product_tag?post=3360"}],"curies":[{"name":"wp","href":"https:\/\/api.w.org\/{rel}","templated":true}]}}