{"id":2957,"date":"2025-11-25T10:37:54","date_gmt":"2025-11-25T10:37:54","guid":{"rendered":"https:\/\/store.tieronesupply.com\/?post_type=product&#038;p=2957"},"modified":"2026-01-08T08:12:31","modified_gmt":"2026-01-08T08:12:31","slug":"fourth-element-aletas-tech","status":"publish","type":"product","link":"https:\/\/store.tieronesupply.com\/en\/product\/fourth-element-aletas-tech\/","title":{"rendered":"Fourth Element Aletas Tech Negras"},"content":{"rendered":"<p data-start=\"117\" data-end=\"665\">Las <strong data-start=\"121\" data-end=\"134\">Tech Fins<\/strong> son aletas cl\u00e1sicas redise\u00f1adas para <strong data-start=\"184\" data-end=\"212\">maximizar el rendimiento<\/strong> en cada inmersi\u00f3n. Fabricadas con <strong data-start=\"247\" data-end=\"283\">goma natural de densidad gradual<\/strong>, ofrecen una <strong data-start=\"297\" data-end=\"315\">puntera c\u00f3moda<\/strong> junto con una <strong data-start=\"330\" data-end=\"352\">rigidez optimizada<\/strong>, proporcionando un impulso eficiente al nadar. Su dise\u00f1o ventilado permite que el agua fluya a lo largo de la pala, reduciendo la resistencia y la fatiga, mientras que los <strong data-start=\"525\" data-end=\"560\">railes y nervios con refuerzo<\/strong> aseguran que la pala se desplace eficazmente para <strong data-start=\"611\" data-end=\"662\">maximizar el rendimiento con el m\u00ednimo esfuerzo<\/strong>.<\/p>\n<p data-start=\"667\" data-end=\"1055\">Estas aletas fueron desarrolladas pensando en <strong data-start=\"713\" data-end=\"736\">buceadores t\u00e9cnicos<\/strong>, presentando una ligera flotabilidad negativa, aunque son adecuadas para <strong data-start=\"810\" data-end=\"831\">todos los niveles<\/strong> que busquen unas aletas de alto rendimiento en goma natural. Su <strong data-start=\"896\" data-end=\"914\">pala m\u00e1s ancha <\/strong>mejora la maniobrabilidad sin sacrificar potencia, mientras que la <strong data-start=\"982\" data-end=\"1004\">longitud m\u00e1s corta<\/strong> permite mayor agilidad y facilita su transporte.<\/p>\n<p data-start=\"1057\" data-end=\"1412\">Las <strong data-start=\"1061\" data-end=\"1112\">correas de resorte con almohadilla en el tal\u00f3n<\/strong> aseguran un ajuste c\u00f3modo y seguro; adem\u00e1s, estas correas se pueden retirar y cambiar f\u00e1cilmente con herramientas comunes si es necesario. Las aletas incluyen una <strong data-start=\"1276\" data-end=\"1300\">correa de transporte<\/strong>, que permite sujetarlas al BCD o arn\u00e9s, dejando ambas manos libres para subir escaleras o transportar equipo.<\/p>\n<p data-start=\"1414\" data-end=\"1556\">El <strong data-start=\"1417\" data-end=\"1445\">material de goma natural<\/strong> garantiza una durabilidad excepcional, y todos los componentes son <strong data-start=\"1513\" data-end=\"1553\">reciclables al final de su vida \u00fatil<\/strong>.<\/p>\n<h3 data-start=\"1558\" data-end=\"1593\"><strong data-start=\"1562\" data-end=\"1593\">Caracter\u00edsticas principales<\/strong><\/h3>\n<ul data-start=\"1594\" data-end=\"1862\">\n<li data-start=\"1594\" data-end=\"1629\">\n<p data-start=\"1596\" data-end=\"1629\">Correa de tal\u00f3n de goma natural<\/p>\n<\/li>\n<li data-start=\"1630\" data-end=\"1671\">\n<p data-start=\"1632\" data-end=\"1671\">Correa de resorte de acero inoxidable<\/p>\n<\/li>\n<li data-start=\"1672\" data-end=\"1698\">\n<p data-start=\"1674\" data-end=\"1698\">Puntera suave y c\u00f3moda<\/p>\n<\/li>\n<li data-start=\"1699\" data-end=\"1753\">\n<p data-start=\"1701\" data-end=\"1753\">Ventilaci\u00f3n Hydro-flow para reducir la resistencia<\/p>\n<\/li>\n<li data-start=\"1754\" data-end=\"1784\">\n<p data-start=\"1756\" data-end=\"1784\">Disruptores de turbulencia<\/p>\n<\/li>\n<li data-start=\"1785\" data-end=\"1811\">\n<p data-start=\"1787\" data-end=\"1811\">Nervaduras de refuerzo<\/p>\n<\/li>\n<li data-start=\"1812\" data-end=\"1862\">\n<p data-start=\"1814\" data-end=\"1862\">Rails laterales de rigidez para m\u00e1ximo impulso<\/p>\n<\/li>\n<\/ul>","protected":false},"excerpt":{"rendered":"<p>Las Tech Fins son aletas cl\u00e1sicas redise\u00f1adas para maximizar el rendimiento en cada inmersi\u00f3n. Fabricadas con goma natural de densidad [&hellip;]<\/p>","protected":false},"featured_media":2958,"comment_status":"open","ping_status":"closed","template":"","meta":{"_uag_custom_page_level_css":"","_kad_blocks_custom_css":"","_kad_blocks_head_custom_js":"","_kad_blocks_body_custom_js":"","_kad_blocks_footer_custom_js":"","site-sidebar-layout":"default","site-content-layout":"","ast-site-content-layout":"default","site-content-style":"default","site-sidebar-style":"default","ast-global-header-display":"","ast-banner-title-visibility":"","ast-main-header-display":"","ast-hfb-above-header-display":"","ast-hfb-below-header-display":"","ast-hfb-mobile-header-display":"","site-post-title":"","ast-breadcrumbs-content":"","ast-featured-img":"","footer-sml-layout":"","ast-disable-related-posts":"","theme-transparent-header-meta":"default","adv-header-id-meta":"","stick-header-meta":"","header-above-stick-meta":"","header-main-stick-meta":"","header-below-stick-meta":"","astra-migrate-meta-layouts":"set","ast-page-background-enabled":"default","ast-page-background-meta":{"desktop":{"background-color":"var(--ast-global-color-5)","background-image":"","background-repeat":"repeat","background-position":"center center","background-size":"auto","background-attachment":"scroll","background-type":"","background-media":"","overlay-type":"","overlay-color":"","overlay-opacity":"","overlay-gradient":""},"tablet":{"background-color":"","background-image":"","background-repeat":"repeat","background-position":"center center","background-size":"auto","background-attachment":"scroll","background-type":"","background-media":"","overlay-type":"","overlay-color":"","overlay-opacity":"","overlay-gradient":""},"mobile":{"background-color":"","background-image":"","background-repeat":"repeat","background-position":"center center","background-size":"auto","background-attachment":"scroll","background-type":"","background-media":"","overlay-type":"","overlay-color":"","overlay-opacity":"","overlay-gradient":""}},"ast-content-background-meta":{"desktop":{"background-color":"var(--ast-global-color-4)","background-image":"","background-repeat":"repeat","background-position":"center center","background-size":"auto","background-attachment":"scroll","background-type":"","background-media":"","overlay-type":"","overlay-color":"","overlay-opacity":"","overlay-gradient":""},"tablet":{"background-color":"var(--ast-global-color-4)","background-image":"","background-repeat":"repeat","background-position":"center center","background-size":"auto","background-attachment":"scroll","background-type":"","background-media":"","overlay-type":"","overlay-color":"","overlay-opacity":"","overlay-gradient":""},"mobile":{"background-color":"var(--ast-global-color-4)","background-image":"","background-repeat":"repeat","background-position":"center center","background-size":"auto","background-attachment":"scroll","background-type":"","background-media":"","overlay-type":"","overlay-color":"","overlay-opacity":"","overlay-gradient":""}}},"product_brand":[89],"product_cat":[70,24],"product_tag":[],"class_list":{"0":"post-2957","1":"product","2":"type-product","3":"status-publish","4":"has-post-thumbnail","6":"product_brand-fourth-element","7":"product_cat-aletas","8":"product_cat-buceo-recreativo-y-tecnico","9":"desktop-align-left","10":"tablet-align-left","11":"mobile-align-left","13":"first","14":"onbackorder","15":"taxable","16":"shipping-taxable","17":"purchasable","18":"product-type-variable"},"aioseo_notices":[],"taxonomy_info":{"product_brand":[{"value":89,"label":"Fourth Element"}],"product_cat":[{"value":70,"label":"Aletas"},{"value":24,"label":"Buceo"}]},"featured_image_src_large":["https:\/\/store.tieronesupply.com\/wp-content\/uploads\/2025\/11\/tech-fin-black.jpg",900,900,false],"author_info":[],"comment_info":0,"spectra_custom_meta":{"_wpv_contains_gutenberg_views":[""],"_edit_lock":["1767859951:1"],"_edit_last":["1"],"total_sales":["0"],"_tax_status":["taxable"],"_tax_class":[""],"_manage_stock":["no"],"_backorders":["no"],"_sold_individually":["no"],"_virtual":["no"],"_downloadable":["no"],"_download_limit":["-1"],"_download_expiry":["-1"],"_stock":[null],"_stock_status":["onbackorder"],"_wc_average_rating":["0"],"_wc_review_count":["0"],"_product_attributes":["a:1:{s:5:\"talla\";a:6:{s:4:\"name\";s:5:\"Talla\";s:5:\"value\";s:16:\"M | L | XL | XXL\";s:8:\"position\";i:0;s:10:\"is_visible\";i:1;s:12:\"is_variation\";i:1;s:11:\"is_taxonomy\";i:0;}}"],"_product_version":["10.4.3"],"_thumbnail_id":["2958"],"_sku":["FNTEK01"],"_wc_gla_visibility":["sync-and-show"],"_wc_gla_notification_status":["updated"],"_wc_gla_sync_status":["has-errors"],"_product_image_gallery":["2959,2963,2962,2960,2961"],"_aioseo_keywords":["a:0:{}"],"_aioseo_og_title":[""],"_aioseo_og_description":[""],"_aioseo_og_article_section":[""],"_aioseo_og_article_tags":["a:0:{}"],"_aioseo_twitter_title":[""],"_aioseo_twitter_description":[""],"site-sidebar-layout":["default"],"ast-site-content-layout":["default"],"site-content-style":["default"],"site-sidebar-style":["default"],"theme-transparent-header-meta":["default"],"views_woo_price":["205"],"views_woo_in_stock":["0"],"_wc_gla_synced_at":["1766372407"],"_wc_gla_google_ids":["a:1:{s:2:\"ES\";s:21:\"online:es:ES:gla_2967\";}"],"astra-migrate-meta-layouts":["set"],"astra_style_timestamp_css":["1776534916"],"_price":["205"],"_wc_gla_errors":["a:4:{i:2964;a:1:{i:0;s:113:\"[availabilityDate] Availability date is required if you set the product's availability to backorder or pre-order.\";}i:2965;a:1:{i:0;s:113:\"[availabilityDate] Availability date is required if you set the product's availability to backorder or pre-order.\";}i:2966;a:1:{i:0;s:113:\"[availabilityDate] Availability date is required if you set the product's availability to backorder or pre-order.\";}i:2967;a:1:{i:0;s:113:\"[availabilityDate] Availability date is required if you set the product's availability to backorder or pre-order.\";}}"],"_uag_css_file_name":["uag-css-2957.css"],"_uag_page_assets":["a:9:{s:3:\"css\";s:260:\".uag-blocks-common-selector{z-index:var(--z-index-desktop) !important}@media(max-width: 976px){.uag-blocks-common-selector{z-index:var(--z-index-tablet) !important}}@media(max-width: 767px){.uag-blocks-common-selector{z-index:var(--z-index-mobile) !important}}\";s:2:\"js\";s:0:\"\";s:18:\"current_block_list\";a:14:{i:0;s:11:\"core\/search\";i:1;s:10:\"core\/group\";i:2;s:12:\"core\/heading\";i:3;s:17:\"core\/latest-posts\";i:4;s:20:\"core\/latest-comments\";i:5;s:13:\"core\/archives\";i:6;s:15:\"core\/categories\";i:7;s:13:\"kadence\/image\";i:8;s:16:\"kadence\/iconlist\";i:9;s:16:\"kadence\/listitem\";i:10;s:12:\"kadence\/icon\";i:11;s:19:\"kadence\/single-icon\";i:12;s:17:\"kadence\/rowlayout\";i:13;s:14:\"kadence\/column\";}s:8:\"uag_flag\";b:0;s:11:\"uag_version\";s:10:\"1776904083\";s:6:\"gfonts\";a:0:{}s:10:\"gfonts_url\";s:0:\"\";s:12:\"gfonts_files\";a:0:{}s:14:\"uag_faq_layout\";b:0;}"],"_wc_gla_mc_status":["approved"]},"uagb_featured_image_src":{"full":["https:\/\/store.tieronesupply.com\/wp-content\/uploads\/2025\/11\/tech-fin-black.jpg",900,900,false],"thumbnail":["https:\/\/store.tieronesupply.com\/wp-content\/uploads\/2025\/11\/tech-fin-black-150x150.jpg",150,150,true],"medium":["https:\/\/store.tieronesupply.com\/wp-content\/uploads\/2025\/11\/tech-fin-black-300x300.jpg",300,300,true],"medium_large":["https:\/\/store.tieronesupply.com\/wp-content\/uploads\/2025\/11\/tech-fin-black-768x768.jpg",768,768,true],"large":["https:\/\/store.tieronesupply.com\/wp-content\/uploads\/2025\/11\/tech-fin-black.jpg",900,900,false],"1536x1536":["https:\/\/store.tieronesupply.com\/wp-content\/uploads\/2025\/11\/tech-fin-black.jpg",900,900,false],"2048x2048":["https:\/\/store.tieronesupply.com\/wp-content\/uploads\/2025\/11\/tech-fin-black.jpg",900,900,false],"trp-custom-language-flag":["https:\/\/store.tieronesupply.com\/wp-content\/uploads\/2025\/11\/tech-fin-black-12x12.jpg",12,12,true],"woocommerce_thumbnail":["https:\/\/store.tieronesupply.com\/wp-content\/uploads\/2025\/11\/tech-fin-black-300x300.jpg",300,300,true],"woocommerce_single":["https:\/\/store.tieronesupply.com\/wp-content\/uploads\/2025\/11\/tech-fin-black-600x600.jpg",600,600,true],"woocommerce_gallery_thumbnail":["https:\/\/store.tieronesupply.com\/wp-content\/uploads\/2025\/11\/tech-fin-black-100x100.jpg",100,100,true],"variation_swatches_image_size":["https:\/\/store.tieronesupply.com\/wp-content\/uploads\/2025\/11\/tech-fin-black-50x50.jpg",50,50,true],"variation_swatches_tooltip_size":["https:\/\/store.tieronesupply.com\/wp-content\/uploads\/2025\/11\/tech-fin-black-100x100.jpg",100,100,true]},"uagb_author_info":{"display_name":"Tier One Supply","author_link":"https:\/\/store.tieronesupply.com\/en\/author\/"},"uagb_comment_info":0,"uagb_excerpt":"Las Tech Fins son aletas cl\u00e1sicas redise\u00f1adas para maximizar el rendimiento en cada inmersi\u00f3n. Fabricadas con goma natural de densidad [&hellip;]","_links":{"self":[{"href":"https:\/\/store.tieronesupply.com\/en\/wp-json\/wp\/v2\/product\/2957","targetHints":{"allow":["GET"]}}],"collection":[{"href":"https:\/\/store.tieronesupply.com\/en\/wp-json\/wp\/v2\/product"}],"about":[{"href":"https:\/\/store.tieronesupply.com\/en\/wp-json\/wp\/v2\/types\/product"}],"replies":[{"embeddable":true,"href":"https:\/\/store.tieronesupply.com\/en\/wp-json\/wp\/v2\/comments?post=2957"}],"wp:featuredmedia":[{"embeddable":true,"href":"https:\/\/store.tieronesupply.com\/en\/wp-json\/wp\/v2\/media\/2958"}],"wp:attachment":[{"href":"https:\/\/store.tieronesupply.com\/en\/wp-json\/wp\/v2\/media?parent=2957"}],"wp:term":[{"taxonomy":"product_brand","embeddable":true,"href":"https:\/\/store.tieronesupply.com\/en\/wp-json\/wp\/v2\/product_brand?post=2957"},{"taxonomy":"product_cat","embeddable":true,"href":"https:\/\/store.tieronesupply.com\/en\/wp-json\/wp\/v2\/product_cat?post=2957"},{"taxonomy":"product_tag","embeddable":true,"href":"https:\/\/store.tieronesupply.com\/en\/wp-json\/wp\/v2\/product_tag?post=2957"}],"curies":[{"name":"wp","href":"https:\/\/api.w.org\/{rel}","templated":true}]}}