{"id":2937,"date":"2025-11-25T09:42:47","date_gmt":"2025-11-25T09:42:47","guid":{"rendered":"https:\/\/store.tieronesupply.com\/?post_type=product&#038;p=2937"},"modified":"2026-01-08T08:13:15","modified_gmt":"2026-01-08T08:13:15","slug":"fourth-element-mascara-navigator-enhance","status":"publish","type":"product","link":"https:\/\/store.tieronesupply.com\/en\/product\/fourth-element-mascara-navigator-enhance\/","title":{"rendered":"Fourth Element M\u00e1scara Navigator \u2013 Enhance"},"content":{"rendered":"<p data-start=\"147\" data-end=\"544\">La <strong data-start=\"150\" data-end=\"180\">m\u00e1scara de buceo Navigator<\/strong> ampl\u00eda la colecci\u00f3n de m\u00e1scaras de Fourth Element, ofreciendo el m\u00e1ximo confort incluso a gran profundidad, especialmente pensada para buceadores t\u00e9cnicos que exigen el mejor rendimiento en cada inmersi\u00f3n. Su dise\u00f1o con <strong data-start=\"401\" data-end=\"426\">doble lente enmarcada<\/strong> proporciona un <strong data-start=\"442\" data-end=\"471\">campo de visi\u00f3n excelente<\/strong>, optimizado para adaptarse a distintos estilos y niveles de experiencia.<\/p>\n<p data-start=\"546\" data-end=\"994\">Fabricada con una <strong data-start=\"564\" data-end=\"620\">falda de silicona ultrasuave y totalmente reciclable<\/strong>, la Navigator reduce la presi\u00f3n en el rostro, aportando un ajuste m\u00e1s c\u00f3modo durante inmersiones largas o profundas. Para garantizar una adaptaci\u00f3n perfecta a la mayor variedad de perfiles faciales, est\u00e1 disponible en dos versiones: <strong data-start=\"854\" data-end=\"869\">Classic Fit<\/strong> y <strong data-start=\"872\" data-end=\"884\">Wide Fit<\/strong>. Su falda est\u00e1 dise\u00f1ada para ofrecer un sellado excepcional y mejorar la sensaci\u00f3n de ajuste en todo momento.<\/p>\n<p data-start=\"996\" data-end=\"1191\">La m\u00e1scara incluye una <strong data-start=\"1019\" data-end=\"1050\">correa de silicona moldeada<\/strong>, segura, c\u00f3moda y f\u00e1cilmente intercambiable por una correa Fourth Element fabricada con <strong data-start=\"1139\" data-end=\"1166\">silicona 100% reciclada<\/strong> (se vende por separado).<\/p>\n<p data-start=\"1193\" data-end=\"1420\">Comprometidos con la reducci\u00f3n del impacto ambiental, Fourth Element presenta esta m\u00e1scara en un <strong data-start=\"1290\" data-end=\"1362\">estuche protector de bajo volumen y completamente libre de pl\u00e1sticos<\/strong>, en lugar de las tradicionales cajas r\u00edgidas de pl\u00e1stico.<\/p>\n<h3 data-start=\"1422\" data-end=\"1457\"><strong data-start=\"1426\" data-end=\"1457\">Caracter\u00edsticas principales<\/strong><\/h3>\n<ul data-start=\"1458\" data-end=\"1894\">\n<li data-start=\"1458\" data-end=\"1510\">\n<p data-start=\"1460\" data-end=\"1510\">M\u00e1scara de buceo con campo de visi\u00f3n excepcional<\/p>\n<\/li>\n<li data-start=\"1511\" data-end=\"1556\">\n<p data-start=\"1513\" data-end=\"1556\">Dise\u00f1o con doble lente de vidrio templado<\/p>\n<\/li>\n<li data-start=\"1557\" data-end=\"1618\">\n<p data-start=\"1559\" data-end=\"1618\">Disponible en dos ajustes: <strong data-start=\"1586\" data-end=\"1601\">Classic Fit<\/strong> y <strong data-start=\"1604\" data-end=\"1616\">Wide Fit<\/strong><\/p>\n<\/li>\n<li data-start=\"1619\" data-end=\"1675\">\n<p data-start=\"1621\" data-end=\"1675\">Falda de silicona ultrasuave y totalmente reciclable<\/p>\n<\/li>\n<li data-start=\"1676\" data-end=\"1718\">\n<p data-start=\"1678\" data-end=\"1718\">Sellado mejorado para un ajuste seguro<\/p>\n<\/li>\n<li data-start=\"1719\" data-end=\"1767\">\n<p data-start=\"1721\" data-end=\"1767\">Correa de silicona moldeada e intercambiable<\/p>\n<\/li>\n<li data-start=\"1768\" data-end=\"1850\">\n<p data-start=\"1770\" data-end=\"1850\">Compatible con correas Fourth Element 100% recicladas (se venden por separado)<\/p>\n<\/li>\n<li data-start=\"1851\" data-end=\"1894\">\n<p data-start=\"1853\" data-end=\"1894\">Estuche protector sin pl\u00e1stico incluido<\/p>\n<\/li>\n<\/ul>\n<h3 data-start=\"1896\" data-end=\"1927\"><strong data-start=\"1900\" data-end=\"1927\">Cuidado y mantenimiento<\/strong><\/h3>\n<ul data-start=\"1928\" data-end=\"2258\">\n<li data-start=\"1928\" data-end=\"2007\">\n<p data-start=\"1930\" data-end=\"2007\">Enjuaga la m\u00e1scara con agua dulce inmediatamente despu\u00e9s de cada inmersi\u00f3n.<\/p>\n<\/li>\n<li data-start=\"2008\" data-end=\"2081\">\n<p data-start=\"2010\" data-end=\"2081\">Usa agua tibia para ayudar a disolver los cristales de sal adheridos.<\/p>\n<\/li>\n<li data-start=\"2082\" data-end=\"2127\">\n<p data-start=\"2084\" data-end=\"2127\">Acl\u00e1rala bien con agua limpia o filtrada.<\/p>\n<\/li>\n<li data-start=\"2128\" data-end=\"2174\">\n<p data-start=\"2130\" data-end=\"2174\">S\u00e9cala completamente con una toalla suave.<\/p>\n<\/li>\n<li data-start=\"2175\" data-end=\"2258\">\n<p data-start=\"2177\" data-end=\"2258\">Evita limpiadores abrasivos en lentes tintadas o con recubrimientos especiales.<\/p>\n<\/li>\n<\/ul>","protected":false},"excerpt":{"rendered":"<p>La m\u00e1scara de buceo Navigator ampl\u00eda la colecci\u00f3n de m\u00e1scaras de Fourth Element, ofreciendo el m\u00e1ximo confort incluso a gran [&hellip;]<\/p>","protected":false},"featured_media":2941,"comment_status":"open","ping_status":"closed","template":"","meta":{"_uag_custom_page_level_css":"","_kad_blocks_custom_css":"","_kad_blocks_head_custom_js":"","_kad_blocks_body_custom_js":"","_kad_blocks_footer_custom_js":"","site-sidebar-layout":"default","site-content-layout":"","ast-site-content-layout":"default","site-content-style":"default","site-sidebar-style":"default","ast-global-header-display":"","ast-banner-title-visibility":"","ast-main-header-display":"","ast-hfb-above-header-display":"","ast-hfb-below-header-display":"","ast-hfb-mobile-header-display":"","site-post-title":"","ast-breadcrumbs-content":"","ast-featured-img":"","footer-sml-layout":"","ast-disable-related-posts":"","theme-transparent-header-meta":"default","adv-header-id-meta":"","stick-header-meta":"","header-above-stick-meta":"","header-main-stick-meta":"","header-below-stick-meta":"","astra-migrate-meta-layouts":"set","ast-page-background-enabled":"default","ast-page-background-meta":{"desktop":{"background-color":"var(--ast-global-color-5)","background-image":"","background-repeat":"repeat","background-position":"center center","background-size":"auto","background-attachment":"scroll","background-type":"","background-media":"","overlay-type":"","overlay-color":"","overlay-opacity":"","overlay-gradient":""},"tablet":{"background-color":"","background-image":"","background-repeat":"repeat","background-position":"center center","background-size":"auto","background-attachment":"scroll","background-type":"","background-media":"","overlay-type":"","overlay-color":"","overlay-opacity":"","overlay-gradient":""},"mobile":{"background-color":"","background-image":"","background-repeat":"repeat","background-position":"center center","background-size":"auto","background-attachment":"scroll","background-type":"","background-media":"","overlay-type":"","overlay-color":"","overlay-opacity":"","overlay-gradient":""}},"ast-content-background-meta":{"desktop":{"background-color":"var(--ast-global-color-4)","background-image":"","background-repeat":"repeat","background-position":"center center","background-size":"auto","background-attachment":"scroll","background-type":"","background-media":"","overlay-type":"","overlay-color":"","overlay-opacity":"","overlay-gradient":""},"tablet":{"background-color":"var(--ast-global-color-4)","background-image":"","background-repeat":"repeat","background-position":"center center","background-size":"auto","background-attachment":"scroll","background-type":"","background-media":"","overlay-type":"","overlay-color":"","overlay-opacity":"","overlay-gradient":""},"mobile":{"background-color":"var(--ast-global-color-4)","background-image":"","background-repeat":"repeat","background-position":"center center","background-size":"auto","background-attachment":"scroll","background-type":"","background-media":"","overlay-type":"","overlay-color":"","overlay-opacity":"","overlay-gradient":""}}},"product_brand":[89],"product_cat":[29,55],"product_tag":[],"class_list":{"0":"post-2937","1":"product","2":"type-product","3":"status-publish","4":"has-post-thumbnail","6":"product_brand-fourth-element","7":"product_cat-accesorios-buceo","8":"product_cat-mascaras","9":"desktop-align-left","10":"tablet-align-left","11":"mobile-align-left","13":"first","14":"onbackorder","15":"taxable","16":"shipping-taxable","17":"purchasable","18":"product-type-variable"},"aioseo_notices":[],"taxonomy_info":{"product_brand":[{"value":89,"label":"Fourth Element"}],"product_cat":[{"value":29,"label":"Accesorios Buceo"},{"value":55,"label":"M\u00e1scaras"}]},"featured_image_src_large":["https:\/\/store.tieronesupply.com\/wp-content\/uploads\/2025\/11\/navigator-enhance-side-1.jpg",900,900,false],"author_info":[],"comment_info":0,"spectra_custom_meta":{"_wpv_contains_gutenberg_views":[""],"_edit_lock":["1767859995:1"],"_edit_last":["1"],"total_sales":["0"],"_tax_status":["taxable"],"_tax_class":[""],"_manage_stock":["no"],"_backorders":["no"],"_sold_individually":["no"],"_virtual":["no"],"_downloadable":["no"],"_download_limit":["-1"],"_download_expiry":["-1"],"_stock":[null],"_stock_status":["onbackorder"],"_wc_average_rating":["0"],"_wc_review_count":["0"],"_product_attributes":["a:1:{s:3:\"fit\";a:6:{s:4:\"name\";s:3:\"Fit\";s:5:\"value\";s:22:\"Classic Fit | Wide Fit\";s:8:\"position\";i:0;s:10:\"is_visible\";i:1;s:12:\"is_variation\";i:1;s:11:\"is_taxonomy\";i:0;}}"],"_product_version":["10.4.3"],"_thumbnail_id":["2941"],"_wc_gla_visibility":["sync-and-show"],"_wc_gla_notification_status":["updated"],"_wc_gla_sync_status":["has-errors"],"_product_image_gallery":["2942"],"_aioseo_keywords":["a:0:{}"],"_aioseo_og_title":[""],"_aioseo_og_description":[""],"_aioseo_og_article_section":[""],"_aioseo_og_article_tags":["a:0:{}"],"_aioseo_twitter_title":[""],"_aioseo_twitter_description":[""],"site-sidebar-layout":["default"],"ast-site-content-layout":["default"],"site-content-style":["default"],"site-sidebar-style":["default"],"theme-transparent-header-meta":["default"],"astra-migrate-meta-layouts":["set"],"views_woo_price":["70,56"],"views_woo_in_stock":["0"],"_wc_gla_synced_at":["1766372407"],"_wc_gla_google_ids":["a:1:{s:2:\"ES\";s:21:\"online:es:ES:gla_2939\";}"],"astra_style_timestamp_css":["1776460647"],"_price":["70.56"],"_wc_gla_errors":["a:2:{i:2938;a:1:{i:0;s:113:\"[availabilityDate] Availability date is required if you set the product's availability to backorder or pre-order.\";}i:2939;a:1:{i:0;s:113:\"[availabilityDate] Availability date is required if you set the product's availability to backorder or pre-order.\";}}"],"_uag_css_file_name":["uag-css-2937.css"],"_uag_page_assets":["a:9:{s:3:\"css\";s:0:\"\";s:2:\"js\";s:0:\"\";s:18:\"current_block_list\";a:14:{i:0;s:11:\"core\/search\";i:1;s:10:\"core\/group\";i:2;s:12:\"core\/heading\";i:3;s:17:\"core\/latest-posts\";i:4;s:20:\"core\/latest-comments\";i:5;s:13:\"core\/archives\";i:6;s:15:\"core\/categories\";i:7;s:13:\"kadence\/image\";i:8;s:16:\"kadence\/iconlist\";i:9;s:16:\"kadence\/listitem\";i:10;s:12:\"kadence\/icon\";i:11;s:19:\"kadence\/single-icon\";i:12;s:17:\"kadence\/rowlayout\";i:13;s:14:\"kadence\/column\";}s:8:\"uag_flag\";b:0;s:11:\"uag_version\";s:10:\"1776904083\";s:6:\"gfonts\";a:0:{}s:10:\"gfonts_url\";s:0:\"\";s:12:\"gfonts_files\";a:0:{}s:14:\"uag_faq_layout\";b:0;}"],"_wc_gla_mc_status":["approved"]},"uagb_featured_image_src":{"full":["https:\/\/store.tieronesupply.com\/wp-content\/uploads\/2025\/11\/navigator-enhance-side-1.jpg",900,900,false],"thumbnail":["https:\/\/store.tieronesupply.com\/wp-content\/uploads\/2025\/11\/navigator-enhance-side-1-150x150.jpg",150,150,true],"medium":["https:\/\/store.tieronesupply.com\/wp-content\/uploads\/2025\/11\/navigator-enhance-side-1-300x300.jpg",300,300,true],"medium_large":["https:\/\/store.tieronesupply.com\/wp-content\/uploads\/2025\/11\/navigator-enhance-side-1-768x768.jpg",768,768,true],"large":["https:\/\/store.tieronesupply.com\/wp-content\/uploads\/2025\/11\/navigator-enhance-side-1.jpg",900,900,false],"1536x1536":["https:\/\/store.tieronesupply.com\/wp-content\/uploads\/2025\/11\/navigator-enhance-side-1.jpg",900,900,false],"2048x2048":["https:\/\/store.tieronesupply.com\/wp-content\/uploads\/2025\/11\/navigator-enhance-side-1.jpg",900,900,false],"trp-custom-language-flag":["https:\/\/store.tieronesupply.com\/wp-content\/uploads\/2025\/11\/navigator-enhance-side-1-12x12.jpg",12,12,true],"woocommerce_thumbnail":["https:\/\/store.tieronesupply.com\/wp-content\/uploads\/2025\/11\/navigator-enhance-side-1-300x300.jpg",300,300,true],"woocommerce_single":["https:\/\/store.tieronesupply.com\/wp-content\/uploads\/2025\/11\/navigator-enhance-side-1-600x600.jpg",600,600,true],"woocommerce_gallery_thumbnail":["https:\/\/store.tieronesupply.com\/wp-content\/uploads\/2025\/11\/navigator-enhance-side-1-100x100.jpg",100,100,true],"variation_swatches_image_size":["https:\/\/store.tieronesupply.com\/wp-content\/uploads\/2025\/11\/navigator-enhance-side-1-50x50.jpg",50,50,true],"variation_swatches_tooltip_size":["https:\/\/store.tieronesupply.com\/wp-content\/uploads\/2025\/11\/navigator-enhance-side-1-100x100.jpg",100,100,true]},"uagb_author_info":{"display_name":"Tier One Supply","author_link":"https:\/\/store.tieronesupply.com\/en\/author\/"},"uagb_comment_info":0,"uagb_excerpt":"La m\u00e1scara de buceo Navigator ampl\u00eda la colecci\u00f3n de m\u00e1scaras de Fourth Element, ofreciendo el m\u00e1ximo confort incluso a gran [&hellip;]","_links":{"self":[{"href":"https:\/\/store.tieronesupply.com\/en\/wp-json\/wp\/v2\/product\/2937","targetHints":{"allow":["GET"]}}],"collection":[{"href":"https:\/\/store.tieronesupply.com\/en\/wp-json\/wp\/v2\/product"}],"about":[{"href":"https:\/\/store.tieronesupply.com\/en\/wp-json\/wp\/v2\/types\/product"}],"replies":[{"embeddable":true,"href":"https:\/\/store.tieronesupply.com\/en\/wp-json\/wp\/v2\/comments?post=2937"}],"wp:featuredmedia":[{"embeddable":true,"href":"https:\/\/store.tieronesupply.com\/en\/wp-json\/wp\/v2\/media\/2941"}],"wp:attachment":[{"href":"https:\/\/store.tieronesupply.com\/en\/wp-json\/wp\/v2\/media?parent=2937"}],"wp:term":[{"taxonomy":"product_brand","embeddable":true,"href":"https:\/\/store.tieronesupply.com\/en\/wp-json\/wp\/v2\/product_brand?post=2937"},{"taxonomy":"product_cat","embeddable":true,"href":"https:\/\/store.tieronesupply.com\/en\/wp-json\/wp\/v2\/product_cat?post=2937"},{"taxonomy":"product_tag","embeddable":true,"href":"https:\/\/store.tieronesupply.com\/en\/wp-json\/wp\/v2\/product_tag?post=2937"}],"curies":[{"name":"wp","href":"https:\/\/api.w.org\/{rel}","templated":true}]}}