{"id":2916,"date":"2025-11-25T09:23:55","date_gmt":"2025-11-25T09:23:55","guid":{"rendered":"https:\/\/store.tieronesupply.com\/?post_type=product&#038;p=2916"},"modified":"2026-01-08T08:18:03","modified_gmt":"2026-01-08T08:18:03","slug":"fourth-element-mascara-aquanaut-black-contrast","status":"publish","type":"product","link":"https:\/\/store.tieronesupply.com\/en\/product\/fourth-element-mascara-aquanaut-black-contrast\/","title":{"rendered":"Fourth Element M\u00e1scara Aquanaut Black \/ Contrast"},"content":{"rendered":"<p data-start=\"118\" data-end=\"486\">La <strong data-start=\"121\" data-end=\"150\">m\u00e1scara de apnea Aquanaut<\/strong> ha sido dise\u00f1ada con una innovadora falda de silicona que se adapta c\u00f3modamente a una amplia variedad de rostros con un \u00fanico dise\u00f1o. Su <strong data-start=\"288\" data-end=\"308\">volumen reducido<\/strong> la convierte en una elecci\u00f3n ideal para apnea, pero su sorprendentemente <strong data-start=\"382\" data-end=\"408\">amplio campo de visi\u00f3n<\/strong> tambi\u00e9n la hace perfecta como m\u00e1scara vers\u00e1til para todo tipo de inmersiones.<\/p>\n<p data-start=\"488\" data-end=\"782\">A pesar de su tama\u00f1o compacto, ofrece una visibilidad excepcional, un ajuste c\u00f3modo gracias a su <strong data-start=\"585\" data-end=\"612\">falda de silicona suave<\/strong>, y una <strong data-start=\"620\" data-end=\"651\">correa de silicona moldeada<\/strong> que puede sustituirse f\u00e1cilmente por una correa Fourth Element fabricada con <strong data-start=\"729\" data-end=\"757\">100% poli\u00e9ster reciclado<\/strong> (se vende por separado).<\/p>\n<p data-start=\"784\" data-end=\"986\">Comprometidos con la sostenibilidad, esta m\u00e1scara se presenta en un <strong data-start=\"852\" data-end=\"921\">estuche protector de bajo volumen y totalmente libre de pl\u00e1sticos<\/strong>, evitando el uso de las tradicionales cajas r\u00edgidas de pl\u00e1stico.<\/p>\n<h3 data-start=\"988\" data-end=\"1023\"><strong data-start=\"992\" data-end=\"1023\">Caracter\u00edsticas principales<\/strong><\/h3>\n<ul data-start=\"1024\" data-end=\"1393\">\n<li data-start=\"1024\" data-end=\"1092\">\n<p data-start=\"1026\" data-end=\"1092\">Ajuste universal gracias al nuevo dise\u00f1o de la falda de silicona<\/p>\n<\/li>\n<li data-start=\"1093\" data-end=\"1137\">\n<p data-start=\"1095\" data-end=\"1137\">M\u00e1scara de bajo volumen ideal para apnea<\/p>\n<\/li>\n<li data-start=\"1138\" data-end=\"1164\">\n<p data-start=\"1140\" data-end=\"1164\">Amplio campo de visi\u00f3n<\/p>\n<\/li>\n<li data-start=\"1165\" data-end=\"1213\">\n<p data-start=\"1167\" data-end=\"1213\">Falda de silicona suave para mayor comodidad<\/p>\n<\/li>\n<li data-start=\"1214\" data-end=\"1262\">\n<p data-start=\"1216\" data-end=\"1262\">Correa de silicona moldeada e intercambiable<\/p>\n<\/li>\n<li data-start=\"1263\" data-end=\"1320\">\n<p data-start=\"1265\" data-end=\"1320\">Compatible con correas Fourth Element 100% recicladas<\/p>\n<\/li>\n<li data-start=\"1321\" data-end=\"1349\">\n<p data-start=\"1323\" data-end=\"1349\">Lente de vidrio templado<\/p>\n<\/li>\n<li data-start=\"1350\" data-end=\"1393\">\n<p data-start=\"1352\" data-end=\"1393\">Estuche protector sin pl\u00e1stico incluido<\/p>\n<\/li>\n<\/ul>\n<h3 data-start=\"1395\" data-end=\"1426\"><strong data-start=\"1399\" data-end=\"1426\">Cuidado y mantenimiento<\/strong><\/h3>\n<ul data-start=\"1427\" data-end=\"1736\">\n<li data-start=\"1427\" data-end=\"1491\">\n<p data-start=\"1429\" data-end=\"1491\">Enjuaga la m\u00e1scara con agua dulce despu\u00e9s de cada inmersi\u00f3n.<\/p>\n<\/li>\n<li data-start=\"1492\" data-end=\"1560\">\n<p data-start=\"1494\" data-end=\"1560\">Utiliza agua tibia para disolver los cristales de sal adheridos.<\/p>\n<\/li>\n<li data-start=\"1561\" data-end=\"1604\">\n<p data-start=\"1563\" data-end=\"1604\">Aclara bien con agua limpia o filtrada.<\/p>\n<\/li>\n<li data-start=\"1605\" data-end=\"1649\">\n<p data-start=\"1607\" data-end=\"1649\">Seca completamente con una toalla suave.<\/p>\n<\/li>\n<li data-start=\"1650\" data-end=\"1736\">\n<p data-start=\"1652\" data-end=\"1736\">No utilices limpiadores abrasivos en lentes tintadas o con recubrimiento especial.<\/p>\n<\/li>\n<\/ul>","protected":false},"excerpt":{"rendered":"<p>La m\u00e1scara de apnea Aquanaut ha sido dise\u00f1ada con una innovadora falda de silicona que se adapta c\u00f3modamente a una [&hellip;]<\/p>","protected":false},"featured_media":2917,"comment_status":"open","ping_status":"closed","template":"","meta":{"_uag_custom_page_level_css":"","_kad_blocks_custom_css":"","_kad_blocks_head_custom_js":"","_kad_blocks_body_custom_js":"","_kad_blocks_footer_custom_js":"","site-sidebar-layout":"default","site-content-layout":"","ast-site-content-layout":"default","site-content-style":"default","site-sidebar-style":"default","ast-global-header-display":"","ast-banner-title-visibility":"","ast-main-header-display":"","ast-hfb-above-header-display":"","ast-hfb-below-header-display":"","ast-hfb-mobile-header-display":"","site-post-title":"","ast-breadcrumbs-content":"","ast-featured-img":"","footer-sml-layout":"","ast-disable-related-posts":"","theme-transparent-header-meta":"default","adv-header-id-meta":"","stick-header-meta":"","header-above-stick-meta":"","header-main-stick-meta":"","header-below-stick-meta":"","astra-migrate-meta-layouts":"set","ast-page-background-enabled":"default","ast-page-background-meta":{"desktop":{"background-color":"var(--ast-global-color-5)","background-image":"","background-repeat":"repeat","background-position":"center center","background-size":"auto","background-attachment":"scroll","background-type":"","background-media":"","overlay-type":"","overlay-color":"","overlay-opacity":"","overlay-gradient":""},"tablet":{"background-color":"","background-image":"","background-repeat":"repeat","background-position":"center center","background-size":"auto","background-attachment":"scroll","background-type":"","background-media":"","overlay-type":"","overlay-color":"","overlay-opacity":"","overlay-gradient":""},"mobile":{"background-color":"","background-image":"","background-repeat":"repeat","background-position":"center center","background-size":"auto","background-attachment":"scroll","background-type":"","background-media":"","overlay-type":"","overlay-color":"","overlay-opacity":"","overlay-gradient":""}},"ast-content-background-meta":{"desktop":{"background-color":"var(--ast-global-color-4)","background-image":"","background-repeat":"repeat","background-position":"center center","background-size":"auto","background-attachment":"scroll","background-type":"","background-media":"","overlay-type":"","overlay-color":"","overlay-opacity":"","overlay-gradient":""},"tablet":{"background-color":"var(--ast-global-color-4)","background-image":"","background-repeat":"repeat","background-position":"center center","background-size":"auto","background-attachment":"scroll","background-type":"","background-media":"","overlay-type":"","overlay-color":"","overlay-opacity":"","overlay-gradient":""},"mobile":{"background-color":"var(--ast-global-color-4)","background-image":"","background-repeat":"repeat","background-position":"center center","background-size":"auto","background-attachment":"scroll","background-type":"","background-media":"","overlay-type":"","overlay-color":"","overlay-opacity":"","overlay-gradient":""}}},"product_brand":[89],"product_cat":[55],"product_tag":[],"class_list":{"0":"post-2916","1":"product","2":"type-product","3":"status-publish","4":"has-post-thumbnail","6":"product_brand-fourth-element","7":"product_cat-mascaras","8":"desktop-align-left","9":"tablet-align-left","10":"mobile-align-left","12":"first","13":"onbackorder","14":"taxable","15":"shipping-taxable","16":"purchasable","17":"product-type-simple"},"aioseo_notices":[],"taxonomy_info":{"product_brand":[{"value":89,"label":"Fourth Element"}],"product_cat":[{"value":55,"label":"M\u00e1scaras"}]},"featured_image_src_large":["https:\/\/store.tieronesupply.com\/wp-content\/uploads\/2025\/11\/aquanaut-black-contrast-front.jpg",900,900,false],"author_info":[],"comment_info":0,"spectra_custom_meta":{"_wpv_contains_gutenberg_views":[""],"_edit_lock":["1764062499:1"],"_edit_last":["1"],"_thumbnail_id":["2917"],"_sku":["MKAQ02"],"_regular_price":["62.16"],"total_sales":["0"],"_tax_status":["taxable"],"_tax_class":[""],"_manage_stock":["no"],"_backorders":["no"],"_sold_individually":["no"],"_virtual":["no"],"_downloadable":["no"],"_download_limit":["-1"],"_download_expiry":["-1"],"_stock":[null],"_stock_status":["onbackorder"],"_wc_average_rating":["0"],"_wc_review_count":["0"],"_product_version":["10.4.3"],"_price":["62.16"],"_wc_gla_visibility":["sync-and-show"],"_wc_gla_notification_status":["updated"],"_wc_gla_sync_status":["has-errors"],"_product_image_gallery":["2918,2919"],"_aioseo_keywords":["a:0:{}"],"_aioseo_og_title":[""],"_aioseo_og_description":[""],"_aioseo_og_article_section":[""],"_aioseo_og_article_tags":["a:0:{}"],"_aioseo_twitter_title":[""],"_aioseo_twitter_description":[""],"site-sidebar-layout":["default"],"ast-site-content-layout":["default"],"site-content-style":["default"],"site-sidebar-style":["default"],"theme-transparent-header-meta":["default"],"astra-migrate-meta-layouts":["set"],"views_woo_price":["62,16"],"_wc_gla_synced_at":["1766372407"],"_wc_gla_google_ids":["a:1:{s:2:\"ES\";s:21:\"online:es:ES:gla_2916\";}"],"astra_style_timestamp_css":["1776510922"],"_wc_gla_errors":["a:1:{i:0;s:113:\"[availabilityDate] Availability date is required if you set the product's availability to backorder or pre-order.\";}"],"_uag_css_file_name":["uag-css-2916.css"],"_uag_page_assets":["a:9:{s:3:\"css\";s:0:\"\";s:2:\"js\";s:0:\"\";s:18:\"current_block_list\";a:14:{i:0;s:11:\"core\/search\";i:1;s:10:\"core\/group\";i:2;s:12:\"core\/heading\";i:3;s:17:\"core\/latest-posts\";i:4;s:20:\"core\/latest-comments\";i:5;s:13:\"core\/archives\";i:6;s:15:\"core\/categories\";i:7;s:13:\"kadence\/image\";i:8;s:16:\"kadence\/iconlist\";i:9;s:16:\"kadence\/listitem\";i:10;s:12:\"kadence\/icon\";i:11;s:19:\"kadence\/single-icon\";i:12;s:17:\"kadence\/rowlayout\";i:13;s:14:\"kadence\/column\";}s:8:\"uag_flag\";b:0;s:11:\"uag_version\";s:10:\"1776904083\";s:6:\"gfonts\";a:0:{}s:10:\"gfonts_url\";s:0:\"\";s:12:\"gfonts_files\";a:0:{}s:14:\"uag_faq_layout\";b:0;}"],"_wc_gla_mc_status":["approved"]},"uagb_featured_image_src":{"full":["https:\/\/store.tieronesupply.com\/wp-content\/uploads\/2025\/11\/aquanaut-black-contrast-front.jpg",900,900,false],"thumbnail":["https:\/\/store.tieronesupply.com\/wp-content\/uploads\/2025\/11\/aquanaut-black-contrast-front-150x150.jpg",150,150,true],"medium":["https:\/\/store.tieronesupply.com\/wp-content\/uploads\/2025\/11\/aquanaut-black-contrast-front-300x300.jpg",300,300,true],"medium_large":["https:\/\/store.tieronesupply.com\/wp-content\/uploads\/2025\/11\/aquanaut-black-contrast-front-768x768.jpg",768,768,true],"large":["https:\/\/store.tieronesupply.com\/wp-content\/uploads\/2025\/11\/aquanaut-black-contrast-front.jpg",900,900,false],"1536x1536":["https:\/\/store.tieronesupply.com\/wp-content\/uploads\/2025\/11\/aquanaut-black-contrast-front.jpg",900,900,false],"2048x2048":["https:\/\/store.tieronesupply.com\/wp-content\/uploads\/2025\/11\/aquanaut-black-contrast-front.jpg",900,900,false],"trp-custom-language-flag":["https:\/\/store.tieronesupply.com\/wp-content\/uploads\/2025\/11\/aquanaut-black-contrast-front-12x12.jpg",12,12,true],"woocommerce_thumbnail":["https:\/\/store.tieronesupply.com\/wp-content\/uploads\/2025\/11\/aquanaut-black-contrast-front-300x300.jpg",300,300,true],"woocommerce_single":["https:\/\/store.tieronesupply.com\/wp-content\/uploads\/2025\/11\/aquanaut-black-contrast-front-600x600.jpg",600,600,true],"woocommerce_gallery_thumbnail":["https:\/\/store.tieronesupply.com\/wp-content\/uploads\/2025\/11\/aquanaut-black-contrast-front-100x100.jpg",100,100,true],"variation_swatches_image_size":["https:\/\/store.tieronesupply.com\/wp-content\/uploads\/2025\/11\/aquanaut-black-contrast-front-50x50.jpg",50,50,true],"variation_swatches_tooltip_size":["https:\/\/store.tieronesupply.com\/wp-content\/uploads\/2025\/11\/aquanaut-black-contrast-front-100x100.jpg",100,100,true]},"uagb_author_info":{"display_name":"Tier One Supply","author_link":"https:\/\/store.tieronesupply.com\/en\/author\/"},"uagb_comment_info":0,"uagb_excerpt":"La m\u00e1scara de apnea Aquanaut ha sido dise\u00f1ada con una innovadora falda de silicona que se adapta c\u00f3modamente a una [&hellip;]","_links":{"self":[{"href":"https:\/\/store.tieronesupply.com\/en\/wp-json\/wp\/v2\/product\/2916","targetHints":{"allow":["GET"]}}],"collection":[{"href":"https:\/\/store.tieronesupply.com\/en\/wp-json\/wp\/v2\/product"}],"about":[{"href":"https:\/\/store.tieronesupply.com\/en\/wp-json\/wp\/v2\/types\/product"}],"replies":[{"embeddable":true,"href":"https:\/\/store.tieronesupply.com\/en\/wp-json\/wp\/v2\/comments?post=2916"}],"wp:featuredmedia":[{"embeddable":true,"href":"https:\/\/store.tieronesupply.com\/en\/wp-json\/wp\/v2\/media\/2917"}],"wp:attachment":[{"href":"https:\/\/store.tieronesupply.com\/en\/wp-json\/wp\/v2\/media?parent=2916"}],"wp:term":[{"taxonomy":"product_brand","embeddable":true,"href":"https:\/\/store.tieronesupply.com\/en\/wp-json\/wp\/v2\/product_brand?post=2916"},{"taxonomy":"product_cat","embeddable":true,"href":"https:\/\/store.tieronesupply.com\/en\/wp-json\/wp\/v2\/product_cat?post=2916"},{"taxonomy":"product_tag","embeddable":true,"href":"https:\/\/store.tieronesupply.com\/en\/wp-json\/wp\/v2\/product_tag?post=2916"}],"curies":[{"name":"wp","href":"https:\/\/api.w.org\/{rel}","templated":true}]}}