{"id":2749,"date":"2025-11-06T12:03:07","date_gmt":"2025-11-06T12:03:07","guid":{"rendered":"https:\/\/store.tieronesupply.com\/?post_type=product&#038;p=2749"},"modified":"2026-01-08T08:20:18","modified_gmt":"2026-01-08T08:20:18","slug":"nrc-d-05r-oxygen-sensor","status":"publish","type":"product","link":"https:\/\/store.tieronesupply.com\/en\/product\/nrc-d-05r-oxygen-sensor\/","title":{"rendered":"NRC D-05R Oxygen Sensor &#8211; C\u00e9lula O2"},"content":{"rendered":"<p data-start=\"249\" data-end=\"589\">El <strong data-start=\"252\" data-end=\"265\">NRC D-05R<\/strong> es un <strong data-start=\"272\" data-end=\"317\">sensor galv\u00e1nico de c\u00e9lula de combustible<\/strong> dise\u00f1ado para ofrecer mediciones de ox\u00edgeno precisas, estables y fiables en <strong data-start=\"394\" data-end=\"415\">rebreathers (CCR)<\/strong> y <strong data-start=\"418\" data-end=\"445\">analizadores de ox\u00edgeno<\/strong>. Fabricado en Alemania bajo los m\u00e1s altos est\u00e1ndares de calidad, garantiza un rendimiento consistente incluso en las condiciones m\u00e1s exigentes.<\/p>\n<hr data-start=\"591\" data-end=\"594\" \/>\n<h4 data-start=\"596\" data-end=\"644\"><strong data-start=\"604\" data-end=\"644\">Compatibilidad con Rebreathers (CCR)<\/strong><\/h4>\n<p data-start=\"645\" data-end=\"809\">El NRC D-05R es <strong data-start=\"661\" data-end=\"686\">totalmente compatible<\/strong> con la mayor\u00eda de los <strong data-start=\"709\" data-end=\"744\">rebreathers de circuito cerrado<\/strong> que utilizan sensores tipo <strong data-start=\"772\" data-end=\"795\">R22D \/ PSR-11-39-MD<\/strong>, entre ellos:<\/p>\n<ul data-start=\"811\" data-end=\"1154\">\n<li data-start=\"811\" data-end=\"863\">\n<p data-start=\"813\" data-end=\"863\"><strong data-start=\"815\" data-end=\"861\">AP Diving Inspiration \/ Evolution \/ Vision<\/strong><\/p>\n<\/li>\n<li data-start=\"864\" data-end=\"889\">\n<p data-start=\"866\" data-end=\"889\"><strong data-start=\"868\" data-end=\"887\">rEvo Rebreather<\/strong><\/p>\n<\/li>\n<li data-start=\"890\" data-end=\"906\">\n<p data-start=\"892\" data-end=\"906\"><strong data-start=\"894\" data-end=\"904\">JJ-CCR<\/strong><\/p>\n<\/li>\n<li data-start=\"907\" data-end=\"967\">\n<p data-start=\"909\" data-end=\"967\"><strong data-start=\"911\" data-end=\"931\">KISS Rebreathers<\/strong> (Classic, Sidewinder, Orca, etc.)<\/p>\n<\/li>\n<li data-start=\"968\" data-end=\"992\">\n<p data-start=\"970\" data-end=\"992\"><strong data-start=\"972\" data-end=\"990\">Hollis Prism 2<\/strong><\/p>\n<\/li>\n<li data-start=\"993\" data-end=\"1019\">\n<p data-start=\"995\" data-end=\"1019\"><strong data-start=\"997\" data-end=\"1017\">Divesoft Liberty<\/strong><\/p>\n<\/li>\n<li data-start=\"1020\" data-end=\"1043\">\n<p data-start=\"1022\" data-end=\"1043\"><span data-start=\"1024\" data-end=\"1041\">I<\/span><strong data-start=\"1024\" data-end=\"1041\">SC Megalodon<\/strong><\/p>\n<\/li>\n<li data-start=\"1044\" data-end=\"1068\">\n<p data-start=\"1046\" data-end=\"1068\"><strong data-start=\"1048\" data-end=\"1066\">HammerHead CCR<\/strong><\/p>\n<\/li>\n<li data-start=\"1069\" data-end=\"1093\">\n<p data-start=\"1071\" data-end=\"1093\"><strong data-start=\"1073\" data-end=\"1091\">Submatix SPX42<\/strong><\/p>\n<\/li>\n<li data-start=\"1094\" data-end=\"1154\">\n<p data-start=\"1096\" data-end=\"1154\"><strong data-start=\"1098\" data-end=\"1125\">Poseidon Se7en \/ Se7en+<\/strong> <em data-start=\"1126\" data-end=\"1152\">(con adaptador opcional)<\/em><\/p>\n<\/li>\n<\/ul>\n<p data-start=\"1156\" data-end=\"1291\">Tambi\u00e9n es compatible con la mayor\u00eda de los <strong data-start=\"1200\" data-end=\"1238\">analizadores de ox\u00edgeno port\u00e1tiles<\/strong> como NRC, Analox, Teledyne, Vandagraph y Divesoft.<\/p>\n<hr data-start=\"1293\" data-end=\"1296\" \/>\n<h4 data-start=\"1298\" data-end=\"1334\"><strong data-start=\"1306\" data-end=\"1334\">Caracter\u00edsticas t\u00e9cnicas<\/strong><\/h4>\n<ul data-start=\"1335\" data-end=\"1697\">\n<li data-start=\"1335\" data-end=\"1386\">\n<p data-start=\"1337\" data-end=\"1386\">Tipo: Sensor galv\u00e1nico de c\u00e9lula de combustible<\/p>\n<\/li>\n<li data-start=\"1387\" data-end=\"1420\">\n<p data-start=\"1389\" data-end=\"1420\">Rango de medici\u00f3n: 0\u2013100 % O\u2082<\/p>\n<\/li>\n<li data-start=\"1421\" data-end=\"1486\">\n<p data-start=\"1423\" data-end=\"1486\">Conector: <strong data-start=\"1433\" data-end=\"1457\">Molex 3-pin est\u00e1ndar<\/strong> (tipo R22D \/ PSR-11-39-MD)<\/p>\n<\/li>\n<li data-start=\"1487\" data-end=\"1574\">\n<p data-start=\"1489\" data-end=\"1574\">Fabricaci\u00f3n: <strong data-start=\"1502\" data-end=\"1519\">100 % alemana<\/strong>, con pruebas individuales de calibraci\u00f3n y precisi\u00f3n<\/p>\n<\/li>\n<li data-start=\"1575\" data-end=\"1638\">\n<p data-start=\"1577\" data-end=\"1638\">Tiempo de respuesta r\u00e1pido y alta estabilidad a largo plazo<\/p>\n<\/li>\n<li data-start=\"1639\" data-end=\"1697\">\n<p data-start=\"1641\" data-end=\"1697\">Dise\u00f1o robusto, ideal para buceo t\u00e9cnico y profesional<\/p>\n<\/li>\n<\/ul>","protected":false},"excerpt":{"rendered":"<p>El NRC D-05R es un sensor galv\u00e1nico de c\u00e9lula de combustible dise\u00f1ado para ofrecer mediciones de ox\u00edgeno precisas, estables y [&hellip;]<\/p>","protected":false},"featured_media":2750,"comment_status":"open","ping_status":"closed","template":"","meta":{"_uag_custom_page_level_css":"","_kad_blocks_custom_css":"","_kad_blocks_head_custom_js":"","_kad_blocks_body_custom_js":"","_kad_blocks_footer_custom_js":"","site-sidebar-layout":"default","site-content-layout":"","ast-site-content-layout":"default","site-content-style":"default","site-sidebar-style":"default","ast-global-header-display":"","ast-banner-title-visibility":"","ast-main-header-display":"","ast-hfb-above-header-display":"","ast-hfb-below-header-display":"","ast-hfb-mobile-header-display":"","site-post-title":"","ast-breadcrumbs-content":"","ast-featured-img":"","footer-sml-layout":"","ast-disable-related-posts":"","theme-transparent-header-meta":"default","adv-header-id-meta":"","stick-header-meta":"","header-above-stick-meta":"","header-main-stick-meta":"","header-below-stick-meta":"","astra-migrate-meta-layouts":"set","ast-page-background-enabled":"default","ast-page-background-meta":{"desktop":{"background-color":"var(--ast-global-color-5)","background-image":"","background-repeat":"repeat","background-position":"center center","background-size":"auto","background-attachment":"scroll","background-type":"","background-media":"","overlay-type":"","overlay-color":"","overlay-opacity":"","overlay-gradient":""},"tablet":{"background-color":"","background-image":"","background-repeat":"repeat","background-position":"center center","background-size":"auto","background-attachment":"scroll","background-type":"","background-media":"","overlay-type":"","overlay-color":"","overlay-opacity":"","overlay-gradient":""},"mobile":{"background-color":"","background-image":"","background-repeat":"repeat","background-position":"center center","background-size":"auto","background-attachment":"scroll","background-type":"","background-media":"","overlay-type":"","overlay-color":"","overlay-opacity":"","overlay-gradient":""}},"ast-content-background-meta":{"desktop":{"background-color":"var(--ast-global-color-4)","background-image":"","background-repeat":"repeat","background-position":"center center","background-size":"auto","background-attachment":"scroll","background-type":"","background-media":"","overlay-type":"","overlay-color":"","overlay-opacity":"","overlay-gradient":""},"tablet":{"background-color":"var(--ast-global-color-4)","background-image":"","background-repeat":"repeat","background-position":"center center","background-size":"auto","background-attachment":"scroll","background-type":"","background-media":"","overlay-type":"","overlay-color":"","overlay-opacity":"","overlay-gradient":""},"mobile":{"background-color":"var(--ast-global-color-4)","background-image":"","background-repeat":"repeat","background-position":"center center","background-size":"auto","background-attachment":"scroll","background-type":"","background-media":"","overlay-type":"","overlay-color":"","overlay-opacity":"","overlay-gradient":""}}},"product_brand":[82],"product_cat":[86],"product_tag":[],"class_list":{"0":"post-2749","1":"product","2":"type-product","3":"status-publish","4":"has-post-thumbnail","6":"product_brand-nrc","7":"product_cat-celulas-oxigeno-buceo-recreativo-y-tecnico","8":"desktop-align-left","9":"tablet-align-left","10":"mobile-align-left","12":"first","13":"onbackorder","14":"taxable","15":"shipping-taxable","16":"purchasable","17":"product-type-simple"},"aioseo_notices":[],"taxonomy_info":{"product_brand":[{"value":82,"label":"NRC"}],"product_cat":[{"value":86,"label":"C\u00e9lulas Oxigeno"}]},"featured_image_src_large":["https:\/\/store.tieronesupply.com\/wp-content\/uploads\/2025\/11\/Captura-de-pantalla-2025-11-06-a-las-13.06.16-1024x1010.png",1024,1010,true],"author_info":[],"comment_info":0,"spectra_custom_meta":{"_wpv_contains_gutenberg_views":["",""],"_regular_price":["85"],"total_sales":["0"],"_tax_status":["taxable"],"_tax_class":[""],"_manage_stock":["no"],"_backorders":["no"],"_sold_individually":["no"],"_virtual":["no"],"_downloadable":["no"],"_product_image_gallery":["2751,2752,2753"],"_download_limit":["-1"],"_download_expiry":["-1"],"_thumbnail_id":["2750"],"_stock":[null],"_stock_status":["onbackorder"],"_wc_average_rating":["0"],"_wc_review_count":["0"],"_product_version":["10.4.3"],"_price":["85"],"_wc_gla_visibility":["sync-and-show"],"_wc_gla_notification_status":["updated"],"_aioseo_keywords":["a:0:{}"],"_aioseo_og_title":[""],"_aioseo_og_description":[""],"_aioseo_og_article_section":[""],"_aioseo_og_article_tags":["a:0:{}"],"_aioseo_twitter_title":[""],"_aioseo_twitter_description":[""],"site-sidebar-layout":["default"],"ast-site-content-layout":["default"],"site-content-style":["default"],"site-sidebar-style":["default"],"theme-transparent-header-meta":["default"],"views_woo_price":["85"],"astra_style_timestamp_css":["1778099046"],"_edit_lock":["1762512294:1"],"_edit_last":["1"],"_wc_gla_sync_status":["has-errors"],"astra-migrate-meta-layouts":["set"],"_wc_gla_synced_at":["1766804421"],"_wc_gla_google_ids":["a:1:{s:2:\"ES\";s:21:\"online:es:ES:gla_2749\";}"],"_wc_gla_errors":["a:1:{i:0;s:113:\"[availabilityDate] Availability date is required if you set the product's availability to backorder or pre-order.\";}"],"_uag_css_file_name":["uag-css-2749.css"],"_uag_page_assets":["a:9:{s:3:\"css\";s:260:\".uag-blocks-common-selector{z-index:var(--z-index-desktop) !important}@media(max-width: 976px){.uag-blocks-common-selector{z-index:var(--z-index-tablet) !important}}@media(max-width: 767px){.uag-blocks-common-selector{z-index:var(--z-index-mobile) !important}}\";s:2:\"js\";s:0:\"\";s:18:\"current_block_list\";a:14:{i:0;s:11:\"core\/search\";i:1;s:10:\"core\/group\";i:2;s:12:\"core\/heading\";i:3;s:17:\"core\/latest-posts\";i:4;s:20:\"core\/latest-comments\";i:5;s:13:\"core\/archives\";i:6;s:15:\"core\/categories\";i:7;s:13:\"kadence\/image\";i:8;s:16:\"kadence\/iconlist\";i:9;s:16:\"kadence\/listitem\";i:10;s:12:\"kadence\/icon\";i:11;s:19:\"kadence\/single-icon\";i:12;s:17:\"kadence\/rowlayout\";i:13;s:14:\"kadence\/column\";}s:8:\"uag_flag\";b:0;s:11:\"uag_version\";s:10:\"1778074791\";s:6:\"gfonts\";a:0:{}s:10:\"gfonts_url\";s:0:\"\";s:12:\"gfonts_files\";a:0:{}s:14:\"uag_faq_layout\";b:0;}"],"_wc_gla_mc_status":["approved"]},"uagb_featured_image_src":{"full":["https:\/\/store.tieronesupply.com\/wp-content\/uploads\/2025\/11\/Captura-de-pantalla-2025-11-06-a-las-13.06.16.png",1476,1456,false],"thumbnail":["https:\/\/store.tieronesupply.com\/wp-content\/uploads\/2025\/11\/Captura-de-pantalla-2025-11-06-a-las-13.06.16-150x150.png",150,150,true],"medium":["https:\/\/store.tieronesupply.com\/wp-content\/uploads\/2025\/11\/Captura-de-pantalla-2025-11-06-a-las-13.06.16-300x296.png",300,296,true],"medium_large":["https:\/\/store.tieronesupply.com\/wp-content\/uploads\/2025\/11\/Captura-de-pantalla-2025-11-06-a-las-13.06.16-768x758.png",768,758,true],"large":["https:\/\/store.tieronesupply.com\/wp-content\/uploads\/2025\/11\/Captura-de-pantalla-2025-11-06-a-las-13.06.16-1024x1010.png",1024,1010,true],"1536x1536":["https:\/\/store.tieronesupply.com\/wp-content\/uploads\/2025\/11\/Captura-de-pantalla-2025-11-06-a-las-13.06.16.png",1476,1456,false],"2048x2048":["https:\/\/store.tieronesupply.com\/wp-content\/uploads\/2025\/11\/Captura-de-pantalla-2025-11-06-a-las-13.06.16.png",1476,1456,false],"trp-custom-language-flag":["https:\/\/store.tieronesupply.com\/wp-content\/uploads\/2025\/11\/Captura-de-pantalla-2025-11-06-a-las-13.06.16-12x12.png",12,12,true],"woocommerce_thumbnail":["https:\/\/store.tieronesupply.com\/wp-content\/uploads\/2025\/11\/Captura-de-pantalla-2025-11-06-a-las-13.06.16-300x300.png",300,300,true],"woocommerce_single":["https:\/\/store.tieronesupply.com\/wp-content\/uploads\/2025\/11\/Captura-de-pantalla-2025-11-06-a-las-13.06.16-600x592.png",600,592,true],"woocommerce_gallery_thumbnail":["https:\/\/store.tieronesupply.com\/wp-content\/uploads\/2025\/11\/Captura-de-pantalla-2025-11-06-a-las-13.06.16-100x100.png",100,100,true],"variation_swatches_image_size":["https:\/\/store.tieronesupply.com\/wp-content\/uploads\/2025\/11\/Captura-de-pantalla-2025-11-06-a-las-13.06.16-50x50.png",50,50,true],"variation_swatches_tooltip_size":["https:\/\/store.tieronesupply.com\/wp-content\/uploads\/2025\/11\/Captura-de-pantalla-2025-11-06-a-las-13.06.16-100x100.png",100,100,true]},"uagb_author_info":{"display_name":"Tier One Supply","author_link":"https:\/\/store.tieronesupply.com\/en\/author\/"},"uagb_comment_info":0,"uagb_excerpt":"El NRC D-05R es un sensor galv\u00e1nico de c\u00e9lula de combustible dise\u00f1ado para ofrecer mediciones de ox\u00edgeno precisas, estables y [&hellip;]","_links":{"self":[{"href":"https:\/\/store.tieronesupply.com\/en\/wp-json\/wp\/v2\/product\/2749","targetHints":{"allow":["GET"]}}],"collection":[{"href":"https:\/\/store.tieronesupply.com\/en\/wp-json\/wp\/v2\/product"}],"about":[{"href":"https:\/\/store.tieronesupply.com\/en\/wp-json\/wp\/v2\/types\/product"}],"replies":[{"embeddable":true,"href":"https:\/\/store.tieronesupply.com\/en\/wp-json\/wp\/v2\/comments?post=2749"}],"wp:featuredmedia":[{"embeddable":true,"href":"https:\/\/store.tieronesupply.com\/en\/wp-json\/wp\/v2\/media\/2750"}],"wp:attachment":[{"href":"https:\/\/store.tieronesupply.com\/en\/wp-json\/wp\/v2\/media?parent=2749"}],"wp:term":[{"taxonomy":"product_brand","embeddable":true,"href":"https:\/\/store.tieronesupply.com\/en\/wp-json\/wp\/v2\/product_brand?post=2749"},{"taxonomy":"product_cat","embeddable":true,"href":"https:\/\/store.tieronesupply.com\/en\/wp-json\/wp\/v2\/product_cat?post=2749"},{"taxonomy":"product_tag","embeddable":true,"href":"https:\/\/store.tieronesupply.com\/en\/wp-json\/wp\/v2\/product_tag?post=2749"}],"curies":[{"name":"wp","href":"https:\/\/api.w.org\/{rel}","templated":true}]}}