{"id":2715,"date":"2025-11-05T09:15:44","date_gmt":"2025-11-05T09:15:44","guid":{"rendered":"https:\/\/store.tieronesupply.com\/?post_type=product&#038;p=2715"},"modified":"2026-03-05T09:22:00","modified_gmt":"2026-03-05T09:22:00","slug":"randal-systems-foco-fld6","status":"publish","type":"product","link":"https:\/\/store.tieronesupply.com\/en\/product\/randal-systems-foco-fld6\/","title":{"rendered":"Randal Systems &#8211; FOCO FLD6"},"content":{"rendered":"<p class=\"p1\"><strong>Caracter\u00edsticas:<\/strong><\/p>\n<p class=\"p2\">\u2022 Dise\u00f1o reducido y optimizado para casco.<\/p>\n<p class=\"p2\">\u2022 Igual di\u00e1metro que las videoc\u00e1maras <strong>MC2<\/strong> y <strong>MC3<\/strong>, ahorrando en monturas y fijaciones.<\/p>\n<p class=\"p2\">\u2022 Carcasa compacta, resistente a golpes y vibraciones.<\/p>\n<p class=\"p2\">\u2022 \u00d3ptica optimizada para la toma de fotograf\u00eda y v\u00eddeo (evita zonas de quemado).<\/p>\n<p class=\"p2\">\u2022 Foco regulable compatible con equipos entre<strong> 0-24V.<\/strong><\/p>\n<p class=\"p2\">\u2022 M\u00e1xima potencia con equipos RS espec\u00edficos.<\/p>\n<p>&nbsp;<\/p>\n<p class=\"p1\"><strong>Especificaciones:<\/strong><\/p>\n<p class=\"p2\"><strong><span class=\"s1\">Emisor <\/span>Alimentaci\u00f3n:<\/strong> LED 1x 12W<\/p>\n<p class=\"p2\"><strong>Tensi\u00f3n \/ corriente:<\/strong> 0~24VDC-AC \/2.5A m\u00e1x.<\/p>\n<p class=\"p3\"><strong>Flujo Lumin\u00edco:<\/strong> 1500 ,regulable hasta 5000 l\u00famenes*<\/p>\n<p class=\"p3\"><strong>Temperatura de color<\/strong>: 4500K<\/p>\n<p class=\"p3\"><strong>Profundidad m\u00e1xima:<\/strong> 100 m<\/p>","protected":false},"excerpt":{"rendered":"<p>Sabemos que como buzo profesional\/comercial necesitas una buena iluminaci\u00f3n para todo lo que haces.<\/p>\n<p>Con este foco profesional para el casco no tendr\u00e1s problemas, lo resiste todo y no te dejar\u00e1 colgado.<\/p>\n<p>Preg\u00fantanos para cotizaci\u00f3n<\/p>","protected":false},"featured_media":2716,"comment_status":"open","ping_status":"closed","template":"","meta":{"_uag_custom_page_level_css":"","_kad_blocks_custom_css":"","_kad_blocks_head_custom_js":"","_kad_blocks_body_custom_js":"","_kad_blocks_footer_custom_js":"","site-sidebar-layout":"default","site-content-layout":"","ast-site-content-layout":"default","site-content-style":"default","site-sidebar-style":"default","ast-global-header-display":"","ast-banner-title-visibility":"","ast-main-header-display":"","ast-hfb-above-header-display":"","ast-hfb-below-header-display":"","ast-hfb-mobile-header-display":"","site-post-title":"","ast-breadcrumbs-content":"","ast-featured-img":"","footer-sml-layout":"","ast-disable-related-posts":"","theme-transparent-header-meta":"default","adv-header-id-meta":"","stick-header-meta":"","header-above-stick-meta":"","header-main-stick-meta":"","header-below-stick-meta":"","astra-migrate-meta-layouts":"set","ast-page-background-enabled":"default","ast-page-background-meta":{"desktop":{"background-color":"var(--ast-global-color-5)","background-image":"","background-repeat":"repeat","background-position":"center center","background-size":"auto","background-attachment":"scroll","background-type":"","background-media":"","overlay-type":"","overlay-color":"","overlay-opacity":"","overlay-gradient":""},"tablet":{"background-color":"","background-image":"","background-repeat":"repeat","background-position":"center center","background-size":"auto","background-attachment":"scroll","background-type":"","background-media":"","overlay-type":"","overlay-color":"","overlay-opacity":"","overlay-gradient":""},"mobile":{"background-color":"","background-image":"","background-repeat":"repeat","background-position":"center center","background-size":"auto","background-attachment":"scroll","background-type":"","background-media":"","overlay-type":"","overlay-color":"","overlay-opacity":"","overlay-gradient":""}},"ast-content-background-meta":{"desktop":{"background-color":"var(--ast-global-color-4)","background-image":"","background-repeat":"repeat","background-position":"center center","background-size":"auto","background-attachment":"scroll","background-type":"","background-media":"","overlay-type":"","overlay-color":"","overlay-opacity":"","overlay-gradient":""},"tablet":{"background-color":"var(--ast-global-color-4)","background-image":"","background-repeat":"repeat","background-position":"center center","background-size":"auto","background-attachment":"scroll","background-type":"","background-media":"","overlay-type":"","overlay-color":"","overlay-opacity":"","overlay-gradient":""},"mobile":{"background-color":"var(--ast-global-color-4)","background-image":"","background-repeat":"repeat","background-position":"center center","background-size":"auto","background-attachment":"scroll","background-type":"","background-media":"","overlay-type":"","overlay-color":"","overlay-opacity":"","overlay-gradient":""}}},"product_brand":[83],"product_cat":[109,84],"product_tag":[],"class_list":{"0":"post-2715","1":"product","2":"type-product","3":"status-publish","4":"has-post-thumbnail","6":"product_brand-randal-systems","7":"product_cat-iluminacion-profesional","8":"product_cat-profesional","9":"desktop-align-left","10":"tablet-align-left","11":"mobile-align-left","13":"first","14":"onbackorder","15":"taxable","16":"shipping-taxable","17":"product-type-simple"},"aioseo_notices":[],"taxonomy_info":{"product_brand":[{"value":83,"label":"Randal Systems"}],"product_cat":[{"value":109,"label":"Iluminaci\u00f3n"},{"value":84,"label":"Profesional"}]},"featured_image_src_large":["https:\/\/store.tieronesupply.com\/wp-content\/uploads\/2025\/11\/Captura-de-pantalla-2025-11-05-a-las-10.10.27.png",468,462,false],"author_info":[],"comment_info":0,"spectra_custom_meta":{"_wpv_contains_gutenberg_views":[""],"_edit_lock":["1772702444:1"],"_edit_last":["1"],"_thumbnail_id":["2716"],"total_sales":["0"],"_tax_status":["taxable"],"_tax_class":[""],"_manage_stock":["no"],"_backorders":["no"],"_sold_individually":["no"],"_virtual":["no"],"_downloadable":["no"],"_download_limit":["-1"],"_download_expiry":["-1"],"_stock":[null],"_stock_status":["onbackorder"],"_wc_average_rating":["0"],"_wc_review_count":["0"],"_product_version":["10.4.3"],"_price":[""],"_wc_gla_visibility":["sync-and-show"],"_wc_gla_notification_status":["updated"],"_wc_gla_sync_status":["has-errors"],"_product_image_gallery":["2717,2718"],"_aioseo_keywords":["a:0:{}"],"_aioseo_og_title":[""],"_aioseo_og_description":[""],"_aioseo_og_article_section":[""],"_aioseo_og_article_tags":["a:0:{}"],"_aioseo_twitter_title":[""],"_aioseo_twitter_description":[""],"site-sidebar-layout":["default"],"ast-site-content-layout":["default"],"site-content-style":["default"],"site-sidebar-style":["default"],"theme-transparent-header-meta":["default"],"views_woo_price":["649"],"_wc_gla_synced_at":["1771297212"],"_wc_gla_google_ids":["a:1:{s:2:\"ES\";s:21:\"online:es:ES:gla_2715\";}"],"astra_style_timestamp_css":["1776843834"],"_sale_price":[""],"astra-migrate-meta-layouts":["set"],"views_woo_in_stock":["onbackorder"],"_wc_gla_errors":["a:2:{i:0;s:113:\"[availabilityDate] Availability date is required if you set the product's availability to backorder or pre-order.\";i:1;s:38:\"[price] This value should not be null.\";}"],"_uag_css_file_name":["uag-css-2715.css"],"_uag_page_assets":["a:9:{s:3:\"css\";s:0:\"\";s:2:\"js\";s:0:\"\";s:18:\"current_block_list\";a:14:{i:0;s:11:\"core\/search\";i:1;s:10:\"core\/group\";i:2;s:12:\"core\/heading\";i:3;s:17:\"core\/latest-posts\";i:4;s:20:\"core\/latest-comments\";i:5;s:13:\"core\/archives\";i:6;s:15:\"core\/categories\";i:7;s:13:\"kadence\/image\";i:8;s:16:\"kadence\/iconlist\";i:9;s:16:\"kadence\/listitem\";i:10;s:12:\"kadence\/icon\";i:11;s:19:\"kadence\/single-icon\";i:12;s:17:\"kadence\/rowlayout\";i:13;s:14:\"kadence\/column\";}s:8:\"uag_flag\";b:0;s:11:\"uag_version\";s:10:\"1776904083\";s:6:\"gfonts\";a:0:{}s:10:\"gfonts_url\";s:0:\"\";s:12:\"gfonts_files\";a:0:{}s:14:\"uag_faq_layout\";b:0;}"]},"uagb_featured_image_src":{"full":["https:\/\/store.tieronesupply.com\/wp-content\/uploads\/2025\/11\/Captura-de-pantalla-2025-11-05-a-las-10.10.27.png",468,462,false],"thumbnail":["https:\/\/store.tieronesupply.com\/wp-content\/uploads\/2025\/11\/Captura-de-pantalla-2025-11-05-a-las-10.10.27-150x150.png",150,150,true],"medium":["https:\/\/store.tieronesupply.com\/wp-content\/uploads\/2025\/11\/Captura-de-pantalla-2025-11-05-a-las-10.10.27-300x296.png",300,296,true],"medium_large":["https:\/\/store.tieronesupply.com\/wp-content\/uploads\/2025\/11\/Captura-de-pantalla-2025-11-05-a-las-10.10.27.png",468,462,false],"large":["https:\/\/store.tieronesupply.com\/wp-content\/uploads\/2025\/11\/Captura-de-pantalla-2025-11-05-a-las-10.10.27.png",468,462,false],"1536x1536":["https:\/\/store.tieronesupply.com\/wp-content\/uploads\/2025\/11\/Captura-de-pantalla-2025-11-05-a-las-10.10.27.png",468,462,false],"2048x2048":["https:\/\/store.tieronesupply.com\/wp-content\/uploads\/2025\/11\/Captura-de-pantalla-2025-11-05-a-las-10.10.27.png",468,462,false],"trp-custom-language-flag":["https:\/\/store.tieronesupply.com\/wp-content\/uploads\/2025\/11\/Captura-de-pantalla-2025-11-05-a-las-10.10.27-12x12.png",12,12,true],"woocommerce_thumbnail":["https:\/\/store.tieronesupply.com\/wp-content\/uploads\/2025\/11\/Captura-de-pantalla-2025-11-05-a-las-10.10.27-300x300.png",300,300,true],"woocommerce_single":["https:\/\/store.tieronesupply.com\/wp-content\/uploads\/2025\/11\/Captura-de-pantalla-2025-11-05-a-las-10.10.27.png",468,462,false],"woocommerce_gallery_thumbnail":["https:\/\/store.tieronesupply.com\/wp-content\/uploads\/2025\/11\/Captura-de-pantalla-2025-11-05-a-las-10.10.27-100x100.png",100,100,true],"variation_swatches_image_size":["https:\/\/store.tieronesupply.com\/wp-content\/uploads\/2025\/11\/Captura-de-pantalla-2025-11-05-a-las-10.10.27-50x50.png",50,50,true],"variation_swatches_tooltip_size":["https:\/\/store.tieronesupply.com\/wp-content\/uploads\/2025\/11\/Captura-de-pantalla-2025-11-05-a-las-10.10.27-100x100.png",100,100,true]},"uagb_author_info":{"display_name":"Tier One Supply","author_link":"https:\/\/store.tieronesupply.com\/en\/author\/"},"uagb_comment_info":0,"uagb_excerpt":"Sabemos que como buzo profesional\/comercial necesitas una buena iluminaci\u00f3n para todo lo que haces. Con este foco profesional para el casco no tendr\u00e1s problemas, lo resiste todo y no te dejar\u00e1 colgado. Preg\u00fantanos para cotizaci\u00f3n","_links":{"self":[{"href":"https:\/\/store.tieronesupply.com\/en\/wp-json\/wp\/v2\/product\/2715","targetHints":{"allow":["GET"]}}],"collection":[{"href":"https:\/\/store.tieronesupply.com\/en\/wp-json\/wp\/v2\/product"}],"about":[{"href":"https:\/\/store.tieronesupply.com\/en\/wp-json\/wp\/v2\/types\/product"}],"replies":[{"embeddable":true,"href":"https:\/\/store.tieronesupply.com\/en\/wp-json\/wp\/v2\/comments?post=2715"}],"wp:featuredmedia":[{"embeddable":true,"href":"https:\/\/store.tieronesupply.com\/en\/wp-json\/wp\/v2\/media\/2716"}],"wp:attachment":[{"href":"https:\/\/store.tieronesupply.com\/en\/wp-json\/wp\/v2\/media?parent=2715"}],"wp:term":[{"taxonomy":"product_brand","embeddable":true,"href":"https:\/\/store.tieronesupply.com\/en\/wp-json\/wp\/v2\/product_brand?post=2715"},{"taxonomy":"product_cat","embeddable":true,"href":"https:\/\/store.tieronesupply.com\/en\/wp-json\/wp\/v2\/product_cat?post=2715"},{"taxonomy":"product_tag","embeddable":true,"href":"https:\/\/store.tieronesupply.com\/en\/wp-json\/wp\/v2\/product_tag?post=2715"}],"curies":[{"name":"wp","href":"https:\/\/api.w.org\/{rel}","templated":true}]}}