{"id":2708,"date":"2025-11-05T09:02:06","date_gmt":"2025-11-05T09:02:06","guid":{"rendered":"https:\/\/store.tieronesupply.com\/?post_type=product&#038;p=2708"},"modified":"2026-03-05T09:25:01","modified_gmt":"2026-03-05T09:25:01","slug":"globos-elevadores-pvc900gr-elevador-de-peso-con-1-valvula-y-1-tapon-de-vaciado","status":"publish","type":"product","link":"https:\/\/store.tieronesupply.com\/en\/product\/globos-elevadores-pvc900gr-elevador-de-peso-con-1-valvula-y-1-tapon-de-vaciado\/","title":{"rendered":"Globos Elevadores PVC 900 gr."},"content":{"rendered":"<p class=\"p1\">Elevador de peso resistente fabricado en PVC 900gr, con 1 v\u00e1lvula y tap\u00f3n de vaciado. Dise\u00f1ado para cargas exigentes en entornos submarinos.<\/p>\n<p class=\"p2\">","protected":false},"excerpt":{"rendered":"<p>Elevador de peso resistente fabricado en PVC 900gr, con 1 v\u00e1lvula y tap\u00f3n de vaciado. Dise\u00f1ado para cargas exigentes en [&hellip;]<\/p>","protected":false},"featured_media":2696,"comment_status":"open","ping_status":"closed","template":"","meta":{"_uag_custom_page_level_css":"","_kad_blocks_custom_css":"","_kad_blocks_head_custom_js":"","_kad_blocks_body_custom_js":"","_kad_blocks_footer_custom_js":"","site-sidebar-layout":"default","site-content-layout":"","ast-site-content-layout":"default","site-content-style":"default","site-sidebar-style":"default","ast-global-header-display":"","ast-banner-title-visibility":"","ast-main-header-display":"","ast-hfb-above-header-display":"","ast-hfb-below-header-display":"","ast-hfb-mobile-header-display":"","site-post-title":"","ast-breadcrumbs-content":"","ast-featured-img":"","footer-sml-layout":"","ast-disable-related-posts":"","theme-transparent-header-meta":"default","adv-header-id-meta":"","stick-header-meta":"","header-above-stick-meta":"","header-main-stick-meta":"","header-below-stick-meta":"","astra-migrate-meta-layouts":"set","ast-page-background-enabled":"default","ast-page-background-meta":{"desktop":{"background-color":"var(--ast-global-color-5)","background-image":"","background-repeat":"repeat","background-position":"center center","background-size":"auto","background-attachment":"scroll","background-type":"","background-media":"","overlay-type":"","overlay-color":"","overlay-opacity":"","overlay-gradient":""},"tablet":{"background-color":"","background-image":"","background-repeat":"repeat","background-position":"center center","background-size":"auto","background-attachment":"scroll","background-type":"","background-media":"","overlay-type":"","overlay-color":"","overlay-opacity":"","overlay-gradient":""},"mobile":{"background-color":"","background-image":"","background-repeat":"repeat","background-position":"center center","background-size":"auto","background-attachment":"scroll","background-type":"","background-media":"","overlay-type":"","overlay-color":"","overlay-opacity":"","overlay-gradient":""}},"ast-content-background-meta":{"desktop":{"background-color":"var(--ast-global-color-4)","background-image":"","background-repeat":"repeat","background-position":"center center","background-size":"auto","background-attachment":"scroll","background-type":"","background-media":"","overlay-type":"","overlay-color":"","overlay-opacity":"","overlay-gradient":""},"tablet":{"background-color":"var(--ast-global-color-4)","background-image":"","background-repeat":"repeat","background-position":"center center","background-size":"auto","background-attachment":"scroll","background-type":"","background-media":"","overlay-type":"","overlay-color":"","overlay-opacity":"","overlay-gradient":""},"mobile":{"background-color":"var(--ast-global-color-4)","background-image":"","background-repeat":"repeat","background-position":"center center","background-size":"auto","background-attachment":"scroll","background-type":"","background-media":"","overlay-type":"","overlay-color":"","overlay-opacity":"","overlay-gradient":""}}},"product_brand":[83],"product_cat":[107,84,106],"product_tag":[],"class_list":{"0":"post-2708","1":"product","2":"type-product","3":"status-publish","4":"has-post-thumbnail","6":"product_brand-randal-systems","7":"product_cat-globos-elevadores","8":"product_cat-profesional","9":"product_cat-sar","10":"desktop-align-left","11":"tablet-align-left","12":"mobile-align-left","14":"first","15":"instock","16":"taxable","17":"shipping-taxable","18":"purchasable","19":"product-type-variable"},"aioseo_notices":[],"taxonomy_info":{"product_brand":[{"value":83,"label":"Randal Systems"}],"product_cat":[{"value":107,"label":"Globos Elevadores"},{"value":84,"label":"Profesional"},{"value":106,"label":"SAR"}]},"featured_image_src_large":["https:\/\/store.tieronesupply.com\/wp-content\/uploads\/2025\/11\/Imagen-5-11-25-a-las-9.44-1024x1024.jpg",1024,1024,true],"author_info":[],"comment_info":0,"spectra_custom_meta":{"_wpv_contains_gutenberg_views":[""],"_edit_lock":["1772702708:1"],"_edit_last":["1"],"total_sales":["0"],"_tax_status":["taxable"],"_tax_class":[""],"_manage_stock":["no"],"_backorders":["no"],"_sold_individually":["no"],"_virtual":["no"],"_downloadable":["no"],"_download_limit":["-1"],"_download_expiry":["-1"],"_stock":[null],"_stock_status":["instock"],"_wc_average_rating":["0"],"_wc_review_count":["0"],"_product_attributes":["a:1:{s:8:\"variante\";a:6:{s:4:\"name\";s:8:\"Variante\";s:5:\"value\";s:27:\"2000Kg. | 2500Kg. | 3000Kg.\";s:8:\"position\";i:0;s:10:\"is_visible\";i:1;s:12:\"is_variation\";i:1;s:11:\"is_taxonomy\";i:0;}}"],"_product_version":["10.4.3"],"_price":["749","879","1055"],"_thumbnail_id":["2696"],"_wc_gla_visibility":["sync-and-show"],"_wc_gla_notification_status":["updated"],"_wc_gla_sync_status":["synced"],"_aioseo_keywords":["a:0:{}"],"_aioseo_og_title":[""],"_aioseo_og_description":[""],"_aioseo_og_article_section":[""],"_aioseo_og_article_tags":["a:0:{}"],"_aioseo_twitter_title":[""],"_aioseo_twitter_description":[""],"site-sidebar-layout":["default"],"ast-site-content-layout":["default"],"site-content-style":["default"],"site-sidebar-style":["default"],"theme-transparent-header-meta":["default"],"views_woo_price":["749"],"views_woo_in_stock":["0"],"_wc_gla_synced_at":["1775876481"],"_wc_gla_google_ids":["a:1:{s:2:\"ES\";s:21:\"online:es:ES:gla_2711\";}"],"astra_style_timestamp_css":["1776583949"],"astra-migrate-meta-layouts":["set"],"_uag_css_file_name":["uag-css-2708.css"],"_uag_page_assets":["a:9:{s:3:\"css\";s:260:\".uag-blocks-common-selector{z-index:var(--z-index-desktop) !important}@media(max-width: 976px){.uag-blocks-common-selector{z-index:var(--z-index-tablet) !important}}@media(max-width: 767px){.uag-blocks-common-selector{z-index:var(--z-index-mobile) !important}}\";s:2:\"js\";s:0:\"\";s:18:\"current_block_list\";a:14:{i:0;s:11:\"core\/search\";i:1;s:10:\"core\/group\";i:2;s:12:\"core\/heading\";i:3;s:17:\"core\/latest-posts\";i:4;s:20:\"core\/latest-comments\";i:5;s:13:\"core\/archives\";i:6;s:15:\"core\/categories\";i:7;s:13:\"kadence\/image\";i:8;s:16:\"kadence\/iconlist\";i:9;s:16:\"kadence\/listitem\";i:10;s:12:\"kadence\/icon\";i:11;s:19:\"kadence\/single-icon\";i:12;s:17:\"kadence\/rowlayout\";i:13;s:14:\"kadence\/column\";}s:8:\"uag_flag\";b:0;s:11:\"uag_version\";s:10:\"1776904083\";s:6:\"gfonts\";a:0:{}s:10:\"gfonts_url\";s:0:\"\";s:12:\"gfonts_files\";a:0:{}s:14:\"uag_faq_layout\";b:0;}"],"_wc_gla_mc_status":["approved"]},"uagb_featured_image_src":{"full":["https:\/\/store.tieronesupply.com\/wp-content\/uploads\/2025\/11\/Imagen-5-11-25-a-las-9.44-scaled.jpg",2560,2560,false],"thumbnail":["https:\/\/store.tieronesupply.com\/wp-content\/uploads\/2025\/11\/Imagen-5-11-25-a-las-9.44-150x150.jpg",150,150,true],"medium":["https:\/\/store.tieronesupply.com\/wp-content\/uploads\/2025\/11\/Imagen-5-11-25-a-las-9.44-300x300.jpg",300,300,true],"medium_large":["https:\/\/store.tieronesupply.com\/wp-content\/uploads\/2025\/11\/Imagen-5-11-25-a-las-9.44-768x768.jpg",768,768,true],"large":["https:\/\/store.tieronesupply.com\/wp-content\/uploads\/2025\/11\/Imagen-5-11-25-a-las-9.44-1024x1024.jpg",1024,1024,true],"1536x1536":["https:\/\/store.tieronesupply.com\/wp-content\/uploads\/2025\/11\/Imagen-5-11-25-a-las-9.44-1536x1536.jpg",1536,1536,true],"2048x2048":["https:\/\/store.tieronesupply.com\/wp-content\/uploads\/2025\/11\/Imagen-5-11-25-a-las-9.44-2048x2048.jpg",2048,2048,true],"trp-custom-language-flag":["https:\/\/store.tieronesupply.com\/wp-content\/uploads\/2025\/11\/Imagen-5-11-25-a-las-9.44-12x12.jpg",12,12,true],"woocommerce_thumbnail":["https:\/\/store.tieronesupply.com\/wp-content\/uploads\/2025\/11\/Imagen-5-11-25-a-las-9.44-300x300.jpg",300,300,true],"woocommerce_single":["https:\/\/store.tieronesupply.com\/wp-content\/uploads\/2025\/11\/Imagen-5-11-25-a-las-9.44-600x600.jpg",600,600,true],"woocommerce_gallery_thumbnail":["https:\/\/store.tieronesupply.com\/wp-content\/uploads\/2025\/11\/Imagen-5-11-25-a-las-9.44-100x100.jpg",100,100,true],"variation_swatches_image_size":["https:\/\/store.tieronesupply.com\/wp-content\/uploads\/2025\/11\/Imagen-5-11-25-a-las-9.44-50x50.jpg",50,50,true],"variation_swatches_tooltip_size":["https:\/\/store.tieronesupply.com\/wp-content\/uploads\/2025\/11\/Imagen-5-11-25-a-las-9.44-100x100.jpg",100,100,true]},"uagb_author_info":{"display_name":"Tier One Supply","author_link":"https:\/\/store.tieronesupply.com\/en\/author\/"},"uagb_comment_info":0,"uagb_excerpt":"Elevador de peso resistente fabricado en PVC 900gr, con 1 v\u00e1lvula y tap\u00f3n de vaciado. Dise\u00f1ado para cargas exigentes en [&hellip;]","_links":{"self":[{"href":"https:\/\/store.tieronesupply.com\/en\/wp-json\/wp\/v2\/product\/2708","targetHints":{"allow":["GET"]}}],"collection":[{"href":"https:\/\/store.tieronesupply.com\/en\/wp-json\/wp\/v2\/product"}],"about":[{"href":"https:\/\/store.tieronesupply.com\/en\/wp-json\/wp\/v2\/types\/product"}],"replies":[{"embeddable":true,"href":"https:\/\/store.tieronesupply.com\/en\/wp-json\/wp\/v2\/comments?post=2708"}],"wp:featuredmedia":[{"embeddable":true,"href":"https:\/\/store.tieronesupply.com\/en\/wp-json\/wp\/v2\/media\/2696"}],"wp:attachment":[{"href":"https:\/\/store.tieronesupply.com\/en\/wp-json\/wp\/v2\/media?parent=2708"}],"wp:term":[{"taxonomy":"product_brand","embeddable":true,"href":"https:\/\/store.tieronesupply.com\/en\/wp-json\/wp\/v2\/product_brand?post=2708"},{"taxonomy":"product_cat","embeddable":true,"href":"https:\/\/store.tieronesupply.com\/en\/wp-json\/wp\/v2\/product_cat?post=2708"},{"taxonomy":"product_tag","embeddable":true,"href":"https:\/\/store.tieronesupply.com\/en\/wp-json\/wp\/v2\/product_tag?post=2708"}],"curies":[{"name":"wp","href":"https:\/\/api.w.org\/{rel}","templated":true}]}}