{"id":2597,"date":"2025-10-28T13:38:40","date_gmt":"2025-10-28T13:38:40","guid":{"rendered":"https:\/\/store.tieronesupply.com\/?post_type=product&#038;p=2597"},"modified":"2026-03-05T08:53:59","modified_gmt":"2026-03-05T08:53:59","slug":"rhino-studio-portatorniquete","status":"publish","type":"product","link":"https:\/\/store.tieronesupply.com\/en\/product\/rhino-studio-portatorniquete\/","title":{"rendered":"RS-TAC Portatorniquete"},"content":{"rendered":"<p data-start=\"134\" data-end=\"465\">El porta torniquetes est\u00e1 dise\u00f1ado para ofrecer un acceso r\u00e1pido, seguro y confiable a un elemento esencial en situaciones de emergencia. Su construcci\u00f3n resistente y ligera garantiza la m\u00e1xima durabilidad sin comprometer la agilidad, permitiendo una extracci\u00f3n fluida incluso bajo condiciones de alta tensi\u00f3n.<\/p>\n<p data-start=\"467\" data-end=\"501\"><strong data-start=\"467\" data-end=\"499\">Caracter\u00edsticas principales:<\/strong><\/p>\n<ul data-start=\"502\" data-end=\"1077\">\n<li data-start=\"502\" data-end=\"614\">\n<p data-start=\"504\" data-end=\"614\"><strong data-start=\"504\" data-end=\"522\">Material Curv:<\/strong> Ligero, r\u00edgido y altamente resistente a impactos, ideal para uso profesional e intensivo.<\/p>\n<\/li>\n<li data-start=\"615\" data-end=\"759\">\n<p data-start=\"617\" data-end=\"759\"><strong data-start=\"617\" data-end=\"648\">El\u00e1stico de alta tenacidad:<\/strong> Asegura el torniquete en su lugar, proporcionando una sujeci\u00f3n firme y r\u00e1pida liberaci\u00f3n cuando se requiere.<\/p>\n<\/li>\n<li data-start=\"760\" data-end=\"861\">\n<p data-start=\"762\" data-end=\"861\"><strong data-start=\"762\" data-end=\"788\">Dise\u00f1o de perfil bajo:<\/strong> Ocupa el m\u00ednimo espacio, manteniendo el equipo organizado y accesible.<\/p>\n<\/li>\n<li data-start=\"862\" data-end=\"962\">\n<p data-start=\"864\" data-end=\"962\"><strong data-start=\"864\" data-end=\"891\">Compatibilidad t\u00e1ctica:<\/strong> Puede fijarse en mochilas, chalecos, cinturones o plataformas MOLLE.<\/p>\n<\/li>\n<li data-start=\"963\" data-end=\"1077\">\n<p data-start=\"965\" data-end=\"1077\"><strong data-start=\"965\" data-end=\"1000\">Disponible en colores t\u00e1cticos:<\/strong> Negro, Coyote y Multicam, para adaptarse a distintos entornos y uniformes.<\/p>\n<\/li>\n<\/ul>\n<p data-start=\"1079\" data-end=\"1276\"><strong data-start=\"1079\" data-end=\"1094\">Ideal para:<\/strong><br data-start=\"1094\" data-end=\"1097\" \/>Operadores t\u00e1cticos, personal de emergencias, seguridad o usuarios que requieran portar un torniquete de forma segura, ligera y de acceso inmediato en misiones o entrenamientos.<\/p>\n<p data-start=\"1079\" data-end=\"1276\">No incluye torniquete y tijeras.<\/p>","protected":false},"excerpt":{"rendered":"<p>El porta torniquetes est\u00e1 dise\u00f1ado para ofrecer un acceso r\u00e1pido, seguro y confiable a un elemento esencial en situaciones de [&hellip;]<\/p>","protected":false},"featured_media":2604,"comment_status":"open","ping_status":"closed","template":"","meta":{"_uag_custom_page_level_css":"","_kad_blocks_custom_css":"","_kad_blocks_head_custom_js":"","_kad_blocks_body_custom_js":"","_kad_blocks_footer_custom_js":"","site-sidebar-layout":"default","site-content-layout":"","ast-site-content-layout":"default","site-content-style":"default","site-sidebar-style":"default","ast-global-header-display":"","ast-banner-title-visibility":"","ast-main-header-display":"","ast-hfb-above-header-display":"","ast-hfb-below-header-display":"","ast-hfb-mobile-header-display":"","site-post-title":"","ast-breadcrumbs-content":"","ast-featured-img":"","footer-sml-layout":"","ast-disable-related-posts":"","theme-transparent-header-meta":"default","adv-header-id-meta":"","stick-header-meta":"","header-above-stick-meta":"","header-main-stick-meta":"","header-below-stick-meta":"","astra-migrate-meta-layouts":"set","ast-page-background-enabled":"default","ast-page-background-meta":{"desktop":{"background-color":"var(--ast-global-color-5)","background-image":"","background-repeat":"repeat","background-position":"center center","background-size":"auto","background-attachment":"scroll","background-type":"","background-media":"","overlay-type":"","overlay-color":"","overlay-opacity":"","overlay-gradient":""},"tablet":{"background-color":"","background-image":"","background-repeat":"repeat","background-position":"center center","background-size":"auto","background-attachment":"scroll","background-type":"","background-media":"","overlay-type":"","overlay-color":"","overlay-opacity":"","overlay-gradient":""},"mobile":{"background-color":"","background-image":"","background-repeat":"repeat","background-position":"center center","background-size":"auto","background-attachment":"scroll","background-type":"","background-media":"","overlay-type":"","overlay-color":"","overlay-opacity":"","overlay-gradient":""}},"ast-content-background-meta":{"desktop":{"background-color":"var(--ast-global-color-4)","background-image":"","background-repeat":"repeat","background-position":"center center","background-size":"auto","background-attachment":"scroll","background-type":"","background-media":"","overlay-type":"","overlay-color":"","overlay-opacity":"","overlay-gradient":""},"tablet":{"background-color":"var(--ast-global-color-4)","background-image":"","background-repeat":"repeat","background-position":"center center","background-size":"auto","background-attachment":"scroll","background-type":"","background-media":"","overlay-type":"","overlay-color":"","overlay-opacity":"","overlay-gradient":""},"mobile":{"background-color":"var(--ast-global-color-4)","background-image":"","background-repeat":"repeat","background-position":"center center","background-size":"auto","background-attachment":"scroll","background-type":"","background-media":"","overlay-type":"","overlay-color":"","overlay-opacity":"","overlay-gradient":""}}},"product_brand":[105],"product_cat":[79],"product_tag":[],"class_list":{"0":"post-2597","1":"product","2":"type-product","3":"status-publish","4":"has-post-thumbnail","6":"product_brand-rs-tac","7":"product_cat-material-sanitario","8":"desktop-align-left","9":"tablet-align-left","10":"mobile-align-left","12":"first","13":"instock","14":"taxable","15":"shipping-taxable","16":"purchasable","17":"product-type-variable"},"aioseo_notices":[],"taxonomy_info":{"product_brand":[{"value":105,"label":"RS-TAC"}],"product_cat":[{"value":79,"label":"Material Sanitario"}]},"featured_image_src_large":["https:\/\/store.tieronesupply.com\/wp-content\/uploads\/2025\/10\/20250604-152126-1024x683.jpg",1024,683,true],"author_info":[],"comment_info":0,"spectra_custom_meta":{"_wpv_contains_gutenberg_views":[""],"_edit_lock":["1772700839:1"],"_edit_last":["1"],"total_sales":["0"],"_tax_status":["taxable"],"_tax_class":[""],"_manage_stock":["no"],"_backorders":["no"],"_sold_individually":["no"],"_virtual":["no"],"_downloadable":["no"],"_download_limit":["-1"],"_download_expiry":["-1"],"_stock":[null],"_stock_status":["instock"],"_wc_average_rating":["0"],"_wc_review_count":["0"],"_product_attributes":["a:1:{s:5:\"color\";a:6:{s:4:\"name\";s:5:\"Color\";s:5:\"value\";s:25:\"Negro | Coyote | Multicam\";s:8:\"position\";i:0;s:10:\"is_visible\";i:1;s:12:\"is_variation\";i:1;s:11:\"is_taxonomy\";i:0;}}"],"_product_version":["10.4.3"],"_price":["15"],"_thumbnail_id":["2604"],"_wc_gla_visibility":["sync-and-show"],"_wc_gla_notification_status":["updated"],"_wc_gla_sync_status":["synced"],"_product_image_gallery":["2603,2599,2598"],"_aioseo_keywords":["a:0:{}"],"_aioseo_og_title":[""],"_aioseo_og_description":[""],"_aioseo_og_article_section":[""],"_aioseo_og_article_tags":["a:0:{}"],"_aioseo_twitter_title":[""],"_aioseo_twitter_description":[""],"site-sidebar-layout":["default"],"ast-site-content-layout":["default"],"site-content-style":["default"],"site-sidebar-style":["default"],"theme-transparent-header-meta":["default"],"views_woo_price":["15"],"views_woo_in_stock":["0"],"_wc_gla_synced_at":["1777777248"],"_wc_gla_google_ids":["a:1:{s:2:\"ES\";s:21:\"online:es:ES:gla_2607\";}"],"astra-migrate-meta-layouts":["set"],"astra_style_timestamp_css":["1776546868"],"_uag_css_file_name":["uag-css-2597.css"],"_uag_page_assets":["a:9:{s:3:\"css\";s:260:\".uag-blocks-common-selector{z-index:var(--z-index-desktop) !important}@media(max-width: 976px){.uag-blocks-common-selector{z-index:var(--z-index-tablet) !important}}@media(max-width: 767px){.uag-blocks-common-selector{z-index:var(--z-index-mobile) !important}}\";s:2:\"js\";s:0:\"\";s:18:\"current_block_list\";a:14:{i:0;s:11:\"core\/search\";i:1;s:10:\"core\/group\";i:2;s:12:\"core\/heading\";i:3;s:17:\"core\/latest-posts\";i:4;s:20:\"core\/latest-comments\";i:5;s:13:\"core\/archives\";i:6;s:15:\"core\/categories\";i:7;s:13:\"kadence\/image\";i:8;s:16:\"kadence\/iconlist\";i:9;s:16:\"kadence\/listitem\";i:10;s:12:\"kadence\/icon\";i:11;s:19:\"kadence\/single-icon\";i:12;s:17:\"kadence\/rowlayout\";i:13;s:14:\"kadence\/column\";}s:8:\"uag_flag\";b:0;s:11:\"uag_version\";s:10:\"1776904083\";s:6:\"gfonts\";a:0:{}s:10:\"gfonts_url\";s:0:\"\";s:12:\"gfonts_files\";a:0:{}s:14:\"uag_faq_layout\";b:0;}"],"_wc_gla_mc_status":["approved"]},"uagb_featured_image_src":{"full":["https:\/\/store.tieronesupply.com\/wp-content\/uploads\/2025\/10\/20250604-152126-scaled.jpg",2560,1707,false],"thumbnail":["https:\/\/store.tieronesupply.com\/wp-content\/uploads\/2025\/10\/20250604-152126-150x150.jpg",150,150,true],"medium":["https:\/\/store.tieronesupply.com\/wp-content\/uploads\/2025\/10\/20250604-152126-300x200.jpg",300,200,true],"medium_large":["https:\/\/store.tieronesupply.com\/wp-content\/uploads\/2025\/10\/20250604-152126-768x512.jpg",768,512,true],"large":["https:\/\/store.tieronesupply.com\/wp-content\/uploads\/2025\/10\/20250604-152126-1024x683.jpg",1024,683,true],"1536x1536":["https:\/\/store.tieronesupply.com\/wp-content\/uploads\/2025\/10\/20250604-152126-1536x1024.jpg",1536,1024,true],"2048x2048":["https:\/\/store.tieronesupply.com\/wp-content\/uploads\/2025\/10\/20250604-152126-2048x1365.jpg",2048,1365,true],"trp-custom-language-flag":["https:\/\/store.tieronesupply.com\/wp-content\/uploads\/2025\/10\/20250604-152126-18x12.jpg",18,12,true],"woocommerce_thumbnail":["https:\/\/store.tieronesupply.com\/wp-content\/uploads\/2025\/10\/20250604-152126-300x300.jpg",300,300,true],"woocommerce_single":["https:\/\/store.tieronesupply.com\/wp-content\/uploads\/2025\/10\/20250604-152126-600x400.jpg",600,400,true],"woocommerce_gallery_thumbnail":["https:\/\/store.tieronesupply.com\/wp-content\/uploads\/2025\/10\/20250604-152126-100x100.jpg",100,100,true],"variation_swatches_image_size":["https:\/\/store.tieronesupply.com\/wp-content\/uploads\/2025\/10\/20250604-152126-50x50.jpg",50,50,true],"variation_swatches_tooltip_size":["https:\/\/store.tieronesupply.com\/wp-content\/uploads\/2025\/10\/20250604-152126-100x100.jpg",100,100,true]},"uagb_author_info":{"display_name":"Tier One Supply","author_link":"https:\/\/store.tieronesupply.com\/en\/author\/"},"uagb_comment_info":0,"uagb_excerpt":"El porta torniquetes est\u00e1 dise\u00f1ado para ofrecer un acceso r\u00e1pido, seguro y confiable a un elemento esencial en situaciones de [&hellip;]","_links":{"self":[{"href":"https:\/\/store.tieronesupply.com\/en\/wp-json\/wp\/v2\/product\/2597","targetHints":{"allow":["GET"]}}],"collection":[{"href":"https:\/\/store.tieronesupply.com\/en\/wp-json\/wp\/v2\/product"}],"about":[{"href":"https:\/\/store.tieronesupply.com\/en\/wp-json\/wp\/v2\/types\/product"}],"replies":[{"embeddable":true,"href":"https:\/\/store.tieronesupply.com\/en\/wp-json\/wp\/v2\/comments?post=2597"}],"wp:featuredmedia":[{"embeddable":true,"href":"https:\/\/store.tieronesupply.com\/en\/wp-json\/wp\/v2\/media\/2604"}],"wp:attachment":[{"href":"https:\/\/store.tieronesupply.com\/en\/wp-json\/wp\/v2\/media?parent=2597"}],"wp:term":[{"taxonomy":"product_brand","embeddable":true,"href":"https:\/\/store.tieronesupply.com\/en\/wp-json\/wp\/v2\/product_brand?post=2597"},{"taxonomy":"product_cat","embeddable":true,"href":"https:\/\/store.tieronesupply.com\/en\/wp-json\/wp\/v2\/product_cat?post=2597"},{"taxonomy":"product_tag","embeddable":true,"href":"https:\/\/store.tieronesupply.com\/en\/wp-json\/wp\/v2\/product_tag?post=2597"}],"curies":[{"name":"wp","href":"https:\/\/api.w.org\/{rel}","templated":true}]}}