{"id":2342,"date":"2025-10-16T10:21:21","date_gmt":"2025-10-16T10:21:21","guid":{"rendered":"https:\/\/store.tieronesupply.com\/?post_type=product&#038;p=2342"},"modified":"2026-01-08T08:22:22","modified_gmt":"2026-01-08T08:22:22","slug":"poseidon-black-line-mask","status":"publish","type":"product","link":"https:\/\/store.tieronesupply.com\/en\/product\/poseidon-black-line-mask\/","title":{"rendered":"M\u00e1scara Poseidon Black Line Mask"},"content":{"rendered":"<p data-start=\"114\" data-end=\"374\"><strong data-start=\"114\" data-end=\"171\">Esta m\u00e1scara de volumen ultra reducido y acabado mate<\/strong> presenta un dise\u00f1o \u00fanico, ligero y sin marco, con un solo lente inclinado ligeramente hacia abajo para ofrecer un campo de visi\u00f3n excepcional y una gran comodidad en la mayor\u00eda de los tipos de rostro.<\/p>\n<p data-start=\"376\" data-end=\"807\">La <strong data-start=\"379\" data-end=\"417\">falda extra profunda y ultra suave<\/strong> garantiza un ajuste c\u00f3modo y resistente a filtraciones, incluso para buceadores con barba. Mientras que otras m\u00e1scaras obligan a elegir entre un bajo volumen para un f\u00e1cil vaciado o un solo lente para una mayor amplitud visual, la <strong data-start=\"649\" data-end=\"681\">tecnolog\u00eda LVSL\u00a9 de Poseidon<\/strong> combina lo mejor de ambos mundos en un dise\u00f1o sin marco: bajo volumen de f\u00e1cil purga y una visi\u00f3n panor\u00e1mica sin compromisos.<\/p>","protected":false},"excerpt":{"rendered":"<p>Esta m\u00e1scara de volumen ultra reducido y acabado mate presenta un dise\u00f1o \u00fanico, ligero y sin marco, con un solo [&hellip;]<\/p>","protected":false},"featured_media":2343,"comment_status":"open","ping_status":"closed","template":"","meta":{"_uag_custom_page_level_css":"","_kad_blocks_custom_css":"","_kad_blocks_head_custom_js":"","_kad_blocks_body_custom_js":"","_kad_blocks_footer_custom_js":"","site-sidebar-layout":"default","site-content-layout":"","ast-site-content-layout":"default","site-content-style":"default","site-sidebar-style":"default","ast-global-header-display":"","ast-banner-title-visibility":"","ast-main-header-display":"","ast-hfb-above-header-display":"","ast-hfb-below-header-display":"","ast-hfb-mobile-header-display":"","site-post-title":"","ast-breadcrumbs-content":"","ast-featured-img":"","footer-sml-layout":"","ast-disable-related-posts":"","theme-transparent-header-meta":"default","adv-header-id-meta":"","stick-header-meta":"","header-above-stick-meta":"","header-main-stick-meta":"","header-below-stick-meta":"","astra-migrate-meta-layouts":"set","ast-page-background-enabled":"default","ast-page-background-meta":{"desktop":{"background-color":"var(--ast-global-color-5)","background-image":"","background-repeat":"repeat","background-position":"center center","background-size":"auto","background-attachment":"scroll","background-type":"","background-media":"","overlay-type":"","overlay-color":"","overlay-opacity":"","overlay-gradient":""},"tablet":{"background-color":"","background-image":"","background-repeat":"repeat","background-position":"center center","background-size":"auto","background-attachment":"scroll","background-type":"","background-media":"","overlay-type":"","overlay-color":"","overlay-opacity":"","overlay-gradient":""},"mobile":{"background-color":"","background-image":"","background-repeat":"repeat","background-position":"center center","background-size":"auto","background-attachment":"scroll","background-type":"","background-media":"","overlay-type":"","overlay-color":"","overlay-opacity":"","overlay-gradient":""}},"ast-content-background-meta":{"desktop":{"background-color":"var(--ast-global-color-4)","background-image":"","background-repeat":"repeat","background-position":"center center","background-size":"auto","background-attachment":"scroll","background-type":"","background-media":"","overlay-type":"","overlay-color":"","overlay-opacity":"","overlay-gradient":""},"tablet":{"background-color":"var(--ast-global-color-4)","background-image":"","background-repeat":"repeat","background-position":"center center","background-size":"auto","background-attachment":"scroll","background-type":"","background-media":"","overlay-type":"","overlay-color":"","overlay-opacity":"","overlay-gradient":""},"mobile":{"background-color":"var(--ast-global-color-4)","background-image":"","background-repeat":"repeat","background-position":"center center","background-size":"auto","background-attachment":"scroll","background-type":"","background-media":"","overlay-type":"","overlay-color":"","overlay-opacity":"","overlay-gradient":""}}},"product_brand":[32],"product_cat":[55],"product_tag":[],"class_list":{"0":"post-2342","1":"product","2":"type-product","3":"status-publish","4":"has-post-thumbnail","6":"product_brand-poseidon","7":"product_cat-mascaras","8":"desktop-align-left","9":"tablet-align-left","10":"mobile-align-left","12":"first","13":"onbackorder","14":"featured","15":"taxable","16":"shipping-taxable","17":"purchasable","18":"product-type-simple"},"aioseo_notices":[],"taxonomy_info":{"product_brand":[{"value":32,"label":"Poseidon"}],"product_cat":[{"value":55,"label":"M\u00e1scaras"}]},"featured_image_src_large":["https:\/\/store.tieronesupply.com\/wp-content\/uploads\/2025\/10\/Black-Line-Mask_0720-160_01.jpg-1024x1024.webp",1024,1024,true],"author_info":[],"comment_info":0,"spectra_custom_meta":{"_wpv_contains_gutenberg_views":[""],"_edit_lock":["1767860542:1"],"_edit_last":["1"],"_thumbnail_id":["2343"],"_sku":["0720-160"],"_regular_price":["79.50"],"total_sales":["0"],"_tax_status":["taxable"],"_tax_class":[""],"_manage_stock":["no"],"_backorders":["no"],"_sold_individually":["no"],"_virtual":["no"],"_downloadable":["no"],"_download_limit":["-1"],"_download_expiry":["-1"],"_stock":[null],"_stock_status":["onbackorder"],"_wc_average_rating":["0"],"_wc_review_count":["0"],"_product_version":["10.4.3"],"_price":["79.50"],"_wc_gla_brand":["Poseidon Diving Systems"],"_wc_gla_condition":["new"],"_wc_gla_visibility":["sync-and-show"],"_wc_gla_notification_status":["updated"],"_wc_gla_sync_status":["has-errors"],"_product_image_gallery":["2344,2345"],"_aioseo_keywords":["a:0:{}"],"_aioseo_og_title":[""],"_aioseo_og_description":[""],"_aioseo_og_article_section":[""],"_aioseo_og_article_tags":["a:0:{}"],"_aioseo_twitter_title":[""],"_aioseo_twitter_description":[""],"site-sidebar-layout":["default"],"ast-site-content-layout":["default"],"site-content-style":["default"],"site-sidebar-style":["default"],"theme-transparent-header-meta":["default"],"astra-migrate-meta-layouts":["set"],"views_woo_price":["79,50"],"_wc_gla_synced_at":["1767668439"],"_wc_gla_google_ids":["a:1:{s:2:\"ES\";s:21:\"online:es:ES:gla_2342\";}"],"astra_style_timestamp_css":["1776546812"],"views_woo_in_stock":["onbackorder"],"_wc_gla_errors":["a:1:{i:0;s:113:\"[availabilityDate] Availability date is required if you set the product's availability to backorder or pre-order.\";}"],"_uag_css_file_name":["uag-css-2342.css"],"_uag_page_assets":["a:9:{s:3:\"css\";s:260:\".uag-blocks-common-selector{z-index:var(--z-index-desktop) !important}@media(max-width: 976px){.uag-blocks-common-selector{z-index:var(--z-index-tablet) !important}}@media(max-width: 767px){.uag-blocks-common-selector{z-index:var(--z-index-mobile) !important}}\";s:2:\"js\";s:0:\"\";s:18:\"current_block_list\";a:14:{i:0;s:11:\"core\/search\";i:1;s:10:\"core\/group\";i:2;s:12:\"core\/heading\";i:3;s:17:\"core\/latest-posts\";i:4;s:20:\"core\/latest-comments\";i:5;s:13:\"core\/archives\";i:6;s:15:\"core\/categories\";i:7;s:13:\"kadence\/image\";i:8;s:16:\"kadence\/iconlist\";i:9;s:16:\"kadence\/listitem\";i:10;s:12:\"kadence\/icon\";i:11;s:19:\"kadence\/single-icon\";i:12;s:17:\"kadence\/rowlayout\";i:13;s:14:\"kadence\/column\";}s:8:\"uag_flag\";b:0;s:11:\"uag_version\";s:10:\"1776904083\";s:6:\"gfonts\";a:0:{}s:10:\"gfonts_url\";s:0:\"\";s:12:\"gfonts_files\";a:0:{}s:14:\"uag_faq_layout\";b:0;}"],"_wc_gla_mc_status":["approved"]},"uagb_featured_image_src":{"full":["https:\/\/store.tieronesupply.com\/wp-content\/uploads\/2025\/10\/Black-Line-Mask_0720-160_01.jpg.webp",2000,2000,false],"thumbnail":["https:\/\/store.tieronesupply.com\/wp-content\/uploads\/2025\/10\/Black-Line-Mask_0720-160_01.jpg-150x150.webp",150,150,true],"medium":["https:\/\/store.tieronesupply.com\/wp-content\/uploads\/2025\/10\/Black-Line-Mask_0720-160_01.jpg-300x300.webp",300,300,true],"medium_large":["https:\/\/store.tieronesupply.com\/wp-content\/uploads\/2025\/10\/Black-Line-Mask_0720-160_01.jpg-768x768.webp",768,768,true],"large":["https:\/\/store.tieronesupply.com\/wp-content\/uploads\/2025\/10\/Black-Line-Mask_0720-160_01.jpg-1024x1024.webp",1024,1024,true],"1536x1536":["https:\/\/store.tieronesupply.com\/wp-content\/uploads\/2025\/10\/Black-Line-Mask_0720-160_01.jpg-1536x1536.webp",1536,1536,true],"2048x2048":["https:\/\/store.tieronesupply.com\/wp-content\/uploads\/2025\/10\/Black-Line-Mask_0720-160_01.jpg.webp",2000,2000,false],"trp-custom-language-flag":["https:\/\/store.tieronesupply.com\/wp-content\/uploads\/2025\/10\/Black-Line-Mask_0720-160_01.jpg-12x12.webp",12,12,true],"woocommerce_thumbnail":["https:\/\/store.tieronesupply.com\/wp-content\/uploads\/2025\/10\/Black-Line-Mask_0720-160_01.jpg-300x300.webp",300,300,true],"woocommerce_single":["https:\/\/store.tieronesupply.com\/wp-content\/uploads\/2025\/10\/Black-Line-Mask_0720-160_01.jpg-600x600.webp",600,600,true],"woocommerce_gallery_thumbnail":["https:\/\/store.tieronesupply.com\/wp-content\/uploads\/2025\/10\/Black-Line-Mask_0720-160_01.jpg-100x100.webp",100,100,true],"variation_swatches_image_size":["https:\/\/store.tieronesupply.com\/wp-content\/uploads\/2025\/10\/Black-Line-Mask_0720-160_01.jpg-50x50.webp",50,50,true],"variation_swatches_tooltip_size":["https:\/\/store.tieronesupply.com\/wp-content\/uploads\/2025\/10\/Black-Line-Mask_0720-160_01.jpg-100x100.webp",100,100,true]},"uagb_author_info":{"display_name":"Tier One Supply","author_link":"https:\/\/store.tieronesupply.com\/en\/author\/"},"uagb_comment_info":0,"uagb_excerpt":"Esta m\u00e1scara de volumen ultra reducido y acabado mate presenta un dise\u00f1o \u00fanico, ligero y sin marco, con un solo [&hellip;]","_links":{"self":[{"href":"https:\/\/store.tieronesupply.com\/en\/wp-json\/wp\/v2\/product\/2342","targetHints":{"allow":["GET"]}}],"collection":[{"href":"https:\/\/store.tieronesupply.com\/en\/wp-json\/wp\/v2\/product"}],"about":[{"href":"https:\/\/store.tieronesupply.com\/en\/wp-json\/wp\/v2\/types\/product"}],"replies":[{"embeddable":true,"href":"https:\/\/store.tieronesupply.com\/en\/wp-json\/wp\/v2\/comments?post=2342"}],"wp:featuredmedia":[{"embeddable":true,"href":"https:\/\/store.tieronesupply.com\/en\/wp-json\/wp\/v2\/media\/2343"}],"wp:attachment":[{"href":"https:\/\/store.tieronesupply.com\/en\/wp-json\/wp\/v2\/media?parent=2342"}],"wp:term":[{"taxonomy":"product_brand","embeddable":true,"href":"https:\/\/store.tieronesupply.com\/en\/wp-json\/wp\/v2\/product_brand?post=2342"},{"taxonomy":"product_cat","embeddable":true,"href":"https:\/\/store.tieronesupply.com\/en\/wp-json\/wp\/v2\/product_cat?post=2342"},{"taxonomy":"product_tag","embeddable":true,"href":"https:\/\/store.tieronesupply.com\/en\/wp-json\/wp\/v2\/product_tag?post=2342"}],"curies":[{"name":"wp","href":"https:\/\/api.w.org\/{rel}","templated":true}]}}