{"id":234,"date":"2025-07-09T09:21:47","date_gmt":"2025-07-09T09:21:47","guid":{"rendered":"https:\/\/store.tieronesupply.com\/?post_type=product&#038;p=234"},"modified":"2026-03-19T11:19:52","modified_gmt":"2026-03-19T11:19:52","slug":"botas-otb-abyss","status":"publish","type":"product","link":"https:\/\/store.tieronesupply.com\/en\/product\/botas-otb-abyss\/","title":{"rendered":"Botas Mar\u00edtimas OTB Abyss Black"},"content":{"rendered":"<p>Comodidad Atl\u00e9tica:<\/p>\n<p>\u2022 Suela exterior GRIP-STIK WET de tracci\u00f3n m\u00faltiple en superficies mojadas, con dise\u00f1o de tal\u00f3n dentado probado en operaciones para mejor agarre en pelda\u00f1os de escaleras de espeleolog\u00eda.<\/p>\n<p>\u2022 Borde de goma para escalada GRIP-STIK WET probado en campo, con puertos de drenaje estrat\u00e9gicamente ubicados que proporcionan tracci\u00f3n y protecci\u00f3n.<\/p>\n<p>\u2022 Amortiguaci\u00f3n de espuma EVA Future Foam con una entresuela de polipropileno de longitud completa para rigidez y soporte al subir escaleras de espeleolog\u00eda.<\/p>\n<p>\u2022 Plantilla de EVA sellada al agua con sistema de drenaje dise\u00f1ado estrat\u00e9gicamente para facilitar la evacuaci\u00f3n del agua.<\/p>\n<p>Sistema de rendimiento:<\/p>\n<p>\u2022 Dise\u00f1o tipo calcet\u00edn hidrof\u00f3bico y apto para el agua, que no absorbe l\u00edquidos, con cuello anti-arena que evita la entrada de part\u00edculas durante operaciones en la playa.<\/p>\n<p>\u2022 Tiradores de cinta en el tal\u00f3n y la parte frontal para facilitar la colocaci\u00f3n. Sistema de cordones planos y sin puntos de presi\u00f3n, probado en operaciones, para nadar largas distancias sin molestias.<\/p>\n<p>\u2022 Dise\u00f1o optimizado para usarse con la mayor\u00eda de las aletas de buceo est\u00e1ndar.<\/p>","protected":false},"excerpt":{"rendered":"<p data-start=\"51\" data-end=\"249\"><strong data-start=\"51\" data-end=\"83\">Aprobadas por los Navy Seals:<\/strong><br data-start=\"83\" data-end=\"86\" \/>Construcci\u00f3n de drenaje r\u00e1pido para un rendimiento \u00f3ptimo en entornos h\u00famedos. Probado y aprobado por los operadores de fuerzas especiales m\u00e1s exigentes del mundo.<\/p>\n<p data-start=\"251\" data-end=\"389\"><strong data-start=\"251\" data-end=\"266\">Ideal para:<\/strong><br data-start=\"266\" data-end=\"269\" \/>Misiones en el agua, buceo y operaciones costeras (OTB). El modelo Abyss es compatible con aletas de nataci\u00f3n militares.<\/p>","protected":false},"featured_media":239,"comment_status":"open","ping_status":"closed","template":"","meta":{"_uag_custom_page_level_css":"","_kad_blocks_custom_css":"","_kad_blocks_head_custom_js":"","_kad_blocks_body_custom_js":"","_kad_blocks_footer_custom_js":"","site-sidebar-layout":"default","site-content-layout":"","ast-site-content-layout":"default","site-content-style":"default","site-sidebar-style":"default","ast-global-header-display":"","ast-banner-title-visibility":"","ast-main-header-display":"","ast-hfb-above-header-display":"","ast-hfb-below-header-display":"","ast-hfb-mobile-header-display":"","site-post-title":"","ast-breadcrumbs-content":"","ast-featured-img":"","footer-sml-layout":"","ast-disable-related-posts":"","theme-transparent-header-meta":"default","adv-header-id-meta":"","stick-header-meta":"","header-above-stick-meta":"","header-main-stick-meta":"","header-below-stick-meta":"","astra-migrate-meta-layouts":"set","ast-page-background-enabled":"default","ast-page-background-meta":{"desktop":{"background-color":"var(--ast-global-color-5)","background-image":"","background-repeat":"repeat","background-position":"center center","background-size":"auto","background-attachment":"scroll","background-type":"","background-media":"","overlay-type":"","overlay-color":"","overlay-opacity":"","overlay-gradient":""},"tablet":{"background-color":"","background-image":"","background-repeat":"repeat","background-position":"center center","background-size":"auto","background-attachment":"scroll","background-type":"","background-media":"","overlay-type":"","overlay-color":"","overlay-opacity":"","overlay-gradient":""},"mobile":{"background-color":"","background-image":"","background-repeat":"repeat","background-position":"center center","background-size":"auto","background-attachment":"scroll","background-type":"","background-media":"","overlay-type":"","overlay-color":"","overlay-opacity":"","overlay-gradient":""}},"ast-content-background-meta":{"desktop":{"background-color":"var(--ast-global-color-4)","background-image":"","background-repeat":"repeat","background-position":"center center","background-size":"auto","background-attachment":"scroll","background-type":"","background-media":"","overlay-type":"","overlay-color":"","overlay-opacity":"","overlay-gradient":""},"tablet":{"background-color":"var(--ast-global-color-4)","background-image":"","background-repeat":"repeat","background-position":"center center","background-size":"auto","background-attachment":"scroll","background-type":"","background-media":"","overlay-type":"","overlay-color":"","overlay-opacity":"","overlay-gradient":""},"mobile":{"background-color":"var(--ast-global-color-4)","background-image":"","background-repeat":"repeat","background-position":"center center","background-size":"auto","background-attachment":"scroll","background-type":"","background-media":"","overlay-type":"","overlay-color":"","overlay-opacity":"","overlay-gradient":""}}},"product_brand":[36],"product_cat":[37,59],"product_tag":[],"class_list":{"0":"post-234","1":"product","2":"type-product","3":"status-publish","4":"has-post-thumbnail","6":"product_brand-otb-boots","7":"product_cat-botas","8":"product_cat-calzado","9":"desktop-align-left","10":"tablet-align-left","11":"mobile-align-left","13":"first","14":"instock","15":"sale","16":"featured","17":"taxable","18":"shipping-taxable","19":"purchasable","20":"product-type-variable"},"aioseo_notices":[],"taxonomy_info":{"product_brand":[{"value":36,"label":"OTB Boots"}],"product_cat":[{"value":37,"label":"Botas"},{"value":59,"label":"Calzado"}]},"featured_image_src_large":["https:\/\/store.tieronesupply.com\/wp-content\/uploads\/2025\/07\/Copy-of-Abyss-Right-Floating-1024x1024.png",1024,1024,true],"author_info":[],"comment_info":0,"spectra_custom_meta":{"_edit_last":["1"],"_edit_lock":["1773919248:1"],"total_sales":["1"],"_tax_status":["taxable"],"_tax_class":[""],"_manage_stock":["no"],"_backorders":["no"],"_sold_individually":["no"],"_virtual":["no"],"_downloadable":["no"],"_download_limit":["-1"],"_download_expiry":["-1"],"_stock":[null],"_stock_status":["instock"],"_wc_average_rating":["0"],"_wc_review_count":["0"],"_product_attributes":["a:1:{s:5:\"talla\";a:6:{s:4:\"name\";s:5:\"Talla\";s:5:\"value\";s:110:\"37 | 37,5 | 38 | 38,5 | 39 | 40 | 41 | 41,5 | 42 | 42,5 | 43 | 43,5 | 44 | 44,5 | 45 | 46 | 46,5 | 47,5 | 48,5\";s:8:\"position\";i:0;s:10:\"is_visible\";i:1;s:12:\"is_variation\";i:1;s:11:\"is_taxonomy\";i:0;}}"],"_product_version":["10.4.3"],"_product_image_gallery":["242,240,241,243,245"],"_aioseo_keywords":["a:0:{}"],"_aioseo_og_title":[""],"_aioseo_og_description":[""],"_aioseo_og_article_section":[""],"_aioseo_og_article_tags":["a:0:{}"],"_aioseo_twitter_title":[""],"_aioseo_twitter_description":[""],"_et_pb_post_hide_nav":["default"],"_et_pb_page_layout":["et_right_sidebar"],"_et_pb_side_nav":["off"],"_et_pb_use_builder":[""],"_et_pb_first_image":[""],"_et_pb_truncate_post":[""],"_et_pb_truncate_post_date":[""],"_et_pb_old_content":[""],"_thumbnail_id":["239"],"_et_builder_dynamic_assets_loading_attr_threshold":["4"],"views_woo_price":["220"],"views_woo_on_sale":["0"],"views_woo_in_stock":["0"],"site-sidebar-layout":["default"],"ast-site-content-layout":["default"],"site-content-style":["default"],"site-sidebar-style":["default"],"theme-transparent-header-meta":["default"],"_wpv_contains_gutenberg_views":[""],"_wc_gla_visibility":["sync-and-show"],"_wc_gla_sync_status":["synced"],"astra_style_timestamp_css":["1776430867"],"_wc_gla_notification_status":["updated"],"_wc_gla_synced_at":["1776135638"],"_wc_gla_google_ids":["a:1:{s:2:\"ES\";s:21:\"online:es:ES:gla_1975\";}"],"_price":["119"],"astra-migrate-meta-layouts":["set"],"_uag_css_file_name":["uag-css-234.css"],"_uag_page_assets":["a:9:{s:3:\"css\";s:260:\".uag-blocks-common-selector{z-index:var(--z-index-desktop) !important}@media(max-width: 976px){.uag-blocks-common-selector{z-index:var(--z-index-tablet) !important}}@media(max-width: 767px){.uag-blocks-common-selector{z-index:var(--z-index-mobile) !important}}\";s:2:\"js\";s:0:\"\";s:18:\"current_block_list\";a:14:{i:0;s:11:\"core\/search\";i:1;s:10:\"core\/group\";i:2;s:12:\"core\/heading\";i:3;s:17:\"core\/latest-posts\";i:4;s:20:\"core\/latest-comments\";i:5;s:13:\"core\/archives\";i:6;s:15:\"core\/categories\";i:7;s:13:\"kadence\/image\";i:8;s:16:\"kadence\/iconlist\";i:9;s:16:\"kadence\/listitem\";i:10;s:12:\"kadence\/icon\";i:11;s:19:\"kadence\/single-icon\";i:12;s:17:\"kadence\/rowlayout\";i:13;s:14:\"kadence\/column\";}s:8:\"uag_flag\";b:0;s:11:\"uag_version\";s:10:\"1776904083\";s:6:\"gfonts\";a:0:{}s:10:\"gfonts_url\";s:0:\"\";s:12:\"gfonts_files\";a:0:{}s:14:\"uag_faq_layout\";b:0;}"],"_wc_gla_mc_status":["approved"]},"uagb_featured_image_src":{"full":["https:\/\/store.tieronesupply.com\/wp-content\/uploads\/2025\/07\/Copy-of-Abyss-Right-Floating-scaled.png",2560,2560,false],"thumbnail":["https:\/\/store.tieronesupply.com\/wp-content\/uploads\/2025\/07\/Copy-of-Abyss-Right-Floating-150x150.png",150,150,true],"medium":["https:\/\/store.tieronesupply.com\/wp-content\/uploads\/2025\/07\/Copy-of-Abyss-Right-Floating-300x300.png",300,300,true],"medium_large":["https:\/\/store.tieronesupply.com\/wp-content\/uploads\/2025\/07\/Copy-of-Abyss-Right-Floating-768x768.png",768,768,true],"large":["https:\/\/store.tieronesupply.com\/wp-content\/uploads\/2025\/07\/Copy-of-Abyss-Right-Floating-1024x1024.png",1024,1024,true],"1536x1536":["https:\/\/store.tieronesupply.com\/wp-content\/uploads\/2025\/07\/Copy-of-Abyss-Right-Floating-1536x1536.png",1536,1536,true],"2048x2048":["https:\/\/store.tieronesupply.com\/wp-content\/uploads\/2025\/07\/Copy-of-Abyss-Right-Floating-2048x2048.png",2048,2048,true],"trp-custom-language-flag":["https:\/\/store.tieronesupply.com\/wp-content\/uploads\/2025\/07\/Copy-of-Abyss-Right-Floating-scaled.png",12,12,false],"woocommerce_thumbnail":["https:\/\/store.tieronesupply.com\/wp-content\/uploads\/2025\/07\/Copy-of-Abyss-Right-Floating-300x300.png",300,300,true],"woocommerce_single":["https:\/\/store.tieronesupply.com\/wp-content\/uploads\/2025\/07\/Copy-of-Abyss-Right-Floating-600x600.png",600,600,true],"woocommerce_gallery_thumbnail":["https:\/\/store.tieronesupply.com\/wp-content\/uploads\/2025\/07\/Copy-of-Abyss-Right-Floating-100x100.png",100,100,true],"variation_swatches_image_size":["https:\/\/store.tieronesupply.com\/wp-content\/uploads\/2025\/07\/Copy-of-Abyss-Right-Floating-scaled.png",50,50,false],"variation_swatches_tooltip_size":["https:\/\/store.tieronesupply.com\/wp-content\/uploads\/2025\/07\/Copy-of-Abyss-Right-Floating-scaled.png",100,100,false]},"uagb_author_info":{"display_name":"Tier One Supply","author_link":"https:\/\/store.tieronesupply.com\/en\/author\/"},"uagb_comment_info":0,"uagb_excerpt":"Aprobadas por los Navy Seals:Construcci\u00f3n de drenaje r\u00e1pido para un rendimiento \u00f3ptimo en entornos h\u00famedos. Probado y aprobado por los operadores de fuerzas especiales m\u00e1s exigentes del mundo. Ideal para:Misiones en el agua, buceo y operaciones costeras (OTB). El modelo Abyss es compatible con aletas de nataci\u00f3n militares.","_links":{"self":[{"href":"https:\/\/store.tieronesupply.com\/en\/wp-json\/wp\/v2\/product\/234","targetHints":{"allow":["GET"]}}],"collection":[{"href":"https:\/\/store.tieronesupply.com\/en\/wp-json\/wp\/v2\/product"}],"about":[{"href":"https:\/\/store.tieronesupply.com\/en\/wp-json\/wp\/v2\/types\/product"}],"replies":[{"embeddable":true,"href":"https:\/\/store.tieronesupply.com\/en\/wp-json\/wp\/v2\/comments?post=234"}],"wp:featuredmedia":[{"embeddable":true,"href":"https:\/\/store.tieronesupply.com\/en\/wp-json\/wp\/v2\/media\/239"}],"wp:attachment":[{"href":"https:\/\/store.tieronesupply.com\/en\/wp-json\/wp\/v2\/media?parent=234"}],"wp:term":[{"taxonomy":"product_brand","embeddable":true,"href":"https:\/\/store.tieronesupply.com\/en\/wp-json\/wp\/v2\/product_brand?post=234"},{"taxonomy":"product_cat","embeddable":true,"href":"https:\/\/store.tieronesupply.com\/en\/wp-json\/wp\/v2\/product_cat?post=234"},{"taxonomy":"product_tag","embeddable":true,"href":"https:\/\/store.tieronesupply.com\/en\/wp-json\/wp\/v2\/product_tag?post=234"}],"curies":[{"name":"wp","href":"https:\/\/api.w.org\/{rel}","templated":true}]}}