{"id":2264,"date":"2025-10-14T11:56:43","date_gmt":"2025-10-14T11:56:43","guid":{"rendered":"https:\/\/store.tieronesupply.com\/?post_type=product&#038;p=2264"},"modified":"2026-04-15T11:00:36","modified_gmt":"2026-04-15T11:00:36","slug":"poseidon-origo-bcd","status":"publish","type":"product","link":"https:\/\/store.tieronesupply.com\/en\/product\/poseidon-origo-bcd\/","title":{"rendered":"Poseidon Jacket Poseidon Origo BCD"},"content":{"rendered":"<p data-start=\"0\" data-end=\"371\"><strong data-start=\"0\" data-end=\"28\">INFORMACI\u00d3N DEL PRODUCTO<\/strong><br data-start=\"28\" data-end=\"31\" \/>Ideal tanto para buceadores principiantes como experimentados que buscan un chaleco que ofrezca rendimiento constante y fiabilidad incluso tras un uso prolongado. El <strong data-start=\"197\" data-end=\"210\">Origo BCD<\/strong> est\u00e1 fabricado con los m\u00e1s altos est\u00e1ndares de calidad y durabilidad, utilizando <strong data-start=\"292\" data-end=\"311\">nylon bal\u00edstico<\/strong>, <strong data-start=\"313\" data-end=\"345\" data-is-only-node=\"\">cremalleras impermeables YKK<\/strong> y acabados artesanales.<\/p>\n<p data-start=\"373\" data-end=\"669\">Su dise\u00f1o es sencillo y funcional, pero incluye todos los elementos esenciales: <strong data-start=\"453\" data-end=\"487\">bolsillos de lastre integrados<\/strong>, <strong data-start=\"489\" data-end=\"518\">bolsillos para accesorios<\/strong>, <strong data-start=\"520\" data-end=\"536\">anillas en D<\/strong> y una <strong data-start=\"543\" data-end=\"562\">correa inguinal<\/strong>, ideal para un ajuste perfecto y especialmente \u00fatil al bucear con un <strong data-start=\"632\" data-end=\"666\">DPV (Diver Propulsion Vehicle)<\/strong>.<\/p>\n<p data-start=\"671\" data-end=\"842\"><strong data-start=\"671\" data-end=\"698\">Flotabilidad por talla:<\/strong><br data-start=\"698\" data-end=\"701\" \/>S = 90 N | M = 100 N | L = 110 N | XL = 140 N<br data-start=\"746\" data-end=\"749\" \/><strong data-start=\"749\" data-end=\"758\">Peso:<\/strong> 3000 g<br data-start=\"765\" data-end=\"768\" data-is-only-node=\"\" \/><strong data-start=\"768\" data-end=\"781\">Material:<\/strong> Nylon Premium 1680 y Cordura 1000<br data-start=\"815\" data-end=\"818\" \/><strong data-start=\"818\" data-end=\"826\">EAN:<\/strong> 7340193702910<\/p>\n<p data-start=\"844\" data-end=\"877\"><strong data-start=\"844\" data-end=\"875\">CARACTER\u00cdSTICAS PRINCIPALES<\/strong><\/p>\n<ul data-start=\"878\" data-end=\"1262\" data-is-last-node=\"\" data-is-only-node=\"\">\n<li data-start=\"878\" data-end=\"937\">\n<p data-start=\"880\" data-end=\"937\">Bolsillos de lastre integrados (hasta 5 kg \/ 10\u201312 lbs)<\/p>\n<\/li>\n<li data-start=\"938\" data-end=\"978\">\n<p data-start=\"940\" data-end=\"978\">Bolsillos para accesorios integrados<\/p>\n<\/li>\n<li data-start=\"979\" data-end=\"1004\">\n<p data-start=\"981\" data-end=\"1004\">3 v\u00e1lvulas de vaciado<\/p>\n<\/li>\n<li data-start=\"1005\" data-end=\"1023\">\n<p data-start=\"1007\" data-end=\"1023\">4 anillas en D<\/p>\n<\/li>\n<li data-start=\"1024\" data-end=\"1054\">\n<p data-start=\"1026\" data-end=\"1054\">Funda para correa inguinal<\/p>\n<\/li>\n<li data-start=\"1055\" data-end=\"1078\">\n<p data-start=\"1057\" data-end=\"1078\">Tirantes ajustables<\/p>\n<\/li>\n<li data-start=\"1079\" data-end=\"1127\">\n<p data-start=\"1081\" data-end=\"1127\">Acolchado suave y c\u00f3modo en la placa trasera<\/p>\n<\/li>\n<li data-start=\"1128\" data-end=\"1179\">\n<p data-start=\"1130\" data-end=\"1179\">Parche de velcro extra\u00edble para personalizaci\u00f3n<\/p>\n<\/li>\n<li data-start=\"1180\" data-end=\"1217\">\n<p data-start=\"1182\" data-end=\"1217\">Manguera de baja presi\u00f3n incluida<\/p>\n<\/li>\n<li data-start=\"1218\" data-end=\"1262\" data-is-last-node=\"\">\n<p data-start=\"1220\" data-end=\"1262\" data-is-last-node=\"\">Inflador con mecanismo de acero inoxidable<\/p>\n<\/li>\n<\/ul>","protected":false},"excerpt":{"rendered":"<p>El <strong data-start=\"3\" data-end=\"16\">Origo BCD<\/strong> es un chaleco de buceo duradero y confiable, ideal para principiantes y expertos. Fabricado en nylon bal\u00edstico con cremalleras impermeables YKK, ofrece <strong data-start=\"169\" data-end=\"248\">lastre integrado, bolsillos para accesorios, anillas en D y correa inguinal<\/strong> para un ajuste seguro. Ligero, c\u00f3modo y listo para un rendimiento consistente en cualquier inmersi\u00f3n.<\/p>","protected":false},"featured_media":2265,"comment_status":"open","ping_status":"closed","template":"","meta":{"_uag_custom_page_level_css":"","_kad_blocks_custom_css":"","_kad_blocks_head_custom_js":"","_kad_blocks_body_custom_js":"","_kad_blocks_footer_custom_js":"","site-sidebar-layout":"default","site-content-layout":"","ast-site-content-layout":"default","site-content-style":"default","site-sidebar-style":"default","ast-global-header-display":"","ast-banner-title-visibility":"","ast-main-header-display":"","ast-hfb-above-header-display":"","ast-hfb-below-header-display":"","ast-hfb-mobile-header-display":"","site-post-title":"","ast-breadcrumbs-content":"","ast-featured-img":"","footer-sml-layout":"","ast-disable-related-posts":"","theme-transparent-header-meta":"default","adv-header-id-meta":"","stick-header-meta":"","header-above-stick-meta":"","header-main-stick-meta":"","header-below-stick-meta":"","astra-migrate-meta-layouts":"set","ast-page-background-enabled":"default","ast-page-background-meta":{"desktop":{"background-color":"var(--ast-global-color-5)","background-image":"","background-repeat":"repeat","background-position":"center center","background-size":"auto","background-attachment":"scroll","background-type":"","background-media":"","overlay-type":"","overlay-color":"","overlay-opacity":"","overlay-gradient":""},"tablet":{"background-color":"","background-image":"","background-repeat":"repeat","background-position":"center center","background-size":"auto","background-attachment":"scroll","background-type":"","background-media":"","overlay-type":"","overlay-color":"","overlay-opacity":"","overlay-gradient":""},"mobile":{"background-color":"","background-image":"","background-repeat":"repeat","background-position":"center center","background-size":"auto","background-attachment":"scroll","background-type":"","background-media":"","overlay-type":"","overlay-color":"","overlay-opacity":"","overlay-gradient":""}},"ast-content-background-meta":{"desktop":{"background-color":"var(--ast-global-color-4)","background-image":"","background-repeat":"repeat","background-position":"center center","background-size":"auto","background-attachment":"scroll","background-type":"","background-media":"","overlay-type":"","overlay-color":"","overlay-opacity":"","overlay-gradient":""},"tablet":{"background-color":"var(--ast-global-color-4)","background-image":"","background-repeat":"repeat","background-position":"center center","background-size":"auto","background-attachment":"scroll","background-type":"","background-media":"","overlay-type":"","overlay-color":"","overlay-opacity":"","overlay-gradient":""},"mobile":{"background-color":"var(--ast-global-color-4)","background-image":"","background-repeat":"repeat","background-position":"center center","background-size":"auto","background-attachment":"scroll","background-type":"","background-media":"","overlay-type":"","overlay-color":"","overlay-opacity":"","overlay-gradient":""}}},"product_brand":[32],"product_cat":[94,24,50],"product_tag":[],"class_list":{"0":"post-2264","1":"product","2":"type-product","3":"status-publish","4":"has-post-thumbnail","6":"product_brand-poseidon","7":"product_cat-bcd","8":"product_cat-buceo-recreativo-y-tecnico","9":"product_cat-outlet","10":"desktop-align-left","11":"tablet-align-left","12":"mobile-align-left","14":"first","15":"instock","16":"sale","17":"taxable","18":"shipping-taxable","19":"purchasable","20":"product-type-variable"},"aioseo_notices":[],"taxonomy_info":{"product_brand":[{"value":32,"label":"Poseidon"}],"product_cat":[{"value":94,"label":"BCD"},{"value":24,"label":"Buceo"},{"value":50,"label":"Outlet"}]},"featured_image_src_large":["https:\/\/store.tieronesupply.com\/wp-content\/uploads\/2025\/10\/origo-bcd-svart_0337-46-x_135-1024x1024.jpg",1024,1024,true],"author_info":[],"comment_info":0,"spectra_custom_meta":{"_wpv_contains_gutenberg_views":[""],"_edit_lock":["1770208779:1"],"_edit_last":["1"],"total_sales":["1"],"_tax_status":["taxable"],"_tax_class":[""],"_manage_stock":["no"],"_backorders":["no"],"_sold_individually":["no"],"_virtual":["no"],"_downloadable":["no"],"_download_limit":["-1"],"_download_expiry":["-1"],"_stock":[null],"_stock_status":["instock"],"_wc_average_rating":["0"],"_wc_review_count":["0"],"_product_attributes":["a:2:{s:5:\"color\";a:6:{s:4:\"name\";s:5:\"Color\";s:5:\"value\";s:12:\"Negro | Rojo\";s:8:\"position\";i:0;s:10:\"is_visible\";i:1;s:12:\"is_variation\";i:1;s:11:\"is_taxonomy\";i:0;}s:6:\"tamano\";a:6:{s:4:\"name\";s:7:\"Tama\u00f1o\";s:5:\"value\";s:16:\"S\u00a0 | M | L | XL\";s:8:\"position\";i:1;s:10:\"is_visible\";i:1;s:12:\"is_variation\";i:1;s:11:\"is_taxonomy\";i:0;}}"],"_product_version":["10.4.3"],"_thumbnail_id":["2265"],"_product_image_gallery":["2266"],"_aioseo_keywords":["a:0:{}"],"_aioseo_og_title":[""],"_aioseo_og_description":[""],"_aioseo_og_article_section":[""],"_aioseo_og_article_tags":["a:0:{}"],"_aioseo_twitter_title":[""],"_aioseo_twitter_description":[""],"site-sidebar-layout":["default"],"ast-site-content-layout":["default"],"site-content-style":["default"],"site-sidebar-style":["default"],"theme-transparent-header-meta":["default"],"views_woo_price":["500"],"views_woo_in_stock":["0"],"_wc_gla_visibility":["sync-and-show"],"_wc_gla_synced_at":["1776999678"],"_wc_gla_sync_status":["synced"],"_wc_gla_google_ids":["a:1:{s:2:\"ES\";s:21:\"online:es:ES:gla_2274\";}"],"astra_style_timestamp_css":["1776454916"],"_wc_gla_notification_status":["updated"],"astra-migrate-meta-layouts":["set"],"_price":["350"],"_uag_css_file_name":["uag-css-2264.css"],"_uag_page_assets":["a:9:{s:3:\"css\";s:260:\".uag-blocks-common-selector{z-index:var(--z-index-desktop) !important}@media(max-width: 976px){.uag-blocks-common-selector{z-index:var(--z-index-tablet) !important}}@media(max-width: 767px){.uag-blocks-common-selector{z-index:var(--z-index-mobile) !important}}\";s:2:\"js\";s:0:\"\";s:18:\"current_block_list\";a:14:{i:0;s:11:\"core\/search\";i:1;s:10:\"core\/group\";i:2;s:12:\"core\/heading\";i:3;s:17:\"core\/latest-posts\";i:4;s:20:\"core\/latest-comments\";i:5;s:13:\"core\/archives\";i:6;s:15:\"core\/categories\";i:7;s:13:\"kadence\/image\";i:8;s:16:\"kadence\/iconlist\";i:9;s:16:\"kadence\/listitem\";i:10;s:12:\"kadence\/icon\";i:11;s:19:\"kadence\/single-icon\";i:12;s:17:\"kadence\/rowlayout\";i:13;s:14:\"kadence\/column\";}s:8:\"uag_flag\";b:0;s:11:\"uag_version\";s:10:\"1776904083\";s:6:\"gfonts\";a:0:{}s:10:\"gfonts_url\";s:0:\"\";s:12:\"gfonts_files\";a:0:{}s:14:\"uag_faq_layout\";b:0;}"],"_wc_gla_mc_status":["approved"]},"uagb_featured_image_src":{"full":["https:\/\/store.tieronesupply.com\/wp-content\/uploads\/2025\/10\/origo-bcd-svart_0337-46-x_135.jpg",2000,2000,false],"thumbnail":["https:\/\/store.tieronesupply.com\/wp-content\/uploads\/2025\/10\/origo-bcd-svart_0337-46-x_135-150x150.jpg",150,150,true],"medium":["https:\/\/store.tieronesupply.com\/wp-content\/uploads\/2025\/10\/origo-bcd-svart_0337-46-x_135-300x300.jpg",300,300,true],"medium_large":["https:\/\/store.tieronesupply.com\/wp-content\/uploads\/2025\/10\/origo-bcd-svart_0337-46-x_135-768x768.jpg",768,768,true],"large":["https:\/\/store.tieronesupply.com\/wp-content\/uploads\/2025\/10\/origo-bcd-svart_0337-46-x_135-1024x1024.jpg",1024,1024,true],"1536x1536":["https:\/\/store.tieronesupply.com\/wp-content\/uploads\/2025\/10\/origo-bcd-svart_0337-46-x_135-1536x1536.jpg",1536,1536,true],"2048x2048":["https:\/\/store.tieronesupply.com\/wp-content\/uploads\/2025\/10\/origo-bcd-svart_0337-46-x_135.jpg",2000,2000,false],"trp-custom-language-flag":["https:\/\/store.tieronesupply.com\/wp-content\/uploads\/2025\/10\/origo-bcd-svart_0337-46-x_135.jpg",12,12,false],"woocommerce_thumbnail":["https:\/\/store.tieronesupply.com\/wp-content\/uploads\/2025\/10\/origo-bcd-svart_0337-46-x_135-300x300.jpg",300,300,true],"woocommerce_single":["https:\/\/store.tieronesupply.com\/wp-content\/uploads\/2025\/10\/origo-bcd-svart_0337-46-x_135-600x600.jpg",600,600,true],"woocommerce_gallery_thumbnail":["https:\/\/store.tieronesupply.com\/wp-content\/uploads\/2025\/10\/origo-bcd-svart_0337-46-x_135-100x100.jpg",100,100,true],"variation_swatches_image_size":["https:\/\/store.tieronesupply.com\/wp-content\/uploads\/2025\/10\/origo-bcd-svart_0337-46-x_135-50x50.jpg",50,50,true],"variation_swatches_tooltip_size":["https:\/\/store.tieronesupply.com\/wp-content\/uploads\/2025\/10\/origo-bcd-svart_0337-46-x_135-100x100.jpg",100,100,true]},"uagb_author_info":{"display_name":"Tier One Supply","author_link":"https:\/\/store.tieronesupply.com\/en\/author\/"},"uagb_comment_info":0,"uagb_excerpt":"El Origo BCD es un chaleco de buceo duradero y confiable, ideal para principiantes y expertos. Fabricado en nylon bal\u00edstico con cremalleras impermeables YKK, ofrece lastre integrado, bolsillos para accesorios, anillas en D y correa inguinal para un ajuste seguro. Ligero, c\u00f3modo y listo para un rendimiento consistente en cualquier inmersi\u00f3n.","_links":{"self":[{"href":"https:\/\/store.tieronesupply.com\/en\/wp-json\/wp\/v2\/product\/2264","targetHints":{"allow":["GET"]}}],"collection":[{"href":"https:\/\/store.tieronesupply.com\/en\/wp-json\/wp\/v2\/product"}],"about":[{"href":"https:\/\/store.tieronesupply.com\/en\/wp-json\/wp\/v2\/types\/product"}],"replies":[{"embeddable":true,"href":"https:\/\/store.tieronesupply.com\/en\/wp-json\/wp\/v2\/comments?post=2264"}],"wp:featuredmedia":[{"embeddable":true,"href":"https:\/\/store.tieronesupply.com\/en\/wp-json\/wp\/v2\/media\/2265"}],"wp:attachment":[{"href":"https:\/\/store.tieronesupply.com\/en\/wp-json\/wp\/v2\/media?parent=2264"}],"wp:term":[{"taxonomy":"product_brand","embeddable":true,"href":"https:\/\/store.tieronesupply.com\/en\/wp-json\/wp\/v2\/product_brand?post=2264"},{"taxonomy":"product_cat","embeddable":true,"href":"https:\/\/store.tieronesupply.com\/en\/wp-json\/wp\/v2\/product_cat?post=2264"},{"taxonomy":"product_tag","embeddable":true,"href":"https:\/\/store.tieronesupply.com\/en\/wp-json\/wp\/v2\/product_tag?post=2264"}],"curies":[{"name":"wp","href":"https:\/\/api.w.org\/{rel}","templated":true}]}}