{"id":223,"date":"2025-07-09T08:02:40","date_gmt":"2025-07-09T08:02:40","guid":{"rendered":"https:\/\/store.tieronesupply.com\/?post_type=product&#038;p=223"},"modified":"2025-10-28T10:18:23","modified_gmt":"2025-10-28T10:18:23","slug":"reloj-dive-watch-professional","status":"publish","type":"product","link":"https:\/\/store.tieronesupply.com\/en\/product\/reloj-dive-watch-professional\/","title":{"rendered":"Reloj Poseidon Dive Watch Professional"},"content":{"rendered":"<p>Ser\u00e1 dif\u00edcil encontrar una ocasi\u00f3n en la que este reloj no encaje. Est\u00e9ticamente, combina perfectamente con un atuendo elegante para una noche especial, pero tambi\u00e9n es lo bastante discreto como para llevarlo con ropa informal. En cuanto a funcionalidad, no hay necesidad de quit\u00e1rselo. Cuenta con bisel de acero inoxidable, cristal de zafiro resistente a los ara\u00f1azos y movimiento de cuarzo, lo que significa que puedes usarlo sin preocuparte por golpes o agua. De hecho, est\u00e1 hecho para sumergirse.<\/p>\n<p>&nbsp;<\/p>\n<p>Caracter\u00edsticas destacadas:<\/p>\n<p>&nbsp;<\/p>\n<ul data-start=\"914\" data-end=\"1165\">\n<li data-start=\"914\" data-end=\"968\">\n<p data-start=\"916\" data-end=\"968\">Bisel giratorio unidireccional de acero inoxidable<\/p>\n<\/li>\n<li data-start=\"969\" data-end=\"1012\">\n<p data-start=\"971\" data-end=\"1012\">Indica horas, minutos, segundos y fecha<\/p>\n<\/li>\n<li data-start=\"1013\" data-end=\"1060\">\n<p data-start=\"1015\" data-end=\"1060\">Cristal de zafiro resistente a los ara\u00f1azos<\/p>\n<\/li>\n<li data-start=\"1061\" data-end=\"1085\">\n<p data-start=\"1063\" data-end=\"1085\">Movimiento de cuarzo<\/p>\n<\/li>\n<li data-start=\"1086\" data-end=\"1132\">\n<p data-start=\"1088\" data-end=\"1132\">Resistencia al agua: hasta 500 m \/ 1640 ft<\/p>\n<\/li>\n<li data-start=\"1133\" data-end=\"1165\">\n<p data-start=\"1135\" data-end=\"1165\">Disponible en amarillo y negro<\/p>\n<\/li>\n<\/ul>","protected":false},"excerpt":{"rendered":"<p><strong data-start=\"91\" data-end=\"117\">Esfera con fecha<\/strong><br data-start=\"117\" data-end=\"120\" \/><strong data-start=\"120\" data-end=\"133\">Di\u00e1metro:<\/strong> 46 mm \/ 1,8&#8243;<br data-start=\"146\" data-end=\"149\" \/><strong data-start=\"149\" data-end=\"160\">Grosor:<\/strong> 12 mm \/ 0,47&#8243;<br data-start=\"174\" data-end=\"177\" \/><strong data-start=\"177\" data-end=\"201\">Resistencia al agua:<\/strong> hasta 500 m<br data-start=\"213\" data-end=\"216\" \/><strong data-start=\"216\" data-end=\"227\">Cierre:<\/strong> Hebilla tradicional<\/p>","protected":false},"featured_media":226,"comment_status":"open","ping_status":"closed","template":"","meta":{"_uag_custom_page_level_css":"","_kad_blocks_custom_css":"","_kad_blocks_head_custom_js":"","_kad_blocks_body_custom_js":"","_kad_blocks_footer_custom_js":"","site-sidebar-layout":"default","site-content-layout":"","ast-site-content-layout":"default","site-content-style":"default","site-sidebar-style":"default","ast-global-header-display":"","ast-banner-title-visibility":"","ast-main-header-display":"","ast-hfb-above-header-display":"","ast-hfb-below-header-display":"","ast-hfb-mobile-header-display":"","site-post-title":"","ast-breadcrumbs-content":"","ast-featured-img":"","footer-sml-layout":"","ast-disable-related-posts":"","theme-transparent-header-meta":"","adv-header-id-meta":"","stick-header-meta":"","header-above-stick-meta":"","header-main-stick-meta":"","header-below-stick-meta":"","astra-migrate-meta-layouts":"default","ast-page-background-enabled":"default","ast-page-background-meta":{"desktop":{"background-color":"var(--ast-global-color-5)","background-image":"","background-repeat":"repeat","background-position":"center center","background-size":"auto","background-attachment":"scroll","background-type":"","background-media":"","overlay-type":"","overlay-color":"","overlay-opacity":"","overlay-gradient":""},"tablet":{"background-color":"","background-image":"","background-repeat":"repeat","background-position":"center center","background-size":"auto","background-attachment":"scroll","background-type":"","background-media":"","overlay-type":"","overlay-color":"","overlay-opacity":"","overlay-gradient":""},"mobile":{"background-color":"","background-image":"","background-repeat":"repeat","background-position":"center center","background-size":"auto","background-attachment":"scroll","background-type":"","background-media":"","overlay-type":"","overlay-color":"","overlay-opacity":"","overlay-gradient":""}},"ast-content-background-meta":{"desktop":{"background-color":"var(--ast-global-color-4)","background-image":"","background-repeat":"repeat","background-position":"center center","background-size":"auto","background-attachment":"scroll","background-type":"","background-media":"","overlay-type":"","overlay-color":"","overlay-opacity":"","overlay-gradient":""},"tablet":{"background-color":"var(--ast-global-color-4)","background-image":"","background-repeat":"repeat","background-position":"center center","background-size":"auto","background-attachment":"scroll","background-type":"","background-media":"","overlay-type":"","overlay-color":"","overlay-opacity":"","overlay-gradient":""},"mobile":{"background-color":"var(--ast-global-color-4)","background-image":"","background-repeat":"repeat","background-position":"center center","background-size":"auto","background-attachment":"scroll","background-type":"","background-media":"","overlay-type":"","overlay-color":"","overlay-opacity":"","overlay-gradient":""}}},"product_brand":[32],"product_cat":[33],"product_tag":[],"class_list":{"0":"post-223","1":"product","2":"type-product","3":"status-publish","4":"has-post-thumbnail","6":"product_brand-poseidon","7":"product_cat-relojes","8":"desktop-align-left","9":"tablet-align-left","10":"mobile-align-left","12":"first","13":"instock","14":"featured","15":"taxable","16":"shipping-taxable","17":"purchasable","18":"product-type-variable"},"aioseo_notices":[],"taxonomy_info":{"product_brand":[{"value":32,"label":"Poseidon"}],"product_cat":[{"value":33,"label":"Relojes"}]},"featured_image_src_large":["https:\/\/store.tieronesupply.com\/wp-content\/uploads\/2025\/07\/0610003-1-1024x576.png",1024,576,true],"author_info":[],"comment_info":0,"spectra_custom_meta":{"_edit_last":["1"],"_edit_lock":["1761646703:1"],"total_sales":["0"],"_tax_status":["taxable"],"_tax_class":[""],"_manage_stock":["no"],"_backorders":["no"],"_sold_individually":["no"],"_virtual":["no"],"_downloadable":["no"],"_download_limit":["-1"],"_download_expiry":["-1"],"_stock":[null],"_stock_status":["instock"],"_wc_average_rating":["0"],"_wc_review_count":["0"],"_product_attributes":["a:1:{s:5:\"color\";a:6:{s:4:\"name\";s:5:\"Color\";s:5:\"value\";s:16:\"Negro | Amarillo\";s:8:\"position\";i:0;s:10:\"is_visible\";i:1;s:12:\"is_variation\";i:1;s:11:\"is_taxonomy\";i:0;}}"],"_product_version":["10.2.2"],"_price":["363"],"_thumbnail_id":["226"],"_product_image_gallery":["227,229,228"],"_aioseo_keywords":["a:0:{}"],"_aioseo_og_title":[""],"_aioseo_og_description":[""],"_aioseo_og_article_section":[""],"_aioseo_og_article_tags":["a:0:{}"],"_aioseo_twitter_title":[""],"_aioseo_twitter_description":[""],"_et_pb_post_hide_nav":["default"],"_et_pb_page_layout":["et_right_sidebar"],"_et_pb_side_nav":["off"],"_et_pb_use_builder":[""],"_et_pb_first_image":[""],"_et_pb_truncate_post":[""],"_et_pb_truncate_post_date":[""],"_et_pb_old_content":[""],"_et_builder_dynamic_assets_loading_attr_threshold":["4"],"views_woo_price":["363"],"views_woo_on_sale":["0"],"views_woo_in_stock":["1"],"_wc_gla_visibility":["sync-and-show"],"_wc_gla_synced_at":["1777172403"],"_wc_gla_sync_status":["synced"],"_wc_gla_google_ids":["a:1:{s:2:\"ES\";s:20:\"online:es:ES:gla_225\";}"],"astra_style_timestamp_css":["1776448757"],"_wc_gla_notification_status":["updated"],"_wpv_contains_gutenberg_views":[""],"_uag_css_file_name":["uag-css-223.css"],"_uag_page_assets":["a:9:{s:3:\"css\";s:0:\"\";s:2:\"js\";s:0:\"\";s:18:\"current_block_list\";a:14:{i:0;s:11:\"core\/search\";i:1;s:10:\"core\/group\";i:2;s:12:\"core\/heading\";i:3;s:17:\"core\/latest-posts\";i:4;s:20:\"core\/latest-comments\";i:5;s:13:\"core\/archives\";i:6;s:15:\"core\/categories\";i:7;s:13:\"kadence\/image\";i:8;s:16:\"kadence\/iconlist\";i:9;s:16:\"kadence\/listitem\";i:10;s:12:\"kadence\/icon\";i:11;s:19:\"kadence\/single-icon\";i:12;s:17:\"kadence\/rowlayout\";i:13;s:14:\"kadence\/column\";}s:8:\"uag_flag\";b:0;s:11:\"uag_version\";s:10:\"1776904083\";s:6:\"gfonts\";a:0:{}s:10:\"gfonts_url\";s:0:\"\";s:12:\"gfonts_files\";a:0:{}s:14:\"uag_faq_layout\";b:0;}"],"_wc_gla_mc_status":["approved"]},"uagb_featured_image_src":{"full":["https:\/\/store.tieronesupply.com\/wp-content\/uploads\/2025\/07\/0610003-1.png",1920,1080,false],"thumbnail":["https:\/\/store.tieronesupply.com\/wp-content\/uploads\/2025\/07\/0610003-1-150x150.png",150,150,true],"medium":["https:\/\/store.tieronesupply.com\/wp-content\/uploads\/2025\/07\/0610003-1-300x169.png",300,169,true],"medium_large":["https:\/\/store.tieronesupply.com\/wp-content\/uploads\/2025\/07\/0610003-1-768x432.png",768,432,true],"large":["https:\/\/store.tieronesupply.com\/wp-content\/uploads\/2025\/07\/0610003-1-1024x576.png",1024,576,true],"1536x1536":["https:\/\/store.tieronesupply.com\/wp-content\/uploads\/2025\/07\/0610003-1-1536x864.png",1536,864,true],"2048x2048":["https:\/\/store.tieronesupply.com\/wp-content\/uploads\/2025\/07\/0610003-1.png",1920,1080,false],"trp-custom-language-flag":["https:\/\/store.tieronesupply.com\/wp-content\/uploads\/2025\/07\/0610003-1.png",18,10,false],"woocommerce_thumbnail":["https:\/\/store.tieronesupply.com\/wp-content\/uploads\/2025\/07\/0610003-1-300x300.png",300,300,true],"woocommerce_single":["https:\/\/store.tieronesupply.com\/wp-content\/uploads\/2025\/07\/0610003-1-600x338.png",600,338,true],"woocommerce_gallery_thumbnail":["https:\/\/store.tieronesupply.com\/wp-content\/uploads\/2025\/07\/0610003-1-100x100.png",100,100,true],"variation_swatches_image_size":["https:\/\/store.tieronesupply.com\/wp-content\/uploads\/2025\/07\/0610003-1.png",50,28,false],"variation_swatches_tooltip_size":["https:\/\/store.tieronesupply.com\/wp-content\/uploads\/2025\/07\/0610003-1.png",100,56,false]},"uagb_author_info":{"display_name":"Tier One Supply","author_link":"https:\/\/store.tieronesupply.com\/en\/author\/"},"uagb_comment_info":0,"uagb_excerpt":"Esfera con fechaDi\u00e1metro: 46 mm \/ 1,8\"Grosor: 12 mm \/ 0,47\"Resistencia al agua: hasta 500 mCierre: Hebilla tradicional","_links":{"self":[{"href":"https:\/\/store.tieronesupply.com\/en\/wp-json\/wp\/v2\/product\/223","targetHints":{"allow":["GET"]}}],"collection":[{"href":"https:\/\/store.tieronesupply.com\/en\/wp-json\/wp\/v2\/product"}],"about":[{"href":"https:\/\/store.tieronesupply.com\/en\/wp-json\/wp\/v2\/types\/product"}],"replies":[{"embeddable":true,"href":"https:\/\/store.tieronesupply.com\/en\/wp-json\/wp\/v2\/comments?post=223"}],"wp:featuredmedia":[{"embeddable":true,"href":"https:\/\/store.tieronesupply.com\/en\/wp-json\/wp\/v2\/media\/226"}],"wp:attachment":[{"href":"https:\/\/store.tieronesupply.com\/en\/wp-json\/wp\/v2\/media?parent=223"}],"wp:term":[{"taxonomy":"product_brand","embeddable":true,"href":"https:\/\/store.tieronesupply.com\/en\/wp-json\/wp\/v2\/product_brand?post=223"},{"taxonomy":"product_cat","embeddable":true,"href":"https:\/\/store.tieronesupply.com\/en\/wp-json\/wp\/v2\/product_cat?post=223"},{"taxonomy":"product_tag","embeddable":true,"href":"https:\/\/store.tieronesupply.com\/en\/wp-json\/wp\/v2\/product_tag?post=223"}],"curies":[{"name":"wp","href":"https:\/\/api.w.org\/{rel}","templated":true}]}}