{"id":1912,"date":"2025-10-01T10:47:05","date_gmt":"2025-10-01T10:47:05","guid":{"rendered":"https:\/\/store.tieronesupply.com\/?post_type=product&#038;p=1912"},"modified":"2026-01-08T08:47:02","modified_gmt":"2026-01-08T08:47:02","slug":"poseidon-manometro-cirrus-negro","status":"publish","type":"product","link":"https:\/\/store.tieronesupply.com\/en\/product\/poseidon-manometro-cirrus-negro\/","title":{"rendered":"Poseidon Manometro Cirrus &#8211; Negro"},"content":{"rendered":"<p data-start=\"63\" data-end=\"94\"><strong data-start=\"63\" data-end=\"80\">Disponible en &#8211; <\/strong>Bar o psi<\/p>\n<p data-start=\"96\" data-end=\"150\"><strong data-start=\"96\" data-end=\"132\">Manguera HP reforzada con Kevlar &#8211; <\/strong>80 cm \/ 31,5&#8243;<\/p>\n<p data-start=\"152\" data-end=\"204\"><strong data-start=\"152\" data-end=\"181\">Presi\u00f3n m\u00e1xima de trabajo &#8211; <\/strong>300 bar \/ 4350 psi<\/p>","protected":false},"excerpt":{"rendered":"<p data-start=\"66\" data-end=\"339\">El <strong data-start=\"69\" data-end=\"89\">man\u00f3metro Cirrus<\/strong> es <strong data-start=\"93\" data-end=\"115\">robusto y compacto<\/strong>, con <strong data-start=\"121\" data-end=\"162\">numeraci\u00f3n negra sobre fondo amarillo<\/strong> que lo hace f\u00e1cil de leer y reconocer bajo el agua. Funciona perfectamente como <strong data-start=\"243\" data-end=\"260\">SPG principal<\/strong> y tambi\u00e9n como <strong data-start=\"276\" data-end=\"298\">respaldo confiable<\/strong> cuando se utilizan otros transmisores.<\/p>\n<p data-start=\"341\" data-end=\"392\">Disponible en <strong data-start=\"355\" data-end=\"370\">m\u00e9trico\/bar<\/strong> y <strong data-start=\"373\" data-end=\"389\">imperial\/psi<\/strong>.<\/p>","protected":false},"featured_media":1915,"comment_status":"open","ping_status":"closed","template":"","meta":{"_uag_custom_page_level_css":"","_kad_blocks_custom_css":"","_kad_blocks_head_custom_js":"","_kad_blocks_body_custom_js":"","_kad_blocks_footer_custom_js":"","site-sidebar-layout":"default","site-content-layout":"","ast-site-content-layout":"default","site-content-style":"default","site-sidebar-style":"default","ast-global-header-display":"","ast-banner-title-visibility":"","ast-main-header-display":"","ast-hfb-above-header-display":"","ast-hfb-below-header-display":"","ast-hfb-mobile-header-display":"","site-post-title":"","ast-breadcrumbs-content":"","ast-featured-img":"","footer-sml-layout":"","ast-disable-related-posts":"","theme-transparent-header-meta":"default","adv-header-id-meta":"","stick-header-meta":"","header-above-stick-meta":"","header-main-stick-meta":"","header-below-stick-meta":"","astra-migrate-meta-layouts":"set","ast-page-background-enabled":"default","ast-page-background-meta":{"desktop":{"background-color":"var(--ast-global-color-5)","background-image":"","background-repeat":"repeat","background-position":"center center","background-size":"auto","background-attachment":"scroll","background-type":"","background-media":"","overlay-type":"","overlay-color":"","overlay-opacity":"","overlay-gradient":""},"tablet":{"background-color":"","background-image":"","background-repeat":"repeat","background-position":"center center","background-size":"auto","background-attachment":"scroll","background-type":"","background-media":"","overlay-type":"","overlay-color":"","overlay-opacity":"","overlay-gradient":""},"mobile":{"background-color":"","background-image":"","background-repeat":"repeat","background-position":"center center","background-size":"auto","background-attachment":"scroll","background-type":"","background-media":"","overlay-type":"","overlay-color":"","overlay-opacity":"","overlay-gradient":""}},"ast-content-background-meta":{"desktop":{"background-color":"var(--ast-global-color-4)","background-image":"","background-repeat":"repeat","background-position":"center center","background-size":"auto","background-attachment":"scroll","background-type":"","background-media":"","overlay-type":"","overlay-color":"","overlay-opacity":"","overlay-gradient":""},"tablet":{"background-color":"var(--ast-global-color-4)","background-image":"","background-repeat":"repeat","background-position":"center center","background-size":"auto","background-attachment":"scroll","background-type":"","background-media":"","overlay-type":"","overlay-color":"","overlay-opacity":"","overlay-gradient":""},"mobile":{"background-color":"var(--ast-global-color-4)","background-image":"","background-repeat":"repeat","background-position":"center center","background-size":"auto","background-attachment":"scroll","background-type":"","background-media":"","overlay-type":"","overlay-color":"","overlay-opacity":"","overlay-gradient":""}}},"product_brand":[32],"product_cat":[66],"product_tag":[],"class_list":{"0":"post-1912","1":"product","2":"type-product","3":"status-publish","4":"has-post-thumbnail","6":"product_brand-poseidon","7":"product_cat-manometros","8":"desktop-align-left","9":"tablet-align-left","10":"mobile-align-left","12":"first","13":"onbackorder","14":"taxable","15":"shipping-taxable","16":"purchasable","17":"product-type-simple"},"aioseo_notices":[],"taxonomy_info":{"product_brand":[{"value":32,"label":"Poseidon"}],"product_cat":[{"value":66,"label":"Man\u00f3metros"}]},"featured_image_src_large":["https:\/\/store.tieronesupply.com\/wp-content\/uploads\/2025\/10\/Pressure-Gauge-Cirrus-Black_0600-000_03.jpg-1024x1024.webp",1024,1024,true],"author_info":[],"comment_info":0,"spectra_custom_meta":{"_wpv_contains_gutenberg_views":["","",""],"_sku":["0600-000"],"_regular_price":["145.50"],"total_sales":["0"],"_tax_status":["taxable"],"_tax_class":[""],"_manage_stock":["no"],"_backorders":["no"],"_sold_individually":["no"],"_virtual":["no"],"_downloadable":["no"],"_product_image_gallery":["1914,1913"],"_download_limit":["-1"],"_download_expiry":["-1"],"_thumbnail_id":["1915"],"_stock":[null],"_stock_status":["onbackorder"],"_wc_average_rating":["0"],"_wc_review_count":["0"],"_product_version":["10.4.3"],"_price":["145.50"],"_aioseo_keywords":["a:0:{}"],"_aioseo_og_title":[""],"_aioseo_og_description":[""],"_aioseo_og_article_section":[""],"_aioseo_og_article_tags":["a:0:{}"],"_aioseo_twitter_title":[""],"_aioseo_twitter_description":[""],"site-sidebar-layout":["default"],"ast-site-content-layout":["default"],"site-content-style":["default"],"site-sidebar-style":["default"],"theme-transparent-header-meta":["default"],"views_woo_price":["145,50"],"_edit_lock":["1767862022:1"],"_edit_last":["1"],"astra-migrate-meta-layouts":["set"],"_wc_gla_synced_at":["1767236436"],"_wc_gla_sync_status":["has-errors"],"_wc_gla_visibility":["sync-and-show"],"_wc_gla_google_ids":["a:1:{s:2:\"ES\";s:21:\"online:es:ES:gla_1912\";}"],"astra_style_timestamp_css":["1776604711"],"views_woo_in_stock":["onbackorder"],"_wc_gla_errors":["a:1:{i:0;s:113:\"[availabilityDate] Availability date is required if you set the product's availability to backorder or pre-order.\";}"],"_uag_css_file_name":["uag-css-1912.css"],"_uag_page_assets":["a:9:{s:3:\"css\";s:260:\".uag-blocks-common-selector{z-index:var(--z-index-desktop) !important}@media(max-width: 976px){.uag-blocks-common-selector{z-index:var(--z-index-tablet) !important}}@media(max-width: 767px){.uag-blocks-common-selector{z-index:var(--z-index-mobile) !important}}\";s:2:\"js\";s:0:\"\";s:18:\"current_block_list\";a:14:{i:0;s:11:\"core\/search\";i:1;s:10:\"core\/group\";i:2;s:12:\"core\/heading\";i:3;s:17:\"core\/latest-posts\";i:4;s:20:\"core\/latest-comments\";i:5;s:13:\"core\/archives\";i:6;s:15:\"core\/categories\";i:7;s:13:\"kadence\/image\";i:8;s:16:\"kadence\/iconlist\";i:9;s:16:\"kadence\/listitem\";i:10;s:12:\"kadence\/icon\";i:11;s:19:\"kadence\/single-icon\";i:12;s:17:\"kadence\/rowlayout\";i:13;s:14:\"kadence\/column\";}s:8:\"uag_flag\";b:0;s:11:\"uag_version\";s:10:\"1776904083\";s:6:\"gfonts\";a:0:{}s:10:\"gfonts_url\";s:0:\"\";s:12:\"gfonts_files\";a:0:{}s:14:\"uag_faq_layout\";b:0;}"]},"uagb_featured_image_src":{"full":["https:\/\/store.tieronesupply.com\/wp-content\/uploads\/2025\/10\/Pressure-Gauge-Cirrus-Black_0600-000_03.jpg.webp",2000,2000,false],"thumbnail":["https:\/\/store.tieronesupply.com\/wp-content\/uploads\/2025\/10\/Pressure-Gauge-Cirrus-Black_0600-000_03.jpg-150x150.webp",150,150,true],"medium":["https:\/\/store.tieronesupply.com\/wp-content\/uploads\/2025\/10\/Pressure-Gauge-Cirrus-Black_0600-000_03.jpg-300x300.webp",300,300,true],"medium_large":["https:\/\/store.tieronesupply.com\/wp-content\/uploads\/2025\/10\/Pressure-Gauge-Cirrus-Black_0600-000_03.jpg-768x768.webp",768,768,true],"large":["https:\/\/store.tieronesupply.com\/wp-content\/uploads\/2025\/10\/Pressure-Gauge-Cirrus-Black_0600-000_03.jpg-1024x1024.webp",1024,1024,true],"1536x1536":["https:\/\/store.tieronesupply.com\/wp-content\/uploads\/2025\/10\/Pressure-Gauge-Cirrus-Black_0600-000_03.jpg-1536x1536.webp",1536,1536,true],"2048x2048":["https:\/\/store.tieronesupply.com\/wp-content\/uploads\/2025\/10\/Pressure-Gauge-Cirrus-Black_0600-000_03.jpg.webp",2000,2000,false],"trp-custom-language-flag":["https:\/\/store.tieronesupply.com\/wp-content\/uploads\/2025\/10\/Pressure-Gauge-Cirrus-Black_0600-000_03.jpg.webp",12,12,false],"woocommerce_thumbnail":["https:\/\/store.tieronesupply.com\/wp-content\/uploads\/2025\/10\/Pressure-Gauge-Cirrus-Black_0600-000_03.jpg-300x300.webp",300,300,true],"woocommerce_single":["https:\/\/store.tieronesupply.com\/wp-content\/uploads\/2025\/10\/Pressure-Gauge-Cirrus-Black_0600-000_03.jpg-600x600.webp",600,600,true],"woocommerce_gallery_thumbnail":["https:\/\/store.tieronesupply.com\/wp-content\/uploads\/2025\/10\/Pressure-Gauge-Cirrus-Black_0600-000_03.jpg-100x100.webp",100,100,true],"variation_swatches_image_size":["https:\/\/store.tieronesupply.com\/wp-content\/uploads\/2025\/10\/Pressure-Gauge-Cirrus-Black_0600-000_03.jpg-50x50.webp",50,50,true],"variation_swatches_tooltip_size":["https:\/\/store.tieronesupply.com\/wp-content\/uploads\/2025\/10\/Pressure-Gauge-Cirrus-Black_0600-000_03.jpg-100x100.webp",100,100,true]},"uagb_author_info":{"display_name":"Tier One Supply","author_link":"https:\/\/store.tieronesupply.com\/en\/author\/"},"uagb_comment_info":0,"uagb_excerpt":"El man\u00f3metro Cirrus es robusto y compacto, con numeraci\u00f3n negra sobre fondo amarillo que lo hace f\u00e1cil de leer y reconocer bajo el agua. Funciona perfectamente como SPG principal y tambi\u00e9n como respaldo confiable cuando se utilizan otros transmisores. Disponible en m\u00e9trico\/bar y imperial\/psi.","_links":{"self":[{"href":"https:\/\/store.tieronesupply.com\/en\/wp-json\/wp\/v2\/product\/1912","targetHints":{"allow":["GET"]}}],"collection":[{"href":"https:\/\/store.tieronesupply.com\/en\/wp-json\/wp\/v2\/product"}],"about":[{"href":"https:\/\/store.tieronesupply.com\/en\/wp-json\/wp\/v2\/types\/product"}],"replies":[{"embeddable":true,"href":"https:\/\/store.tieronesupply.com\/en\/wp-json\/wp\/v2\/comments?post=1912"}],"wp:featuredmedia":[{"embeddable":true,"href":"https:\/\/store.tieronesupply.com\/en\/wp-json\/wp\/v2\/media\/1915"}],"wp:attachment":[{"href":"https:\/\/store.tieronesupply.com\/en\/wp-json\/wp\/v2\/media?parent=1912"}],"wp:term":[{"taxonomy":"product_brand","embeddable":true,"href":"https:\/\/store.tieronesupply.com\/en\/wp-json\/wp\/v2\/product_brand?post=1912"},{"taxonomy":"product_cat","embeddable":true,"href":"https:\/\/store.tieronesupply.com\/en\/wp-json\/wp\/v2\/product_cat?post=1912"},{"taxonomy":"product_tag","embeddable":true,"href":"https:\/\/store.tieronesupply.com\/en\/wp-json\/wp\/v2\/product_tag?post=1912"}],"curies":[{"name":"wp","href":"https:\/\/api.w.org\/{rel}","templated":true}]}}