{"id":1902,"date":"2025-10-01T10:37:53","date_gmt":"2025-10-01T10:37:53","guid":{"rendered":"https:\/\/store.tieronesupply.com\/?post_type=product&#038;p=1902"},"modified":"2026-02-04T12:24:29","modified_gmt":"2026-02-04T12:24:29","slug":"poseidon-manometro-doble-cirrus-negro","status":"publish","type":"product","link":"https:\/\/store.tieronesupply.com\/en\/product\/poseidon-manometro-doble-cirrus-negro\/","title":{"rendered":"Poseidon Manometro Doble Cirrus &#8211; Negro"},"content":{"rendered":"<p data-start=\"77\" data-end=\"145\"><strong data-start=\"77\" data-end=\"100\">Escala en bar y psi &#8211; <\/strong>Profund\u00edmetro hasta 80 metros \/ 262 pies<\/p>\n<p data-start=\"147\" data-end=\"201\"><strong data-start=\"147\" data-end=\"183\">Manguera HP reforzada con Kevlar &#8211; <\/strong>80 cm \/ 31,5&#8243;<\/p>\n<p data-start=\"203\" data-end=\"255\"><strong data-start=\"203\" data-end=\"232\">Presi\u00f3n m\u00e1xima de trabajo &#8211; <\/strong>300 bar \/ 4350 psi<\/p>","protected":false},"excerpt":{"rendered":"<p>La <strong data-start=\"68\" data-end=\"92\">consola doble Cirrus<\/strong> puede utilizarse tanto como un <strong data-start=\"124\" data-end=\"163\">man\u00f3metro y profund\u00edmetro principal<\/strong>, como un <strong data-start=\"173\" data-end=\"195\">respaldo confiable<\/strong> en caso de fallo del ordenador o del transmisor. Su dise\u00f1o es <strong data-start=\"258\" data-end=\"280\">robusto y compacto<\/strong>, y la <strong data-start=\"287\" data-end=\"331\">numeraci\u00f3n en blanco sobre fondo negro<\/strong> garantiza una lectura r\u00e1pida y clara, adem\u00e1s de un reconocimiento inmediato bajo el agua.<\/p>","protected":false},"featured_media":1904,"comment_status":"open","ping_status":"closed","template":"","meta":{"_uag_custom_page_level_css":"","_kad_blocks_custom_css":"","_kad_blocks_head_custom_js":"","_kad_blocks_body_custom_js":"","_kad_blocks_footer_custom_js":"","site-sidebar-layout":"default","site-content-layout":"","ast-site-content-layout":"default","site-content-style":"default","site-sidebar-style":"default","ast-global-header-display":"","ast-banner-title-visibility":"","ast-main-header-display":"","ast-hfb-above-header-display":"","ast-hfb-below-header-display":"","ast-hfb-mobile-header-display":"","site-post-title":"","ast-breadcrumbs-content":"","ast-featured-img":"","footer-sml-layout":"","ast-disable-related-posts":"","theme-transparent-header-meta":"default","adv-header-id-meta":"","stick-header-meta":"","header-above-stick-meta":"","header-main-stick-meta":"","header-below-stick-meta":"","astra-migrate-meta-layouts":"set","ast-page-background-enabled":"default","ast-page-background-meta":{"desktop":{"background-color":"var(--ast-global-color-5)","background-image":"","background-repeat":"repeat","background-position":"center center","background-size":"auto","background-attachment":"scroll","background-type":"","background-media":"","overlay-type":"","overlay-color":"","overlay-opacity":"","overlay-gradient":""},"tablet":{"background-color":"","background-image":"","background-repeat":"repeat","background-position":"center center","background-size":"auto","background-attachment":"scroll","background-type":"","background-media":"","overlay-type":"","overlay-color":"","overlay-opacity":"","overlay-gradient":""},"mobile":{"background-color":"","background-image":"","background-repeat":"repeat","background-position":"center center","background-size":"auto","background-attachment":"scroll","background-type":"","background-media":"","overlay-type":"","overlay-color":"","overlay-opacity":"","overlay-gradient":""}},"ast-content-background-meta":{"desktop":{"background-color":"var(--ast-global-color-4)","background-image":"","background-repeat":"repeat","background-position":"center center","background-size":"auto","background-attachment":"scroll","background-type":"","background-media":"","overlay-type":"","overlay-color":"","overlay-opacity":"","overlay-gradient":""},"tablet":{"background-color":"var(--ast-global-color-4)","background-image":"","background-repeat":"repeat","background-position":"center center","background-size":"auto","background-attachment":"scroll","background-type":"","background-media":"","overlay-type":"","overlay-color":"","overlay-opacity":"","overlay-gradient":""},"mobile":{"background-color":"var(--ast-global-color-4)","background-image":"","background-repeat":"repeat","background-position":"center center","background-size":"auto","background-attachment":"scroll","background-type":"","background-media":"","overlay-type":"","overlay-color":"","overlay-opacity":"","overlay-gradient":""}}},"product_brand":[32],"product_cat":[66],"product_tag":[],"class_list":{"0":"post-1902","1":"product","2":"type-product","3":"status-publish","4":"has-post-thumbnail","6":"product_brand-poseidon","7":"product_cat-manometros","8":"desktop-align-left","9":"tablet-align-left","10":"mobile-align-left","12":"first","13":"instock","14":"taxable","15":"shipping-taxable","16":"purchasable","17":"product-type-simple"},"aioseo_notices":[],"taxonomy_info":{"product_brand":[{"value":32,"label":"Poseidon"}],"product_cat":[{"value":66,"label":"Man\u00f3metros"}]},"featured_image_src_large":["https:\/\/store.tieronesupply.com\/wp-content\/uploads\/2025\/10\/Double-Console-Cirrus-Black_0600-001_03.jpg-1024x1024.webp",1024,1024,true],"author_info":[],"comment_info":0,"spectra_custom_meta":{"_wpv_contains_gutenberg_views":["",""],"_sku":["0600-001"],"_regular_price":["199.50"],"total_sales":["0"],"_tax_status":["taxable"],"_tax_class":[""],"_manage_stock":["yes"],"_backorders":["no"],"_sold_individually":["no"],"_virtual":["no"],"_downloadable":["no"],"_product_image_gallery":["1903"],"_download_limit":["-1"],"_download_expiry":["-1"],"_thumbnail_id":["1904"],"_stock":["6"],"_stock_status":["instock"],"_wc_average_rating":["0"],"_wc_review_count":["0"],"_product_version":["10.4.3"],"_price":["199.50"],"_aioseo_keywords":["a:0:{}"],"_aioseo_og_title":[""],"_aioseo_og_description":[""],"_aioseo_og_article_section":[""],"_aioseo_og_article_tags":["a:0:{}"],"_aioseo_twitter_title":[""],"_aioseo_twitter_description":[""],"site-sidebar-layout":["default"],"ast-site-content-layout":["default"],"site-content-style":["default"],"site-sidebar-style":["default"],"theme-transparent-header-meta":["default"],"views_woo_price":["199,50"],"_edit_lock":["1770207870:1"],"_edit_last":["1"],"astra-migrate-meta-layouts":["set"],"_wc_gla_synced_at":["1776999678"],"_wc_gla_sync_status":["synced"],"_wc_gla_visibility":["sync-and-show"],"_wc_gla_google_ids":["a:1:{s:2:\"ES\";s:21:\"online:es:ES:gla_1902\";}"],"astra_style_timestamp_css":["1776478655"],"views_woo_in_stock":["onbackorder"],"_wc_gla_notification_status":["updated"],"_uag_css_file_name":["uag-css-1902.css"],"_uag_page_assets":["a:9:{s:3:\"css\";s:260:\".uag-blocks-common-selector{z-index:var(--z-index-desktop) !important}@media(max-width: 976px){.uag-blocks-common-selector{z-index:var(--z-index-tablet) !important}}@media(max-width: 767px){.uag-blocks-common-selector{z-index:var(--z-index-mobile) !important}}\";s:2:\"js\";s:0:\"\";s:18:\"current_block_list\";a:14:{i:0;s:11:\"core\/search\";i:1;s:10:\"core\/group\";i:2;s:12:\"core\/heading\";i:3;s:17:\"core\/latest-posts\";i:4;s:20:\"core\/latest-comments\";i:5;s:13:\"core\/archives\";i:6;s:15:\"core\/categories\";i:7;s:13:\"kadence\/image\";i:8;s:16:\"kadence\/iconlist\";i:9;s:16:\"kadence\/listitem\";i:10;s:12:\"kadence\/icon\";i:11;s:19:\"kadence\/single-icon\";i:12;s:17:\"kadence\/rowlayout\";i:13;s:14:\"kadence\/column\";}s:8:\"uag_flag\";b:0;s:11:\"uag_version\";s:10:\"1776904083\";s:6:\"gfonts\";a:0:{}s:10:\"gfonts_url\";s:0:\"\";s:12:\"gfonts_files\";a:0:{}s:14:\"uag_faq_layout\";b:0;}"],"_wc_gla_mc_status":["approved"]},"uagb_featured_image_src":{"full":["https:\/\/store.tieronesupply.com\/wp-content\/uploads\/2025\/10\/Double-Console-Cirrus-Black_0600-001_03.jpg.webp",2000,2000,false],"thumbnail":["https:\/\/store.tieronesupply.com\/wp-content\/uploads\/2025\/10\/Double-Console-Cirrus-Black_0600-001_03.jpg-150x150.webp",150,150,true],"medium":["https:\/\/store.tieronesupply.com\/wp-content\/uploads\/2025\/10\/Double-Console-Cirrus-Black_0600-001_03.jpg-300x300.webp",300,300,true],"medium_large":["https:\/\/store.tieronesupply.com\/wp-content\/uploads\/2025\/10\/Double-Console-Cirrus-Black_0600-001_03.jpg-768x768.webp",768,768,true],"large":["https:\/\/store.tieronesupply.com\/wp-content\/uploads\/2025\/10\/Double-Console-Cirrus-Black_0600-001_03.jpg-1024x1024.webp",1024,1024,true],"1536x1536":["https:\/\/store.tieronesupply.com\/wp-content\/uploads\/2025\/10\/Double-Console-Cirrus-Black_0600-001_03.jpg-1536x1536.webp",1536,1536,true],"2048x2048":["https:\/\/store.tieronesupply.com\/wp-content\/uploads\/2025\/10\/Double-Console-Cirrus-Black_0600-001_03.jpg.webp",2000,2000,false],"trp-custom-language-flag":["https:\/\/store.tieronesupply.com\/wp-content\/uploads\/2025\/10\/Double-Console-Cirrus-Black_0600-001_03.jpg.webp",12,12,false],"woocommerce_thumbnail":["https:\/\/store.tieronesupply.com\/wp-content\/uploads\/2025\/10\/Double-Console-Cirrus-Black_0600-001_03.jpg-300x300.webp",300,300,true],"woocommerce_single":["https:\/\/store.tieronesupply.com\/wp-content\/uploads\/2025\/10\/Double-Console-Cirrus-Black_0600-001_03.jpg-600x600.webp",600,600,true],"woocommerce_gallery_thumbnail":["https:\/\/store.tieronesupply.com\/wp-content\/uploads\/2025\/10\/Double-Console-Cirrus-Black_0600-001_03.jpg-100x100.webp",100,100,true],"variation_swatches_image_size":["https:\/\/store.tieronesupply.com\/wp-content\/uploads\/2025\/10\/Double-Console-Cirrus-Black_0600-001_03.jpg-50x50.webp",50,50,true],"variation_swatches_tooltip_size":["https:\/\/store.tieronesupply.com\/wp-content\/uploads\/2025\/10\/Double-Console-Cirrus-Black_0600-001_03.jpg-100x100.webp",100,100,true]},"uagb_author_info":{"display_name":"Tier One Supply","author_link":"https:\/\/store.tieronesupply.com\/en\/author\/"},"uagb_comment_info":0,"uagb_excerpt":"La consola doble Cirrus puede utilizarse tanto como un man\u00f3metro y profund\u00edmetro principal, como un respaldo confiable en caso de fallo del ordenador o del transmisor. Su dise\u00f1o es robusto y compacto, y la numeraci\u00f3n en blanco sobre fondo negro garantiza una lectura r\u00e1pida y clara, adem\u00e1s de un reconocimiento inmediato bajo el agua.","_links":{"self":[{"href":"https:\/\/store.tieronesupply.com\/en\/wp-json\/wp\/v2\/product\/1902","targetHints":{"allow":["GET"]}}],"collection":[{"href":"https:\/\/store.tieronesupply.com\/en\/wp-json\/wp\/v2\/product"}],"about":[{"href":"https:\/\/store.tieronesupply.com\/en\/wp-json\/wp\/v2\/types\/product"}],"replies":[{"embeddable":true,"href":"https:\/\/store.tieronesupply.com\/en\/wp-json\/wp\/v2\/comments?post=1902"}],"wp:featuredmedia":[{"embeddable":true,"href":"https:\/\/store.tieronesupply.com\/en\/wp-json\/wp\/v2\/media\/1904"}],"wp:attachment":[{"href":"https:\/\/store.tieronesupply.com\/en\/wp-json\/wp\/v2\/media?parent=1902"}],"wp:term":[{"taxonomy":"product_brand","embeddable":true,"href":"https:\/\/store.tieronesupply.com\/en\/wp-json\/wp\/v2\/product_brand?post=1902"},{"taxonomy":"product_cat","embeddable":true,"href":"https:\/\/store.tieronesupply.com\/en\/wp-json\/wp\/v2\/product_cat?post=1902"},{"taxonomy":"product_tag","embeddable":true,"href":"https:\/\/store.tieronesupply.com\/en\/wp-json\/wp\/v2\/product_tag?post=1902"}],"curies":[{"name":"wp","href":"https:\/\/api.w.org\/{rel}","templated":true}]}}