{"id":1892,"date":"2025-10-01T09:52:08","date_gmt":"2025-10-01T09:52:08","guid":{"rendered":"https:\/\/store.tieronesupply.com\/?post_type=product&#038;p=1892"},"modified":"2026-01-08T08:48:01","modified_gmt":"2026-01-08T08:48:01","slug":"poseidon-xstream-segunda-etapa-octopus","status":"publish","type":"product","link":"https:\/\/store.tieronesupply.com\/en\/product\/poseidon-xstream-segunda-etapa-octopus\/","title":{"rendered":"Poseidon Xstream Segunda Etapa &#8211; Octopus"},"content":{"rendered":"<p data-start=\"112\" data-end=\"141\">Boquilla anat\u00f3mica &#8211; S\u00ed<\/p>\n<p data-start=\"112\" data-end=\"141\">Control autom\u00e1tico de inhalaci\u00f3n &#8211; S\u00ed<\/p>\n<p data-start=\"188\" data-end=\"228\">Asistencia Venturi autom\u00e1tica &#8211; S\u00ed<\/p>\n<p data-start=\"230\" data-end=\"269\">Desmontable sin herramientas &#8211; S\u00ed<\/p>\n<p data-start=\"271\" data-end=\"313\">Caudal (l\/pulg\u00b3 por min) &#8211; 2150 \/ 76<\/p>\n<p data-start=\"315\" data-end=\"354\">Cubierta con c\u00f3digo de gases &#8211; S\u00ed<\/p>\n<p data-start=\"356\" data-end=\"399\">No indexado (sin arriba o abajo) &#8211; S\u00ed<\/p>\n<p data-start=\"401\" data-end=\"434\">Limpieza para ox\u00edgeno &#8211; n\/a<\/p>\n<p data-start=\"436\" data-end=\"464\">Presi\u00f3n positiva &#8211; n\/a<\/p>\n<p data-start=\"466\" data-end=\"499\">Bot\u00f3n de purga lateral &#8211; S\u00ed<\/p>\n<p data-start=\"501\" data-end=\"528\">Asistencia servo &#8211; S\u00ed<\/p>\n<p data-start=\"530\" data-end=\"550\">Giratorio &#8211; S\u00ed<\/p>\n<p data-start=\"552\" data-end=\"576\">T\u00e9cnica &#8211; Upstream<\/p>\n<p data-start=\"578\" data-end=\"615\">Volumen (ml\/pulg\u00b3) &#8211; 49,5 \/ 3,0<\/p>","protected":false},"excerpt":{"rendered":"<p>La <strong data-start=\"89\" data-end=\"114\">segunda etapa Xstream<\/strong> es un regulador de <strong data-start=\"134\" data-end=\"165\">presi\u00f3n positiva (upstream)<\/strong>. Su <strong data-start=\"170\" data-end=\"200\">v\u00e1lvula de seguridad (OPV)<\/strong> garantiza que la presi\u00f3n dentro del regulador se mantenga en un nivel que permita una respiraci\u00f3n normal en caso de fallo.<br data-start=\"323\" data-end=\"326\" \/>En el improbable caso de una aver\u00eda, el regulador <strong data-start=\"376\" data-end=\"405\">no entrar\u00e1 en flujo libre<\/strong>; seguir\u00e1 funcionando con respiraci\u00f3n normal, sin riesgo de una p\u00e9rdida masiva de gas.<\/p>\n<ul>\n<li>9\/16&#8243; connection<\/li>\n<\/ul>","protected":false},"featured_media":1893,"comment_status":"open","ping_status":"closed","template":"","meta":{"_uag_custom_page_level_css":"","_kad_blocks_custom_css":"","_kad_blocks_head_custom_js":"","_kad_blocks_body_custom_js":"","_kad_blocks_footer_custom_js":"","site-sidebar-layout":"default","site-content-layout":"","ast-site-content-layout":"default","site-content-style":"default","site-sidebar-style":"default","ast-global-header-display":"","ast-banner-title-visibility":"","ast-main-header-display":"","ast-hfb-above-header-display":"","ast-hfb-below-header-display":"","ast-hfb-mobile-header-display":"","site-post-title":"","ast-breadcrumbs-content":"","ast-featured-img":"","footer-sml-layout":"","ast-disable-related-posts":"","theme-transparent-header-meta":"default","adv-header-id-meta":"","stick-header-meta":"","header-above-stick-meta":"","header-main-stick-meta":"","header-below-stick-meta":"","astra-migrate-meta-layouts":"set","ast-page-background-enabled":"default","ast-page-background-meta":{"desktop":{"background-color":"var(--ast-global-color-5)","background-image":"","background-repeat":"repeat","background-position":"center center","background-size":"auto","background-attachment":"scroll","background-type":"","background-media":"","overlay-type":"","overlay-color":"","overlay-opacity":"","overlay-gradient":""},"tablet":{"background-color":"","background-image":"","background-repeat":"repeat","background-position":"center center","background-size":"auto","background-attachment":"scroll","background-type":"","background-media":"","overlay-type":"","overlay-color":"","overlay-opacity":"","overlay-gradient":""},"mobile":{"background-color":"","background-image":"","background-repeat":"repeat","background-position":"center center","background-size":"auto","background-attachment":"scroll","background-type":"","background-media":"","overlay-type":"","overlay-color":"","overlay-opacity":"","overlay-gradient":""}},"ast-content-background-meta":{"desktop":{"background-color":"var(--ast-global-color-4)","background-image":"","background-repeat":"repeat","background-position":"center center","background-size":"auto","background-attachment":"scroll","background-type":"","background-media":"","overlay-type":"","overlay-color":"","overlay-opacity":"","overlay-gradient":""},"tablet":{"background-color":"var(--ast-global-color-4)","background-image":"","background-repeat":"repeat","background-position":"center center","background-size":"auto","background-attachment":"scroll","background-type":"","background-media":"","overlay-type":"","overlay-color":"","overlay-opacity":"","overlay-gradient":""},"mobile":{"background-color":"var(--ast-global-color-4)","background-image":"","background-repeat":"repeat","background-position":"center center","background-size":"auto","background-attachment":"scroll","background-type":"","background-media":"","overlay-type":"","overlay-color":"","overlay-opacity":"","overlay-gradient":""}}},"product_brand":[32],"product_cat":[63,93],"product_tag":[],"class_list":{"0":"post-1892","1":"product","2":"type-product","3":"status-publish","4":"has-post-thumbnail","6":"product_brand-poseidon","7":"product_cat-reguladores","8":"product_cat-segundas-etapas","9":"desktop-align-left","10":"tablet-align-left","11":"mobile-align-left","13":"first","14":"onbackorder","15":"taxable","16":"shipping-taxable","17":"purchasable","18":"product-type-simple"},"aioseo_notices":[],"taxonomy_info":{"product_brand":[{"value":32,"label":"Poseidon"}],"product_cat":[{"value":63,"label":"Reguladores"},{"value":93,"label":"Segundas etapas"}]},"featured_image_src_large":["https:\/\/store.tieronesupply.com\/wp-content\/uploads\/2025\/10\/2nd-Stage-Xstream-916-Octopus_0120-003_01.jpg-1024x1024.webp",1024,1024,true],"author_info":[],"comment_info":0,"spectra_custom_meta":{"_wpv_contains_gutenberg_views":["","",""],"_sku":["0120-003"],"_regular_price":["331.20"],"total_sales":["0"],"_tax_status":["taxable"],"_tax_class":[""],"_manage_stock":["no"],"_backorders":["no"],"_sold_individually":["no"],"_virtual":["no"],"_downloadable":["no"],"_download_limit":["-1"],"_download_expiry":["-1"],"_thumbnail_id":["1893"],"_stock":[null],"_stock_status":["onbackorder"],"_wc_average_rating":["0"],"_wc_review_count":["0"],"_product_version":["10.4.3"],"_price":["331.20"],"_aioseo_keywords":["a:0:{}"],"_aioseo_og_title":[""],"_aioseo_og_description":[""],"_aioseo_og_article_section":[""],"_aioseo_og_article_tags":["a:0:{}"],"_aioseo_twitter_title":[""],"_aioseo_twitter_description":[""],"site-sidebar-layout":["default"],"ast-site-content-layout":["default"],"site-content-style":["default"],"site-sidebar-style":["default"],"theme-transparent-header-meta":["default"],"views_woo_price":["331,20"],"_edit_lock":["1767862082:1"],"_edit_last":["1"],"astra-migrate-meta-layouts":["set"],"_wc_gla_synced_at":["1767236436"],"_wc_gla_sync_status":["has-errors"],"_wc_gla_visibility":["sync-and-show"],"_wc_gla_google_ids":["a:1:{s:2:\"ES\";s:21:\"online:es:ES:gla_1892\";}"],"astra_style_timestamp_css":["1776456747"],"views_woo_in_stock":["onbackorder"],"_wc_gla_errors":["a:1:{i:0;s:113:\"[availabilityDate] Availability date is required if you set the product's availability to backorder or pre-order.\";}"],"_uag_css_file_name":["uag-css-1892.css"],"_uag_page_assets":["a:9:{s:3:\"css\";s:0:\"\";s:2:\"js\";s:0:\"\";s:18:\"current_block_list\";a:14:{i:0;s:11:\"core\/search\";i:1;s:10:\"core\/group\";i:2;s:12:\"core\/heading\";i:3;s:17:\"core\/latest-posts\";i:4;s:20:\"core\/latest-comments\";i:5;s:13:\"core\/archives\";i:6;s:15:\"core\/categories\";i:7;s:13:\"kadence\/image\";i:8;s:16:\"kadence\/iconlist\";i:9;s:16:\"kadence\/listitem\";i:10;s:12:\"kadence\/icon\";i:11;s:19:\"kadence\/single-icon\";i:12;s:17:\"kadence\/rowlayout\";i:13;s:14:\"kadence\/column\";}s:8:\"uag_flag\";b:0;s:11:\"uag_version\";s:10:\"1776904083\";s:6:\"gfonts\";a:0:{}s:10:\"gfonts_url\";s:0:\"\";s:12:\"gfonts_files\";a:0:{}s:14:\"uag_faq_layout\";b:0;}"],"_wc_gla_mc_status":["approved"]},"uagb_featured_image_src":{"full":["https:\/\/store.tieronesupply.com\/wp-content\/uploads\/2025\/10\/2nd-Stage-Xstream-916-Octopus_0120-003_01.jpg.webp",2000,2000,false],"thumbnail":["https:\/\/store.tieronesupply.com\/wp-content\/uploads\/2025\/10\/2nd-Stage-Xstream-916-Octopus_0120-003_01.jpg-150x150.webp",150,150,true],"medium":["https:\/\/store.tieronesupply.com\/wp-content\/uploads\/2025\/10\/2nd-Stage-Xstream-916-Octopus_0120-003_01.jpg-300x300.webp",300,300,true],"medium_large":["https:\/\/store.tieronesupply.com\/wp-content\/uploads\/2025\/10\/2nd-Stage-Xstream-916-Octopus_0120-003_01.jpg-768x768.webp",768,768,true],"large":["https:\/\/store.tieronesupply.com\/wp-content\/uploads\/2025\/10\/2nd-Stage-Xstream-916-Octopus_0120-003_01.jpg-1024x1024.webp",1024,1024,true],"1536x1536":["https:\/\/store.tieronesupply.com\/wp-content\/uploads\/2025\/10\/2nd-Stage-Xstream-916-Octopus_0120-003_01.jpg-1536x1536.webp",1536,1536,true],"2048x2048":["https:\/\/store.tieronesupply.com\/wp-content\/uploads\/2025\/10\/2nd-Stage-Xstream-916-Octopus_0120-003_01.jpg.webp",2000,2000,false],"trp-custom-language-flag":["https:\/\/store.tieronesupply.com\/wp-content\/uploads\/2025\/10\/2nd-Stage-Xstream-916-Octopus_0120-003_01.jpg.webp",12,12,false],"woocommerce_thumbnail":["https:\/\/store.tieronesupply.com\/wp-content\/uploads\/2025\/10\/2nd-Stage-Xstream-916-Octopus_0120-003_01.jpg-300x300.webp",300,300,true],"woocommerce_single":["https:\/\/store.tieronesupply.com\/wp-content\/uploads\/2025\/10\/2nd-Stage-Xstream-916-Octopus_0120-003_01.jpg-600x600.webp",600,600,true],"woocommerce_gallery_thumbnail":["https:\/\/store.tieronesupply.com\/wp-content\/uploads\/2025\/10\/2nd-Stage-Xstream-916-Octopus_0120-003_01.jpg-100x100.webp",100,100,true],"variation_swatches_image_size":["https:\/\/store.tieronesupply.com\/wp-content\/uploads\/2025\/10\/2nd-Stage-Xstream-916-Octopus_0120-003_01.jpg-50x50.webp",50,50,true],"variation_swatches_tooltip_size":["https:\/\/store.tieronesupply.com\/wp-content\/uploads\/2025\/10\/2nd-Stage-Xstream-916-Octopus_0120-003_01.jpg-100x100.webp",100,100,true]},"uagb_author_info":{"display_name":"Tier One Supply","author_link":"https:\/\/store.tieronesupply.com\/en\/author\/"},"uagb_comment_info":0,"uagb_excerpt":"La segunda etapa Xstream es un regulador de presi\u00f3n positiva (upstream). Su v\u00e1lvula de seguridad (OPV) garantiza que la presi\u00f3n dentro del regulador se mantenga en un nivel que permita una respiraci\u00f3n normal en caso de fallo.En el improbable caso de una aver\u00eda, el regulador no entrar\u00e1 en flujo libre; seguir\u00e1 funcionando con respiraci\u00f3n normal,&hellip;","_links":{"self":[{"href":"https:\/\/store.tieronesupply.com\/en\/wp-json\/wp\/v2\/product\/1892","targetHints":{"allow":["GET"]}}],"collection":[{"href":"https:\/\/store.tieronesupply.com\/en\/wp-json\/wp\/v2\/product"}],"about":[{"href":"https:\/\/store.tieronesupply.com\/en\/wp-json\/wp\/v2\/types\/product"}],"replies":[{"embeddable":true,"href":"https:\/\/store.tieronesupply.com\/en\/wp-json\/wp\/v2\/comments?post=1892"}],"wp:featuredmedia":[{"embeddable":true,"href":"https:\/\/store.tieronesupply.com\/en\/wp-json\/wp\/v2\/media\/1893"}],"wp:attachment":[{"href":"https:\/\/store.tieronesupply.com\/en\/wp-json\/wp\/v2\/media?parent=1892"}],"wp:term":[{"taxonomy":"product_brand","embeddable":true,"href":"https:\/\/store.tieronesupply.com\/en\/wp-json\/wp\/v2\/product_brand?post=1892"},{"taxonomy":"product_cat","embeddable":true,"href":"https:\/\/store.tieronesupply.com\/en\/wp-json\/wp\/v2\/product_cat?post=1892"},{"taxonomy":"product_tag","embeddable":true,"href":"https:\/\/store.tieronesupply.com\/en\/wp-json\/wp\/v2\/product_tag?post=1892"}],"curies":[{"name":"wp","href":"https:\/\/api.w.org\/{rel}","templated":true}]}}