{"id":1826,"date":"2025-09-15T16:28:36","date_gmt":"2025-09-15T16:28:36","guid":{"rendered":"https:\/\/store.tieronesupply.com\/?post_type=product&#038;p=1826"},"modified":"2026-01-08T08:50:12","modified_gmt":"2026-01-08T08:50:12","slug":"poseidon-cyklon-hose-unf-3-8","status":"publish","type":"product","link":"https:\/\/store.tieronesupply.com\/en\/product\/poseidon-cyklon-hose-unf-3-8\/","title":{"rendered":"Latiguillo Poseidon Cyklon Hose UNF 3\/8&#8243;"},"content":{"rendered":"<p>Este latiguillo de baja presi\u00f3n UNF 3\/8&#8243; se utiliza para conectar el regulador Cyklon de segunda etapa con su primera etapa. El punto de conexi\u00f3n entre la segunda etapa Cyklon y la manguera tiene un dise\u00f1o \u00fanico y no es igual al de la mayor\u00eda de los reguladores de segunda etapa convencionales fabricados actualmente, por lo que esta manguera no es adecuada para reguladores que no sean Cyklon.<\/p>\n<p>Longitudes populares:<\/p>\n<p>70 cm \/ 27,5&#8243; para reguladores deportivos\/recreativos<br \/>\n110 cm \/ 43,3&#8243; para reguladores de etapa\/deco<br \/>\n215 cm \/ 84&#8243; para reguladores t\u00e9cnicos con latiguillo largo<\/p>\n<p>Los latiguillos de Poseidon de baja presi\u00f3n est\u00e1n fabricadas en goma (SBR\/NR80), lo que las hace duraderas y fiables. Todas las mangueras LP se prueban a una presi\u00f3n de 350 bar \/ 507 psi para garantizar que est\u00e9n correctamente ensambladas.<\/p>","protected":false},"excerpt":{"rendered":"<p>Este latiguillo de baja presi\u00f3n UNF 3\/8&#8243; se utiliza para conectar el regulador Cyklon de segunda etapa con su primera [&hellip;]<\/p>","protected":false},"featured_media":1832,"comment_status":"open","ping_status":"closed","template":"","meta":{"_uag_custom_page_level_css":"","_kad_blocks_custom_css":"","_kad_blocks_head_custom_js":"","_kad_blocks_body_custom_js":"","_kad_blocks_footer_custom_js":"","site-sidebar-layout":"default","site-content-layout":"","ast-site-content-layout":"default","site-content-style":"default","site-sidebar-style":"default","ast-global-header-display":"","ast-banner-title-visibility":"","ast-main-header-display":"","ast-hfb-above-header-display":"","ast-hfb-below-header-display":"","ast-hfb-mobile-header-display":"","site-post-title":"","ast-breadcrumbs-content":"","ast-featured-img":"","footer-sml-layout":"","ast-disable-related-posts":"","theme-transparent-header-meta":"default","adv-header-id-meta":"","stick-header-meta":"","header-above-stick-meta":"","header-main-stick-meta":"","header-below-stick-meta":"","astra-migrate-meta-layouts":"set","ast-page-background-enabled":"default","ast-page-background-meta":{"desktop":{"background-color":"var(--ast-global-color-5)","background-image":"","background-repeat":"repeat","background-position":"center center","background-size":"auto","background-attachment":"scroll","background-type":"","background-media":"","overlay-type":"","overlay-color":"","overlay-opacity":"","overlay-gradient":""},"tablet":{"background-color":"","background-image":"","background-repeat":"repeat","background-position":"center center","background-size":"auto","background-attachment":"scroll","background-type":"","background-media":"","overlay-type":"","overlay-color":"","overlay-opacity":"","overlay-gradient":""},"mobile":{"background-color":"","background-image":"","background-repeat":"repeat","background-position":"center center","background-size":"auto","background-attachment":"scroll","background-type":"","background-media":"","overlay-type":"","overlay-color":"","overlay-opacity":"","overlay-gradient":""}},"ast-content-background-meta":{"desktop":{"background-color":"var(--ast-global-color-4)","background-image":"","background-repeat":"repeat","background-position":"center center","background-size":"auto","background-attachment":"scroll","background-type":"","background-media":"","overlay-type":"","overlay-color":"","overlay-opacity":"","overlay-gradient":""},"tablet":{"background-color":"var(--ast-global-color-4)","background-image":"","background-repeat":"repeat","background-position":"center center","background-size":"auto","background-attachment":"scroll","background-type":"","background-media":"","overlay-type":"","overlay-color":"","overlay-opacity":"","overlay-gradient":""},"mobile":{"background-color":"var(--ast-global-color-4)","background-image":"","background-repeat":"repeat","background-position":"center center","background-size":"auto","background-attachment":"scroll","background-type":"","background-media":"","overlay-type":"","overlay-color":"","overlay-opacity":"","overlay-gradient":""}}},"product_brand":[32],"product_cat":[62],"product_tag":[],"class_list":{"0":"post-1826","1":"product","2":"type-product","3":"status-publish","4":"has-post-thumbnail","6":"product_brand-poseidon","7":"product_cat-latiguillos","8":"desktop-align-left","9":"tablet-align-left","10":"mobile-align-left","12":"first","13":"onbackorder","14":"taxable","15":"shipping-taxable","16":"purchasable","17":"product-type-variable"},"aioseo_notices":[],"taxonomy_info":{"product_brand":[{"value":32,"label":"Poseidon"}],"product_cat":[{"value":62,"label":"Latiguillos"}]},"featured_image_src_large":["https:\/\/store.tieronesupply.com\/wp-content\/uploads\/2025\/09\/LP-Hose-Cyklon-UNF-38_2946_01.jpg-1024x1024.webp",1024,1024,true],"author_info":[],"comment_info":0,"spectra_custom_meta":{"_wpv_contains_gutenberg_views":[""],"_edit_lock":["1767862212:1"],"_edit_last":["1"],"total_sales":["1"],"_tax_status":["taxable"],"_tax_class":[""],"_manage_stock":["no"],"_backorders":["no"],"_sold_individually":["no"],"_virtual":["no"],"_downloadable":["no"],"_download_limit":["-1"],"_download_expiry":["-1"],"_stock":[null],"_stock_status":["onbackorder"],"_wc_average_rating":["0"],"_wc_review_count":["0"],"_product_attributes":["a:1:{s:8:\"longitud\";a:6:{s:4:\"name\";s:8:\"Longitud\";s:5:\"value\";s:35:\"70cm | 90cm | 120cm | 150cm | 215cm\";s:8:\"position\";i:0;s:10:\"is_visible\";i:1;s:12:\"is_variation\";i:1;s:11:\"is_taxonomy\";i:0;}}"],"_product_version":["10.4.3"],"_thumbnail_id":["1832"],"_aioseo_keywords":["a:0:{}"],"_aioseo_og_title":[""],"_aioseo_og_description":[""],"_aioseo_og_article_section":[""],"_aioseo_og_article_tags":["a:0:{}"],"_aioseo_twitter_title":[""],"_aioseo_twitter_description":[""],"site-sidebar-layout":["default"],"ast-site-content-layout":["default"],"site-content-style":["default"],"site-sidebar-style":["default"],"theme-transparent-header-meta":["default"],"astra-migrate-meta-layouts":["set"],"views_woo_price":["69,50"],"views_woo_in_stock":["0"],"_wc_gla_visibility":["sync-and-show"],"_wc_gla_synced_at":["1766113204"],"_wc_gla_sync_status":["has-errors"],"_wc_gla_google_ids":["a:1:{s:2:\"ES\";s:21:\"online:es:ES:gla_1831\";}"],"astra_style_timestamp_css":["1776578356"],"_wc_gla_notification_status":["updated"],"_price":["69.50","72.50","79.50","82.50","92.50"],"_wc_gla_errors":["a:5:{i:1827;a:1:{i:0;s:113:\"[availabilityDate] Availability date is required if you set the product's availability to backorder or pre-order.\";}i:1828;a:1:{i:0;s:113:\"[availabilityDate] Availability date is required if you set the product's availability to backorder or pre-order.\";}i:1829;a:1:{i:0;s:113:\"[availabilityDate] Availability date is required if you set the product's availability to backorder or pre-order.\";}i:1830;a:1:{i:0;s:113:\"[availabilityDate] Availability date is required if you set the product's availability to backorder or pre-order.\";}i:1831;a:1:{i:0;s:113:\"[availabilityDate] Availability date is required if you set the product's availability to backorder or pre-order.\";}}"],"_uag_page_assets":["a:9:{s:3:\"css\";s:260:\".uag-blocks-common-selector{z-index:var(--z-index-desktop) !important}@media(max-width: 976px){.uag-blocks-common-selector{z-index:var(--z-index-tablet) !important}}@media(max-width: 767px){.uag-blocks-common-selector{z-index:var(--z-index-mobile) !important}}\";s:2:\"js\";s:0:\"\";s:18:\"current_block_list\";a:14:{i:0;s:11:\"core\/search\";i:1;s:10:\"core\/group\";i:2;s:12:\"core\/heading\";i:3;s:17:\"core\/latest-posts\";i:4;s:20:\"core\/latest-comments\";i:5;s:13:\"core\/archives\";i:6;s:15:\"core\/categories\";i:7;s:13:\"kadence\/image\";i:8;s:16:\"kadence\/iconlist\";i:9;s:16:\"kadence\/listitem\";i:10;s:12:\"kadence\/icon\";i:11;s:19:\"kadence\/single-icon\";i:12;s:17:\"kadence\/rowlayout\";i:13;s:14:\"kadence\/column\";}s:8:\"uag_flag\";b:0;s:11:\"uag_version\";s:10:\"1776904083\";s:6:\"gfonts\";a:0:{}s:10:\"gfonts_url\";s:0:\"\";s:12:\"gfonts_files\";a:0:{}s:14:\"uag_faq_layout\";b:0;}"],"_uag_css_file_name":["uag-css-1826.css"]},"uagb_featured_image_src":{"full":["https:\/\/store.tieronesupply.com\/wp-content\/uploads\/2025\/09\/LP-Hose-Cyklon-UNF-38_2946_01.jpg.webp",2000,2000,false],"thumbnail":["https:\/\/store.tieronesupply.com\/wp-content\/uploads\/2025\/09\/LP-Hose-Cyklon-UNF-38_2946_01.jpg-150x150.webp",150,150,true],"medium":["https:\/\/store.tieronesupply.com\/wp-content\/uploads\/2025\/09\/LP-Hose-Cyklon-UNF-38_2946_01.jpg-300x300.webp",300,300,true],"medium_large":["https:\/\/store.tieronesupply.com\/wp-content\/uploads\/2025\/09\/LP-Hose-Cyklon-UNF-38_2946_01.jpg-768x768.webp",768,768,true],"large":["https:\/\/store.tieronesupply.com\/wp-content\/uploads\/2025\/09\/LP-Hose-Cyklon-UNF-38_2946_01.jpg-1024x1024.webp",1024,1024,true],"1536x1536":["https:\/\/store.tieronesupply.com\/wp-content\/uploads\/2025\/09\/LP-Hose-Cyklon-UNF-38_2946_01.jpg-1536x1536.webp",1536,1536,true],"2048x2048":["https:\/\/store.tieronesupply.com\/wp-content\/uploads\/2025\/09\/LP-Hose-Cyklon-UNF-38_2946_01.jpg.webp",2000,2000,false],"trp-custom-language-flag":["https:\/\/store.tieronesupply.com\/wp-content\/uploads\/2025\/09\/LP-Hose-Cyklon-UNF-38_2946_01.jpg.webp",12,12,false],"woocommerce_thumbnail":["https:\/\/store.tieronesupply.com\/wp-content\/uploads\/2025\/09\/LP-Hose-Cyklon-UNF-38_2946_01.jpg-300x300.webp",300,300,true],"woocommerce_single":["https:\/\/store.tieronesupply.com\/wp-content\/uploads\/2025\/09\/LP-Hose-Cyklon-UNF-38_2946_01.jpg-600x600.webp",600,600,true],"woocommerce_gallery_thumbnail":["https:\/\/store.tieronesupply.com\/wp-content\/uploads\/2025\/09\/LP-Hose-Cyklon-UNF-38_2946_01.jpg-100x100.webp",100,100,true],"variation_swatches_image_size":["https:\/\/store.tieronesupply.com\/wp-content\/uploads\/2025\/09\/LP-Hose-Cyklon-UNF-38_2946_01.jpg-50x50.webp",50,50,true],"variation_swatches_tooltip_size":["https:\/\/store.tieronesupply.com\/wp-content\/uploads\/2025\/09\/LP-Hose-Cyklon-UNF-38_2946_01.jpg-100x100.webp",100,100,true]},"uagb_author_info":{"display_name":"Tier One Supply","author_link":"https:\/\/store.tieronesupply.com\/en\/author\/"},"uagb_comment_info":0,"uagb_excerpt":"Este latiguillo de baja presi\u00f3n UNF 3\/8&#8243; se utiliza para conectar el regulador Cyklon de segunda etapa con su primera [&hellip;]","_links":{"self":[{"href":"https:\/\/store.tieronesupply.com\/en\/wp-json\/wp\/v2\/product\/1826","targetHints":{"allow":["GET"]}}],"collection":[{"href":"https:\/\/store.tieronesupply.com\/en\/wp-json\/wp\/v2\/product"}],"about":[{"href":"https:\/\/store.tieronesupply.com\/en\/wp-json\/wp\/v2\/types\/product"}],"replies":[{"embeddable":true,"href":"https:\/\/store.tieronesupply.com\/en\/wp-json\/wp\/v2\/comments?post=1826"}],"wp:featuredmedia":[{"embeddable":true,"href":"https:\/\/store.tieronesupply.com\/en\/wp-json\/wp\/v2\/media\/1832"}],"wp:attachment":[{"href":"https:\/\/store.tieronesupply.com\/en\/wp-json\/wp\/v2\/media?parent=1826"}],"wp:term":[{"taxonomy":"product_brand","embeddable":true,"href":"https:\/\/store.tieronesupply.com\/en\/wp-json\/wp\/v2\/product_brand?post=1826"},{"taxonomy":"product_cat","embeddable":true,"href":"https:\/\/store.tieronesupply.com\/en\/wp-json\/wp\/v2\/product_cat?post=1826"},{"taxonomy":"product_tag","embeddable":true,"href":"https:\/\/store.tieronesupply.com\/en\/wp-json\/wp\/v2\/product_tag?post=1826"}],"curies":[{"name":"wp","href":"https:\/\/api.w.org\/{rel}","templated":true}]}}