{"id":1815,"date":"2025-09-15T10:59:49","date_gmt":"2025-09-15T10:59:49","guid":{"rendered":"https:\/\/store.tieronesupply.com\/?post_type=product&#038;p=1815"},"modified":"2026-01-08T08:50:20","modified_gmt":"2026-01-08T08:50:20","slug":"divertug-tek-36","status":"publish","type":"product","link":"https:\/\/store.tieronesupply.com\/en\/product\/divertug-tek-36\/","title":{"rendered":"Divertug &#8211; Tek 36. Scooter \/ DPV"},"content":{"rendered":"<p>Caracter\u00edsticas T\u00e9cnicas:<\/p>\n<p>Largo: 660 mm.<br \/>\nAlto: 400 mm.<br \/>\nAncho: 310 mm.<br \/>\nDi\u00e1metro de la boquilla: 310 mm.<br \/>\nDi\u00e1metro del cuerpo: 215 mm.<br \/>\nPeso: 16,8 Kg.<br \/>\nFlotabilidad en agua dulce: Neutra<br \/>\nTipo de bater\u00eda: Litio<br \/>\nCapacidad bater\u00eda: 900 WH<br \/>\nTiempo de carga: 7 Horas<br \/>\nDuraci\u00f3n bater\u00eda m\u00e1xima velocidad: 135 Min.<br \/>\nDuraci\u00f3n bater\u00eda velocidad crucero: 340 Min. (vel. baja) &#8211; 210 Min (vel.media)<br \/>\nVoltaje bater\u00eda: 36V<br \/>\nM\u00e1xima profundiad: 130 Mts<br \/>\nEmpuje: 25 Kg.<br \/>\nControl aceleraci\u00f3n: 3 Velocidades<br \/>\nCarga bater\u00eda: Externa<\/p>","protected":false},"excerpt":{"rendered":"<p data-start=\"97\" data-end=\"419\"><strong data-start=\"97\" data-end=\"183\">El TEK36 es el scooter definitivo para largas distancias y buceo t\u00e9cnico exigente.<\/strong><br data-start=\"183\" data-end=\"186\" \/>Ofrece hasta <strong data-start=\"199\" data-end=\"227\">320 minutos de autonom\u00eda<\/strong>, <strong data-start=\"229\" data-end=\"246\">3 velocidades<\/strong> y una <strong data-start=\"253\" data-end=\"292\">impresionante velocidad de 80 m\/min<\/strong>, ideal para penetraciones en cuevas y pecios. Compacto, resistente y lleno de prestaciones pensadas para el buceador avanzado.<\/p>\n<p data-start=\"421\" data-end=\"438\"><strong data-start=\"421\" data-end=\"436\">Destacados:<\/strong><\/p>\n<ul data-start=\"439\" data-end=\"1077\">\n<li data-start=\"439\" data-end=\"500\">\n<p data-start=\"441\" data-end=\"500\"><strong data-start=\"441\" data-end=\"462\">Cargador externo:<\/strong> carga directa sin abrir el scooter.<\/p>\n<\/li>\n<li data-start=\"501\" data-end=\"558\">\n<p data-start=\"503\" data-end=\"558\"><strong data-start=\"503\" data-end=\"535\">Autonom\u00eda de m\u00e1s de 5 horas:<\/strong> t\u00fa marcas el l\u00edmite.<\/p>\n<\/li>\n<li data-start=\"559\" data-end=\"636\">\n<p data-start=\"561\" data-end=\"636\"><strong data-start=\"561\" data-end=\"580\">Gran velocidad:<\/strong> hasta 80 m\/min para avances m\u00e1s r\u00e1pidos y eficientes.<\/p>\n<\/li>\n<li data-start=\"637\" data-end=\"705\">\n<p data-start=\"639\" data-end=\"705\"><strong data-start=\"639\" data-end=\"657\">3 velocidades:<\/strong> ajusta potencia y consumo seg\u00fan tu inmersi\u00f3n.<\/p>\n<\/li>\n<li data-start=\"706\" data-end=\"758\">\n<p data-start=\"708\" data-end=\"758\"><strong data-start=\"708\" data-end=\"727\">Mando plegable:<\/strong> transporte f\u00e1cil y compacto.<\/p>\n<\/li>\n<li data-start=\"759\" data-end=\"840\">\n<p data-start=\"761\" data-end=\"840\"><strong data-start=\"761\" data-end=\"788\">Accesorios disponibles:<\/strong> soportes para focos, c\u00e1mara, br\u00fajula y ordenador.<\/p>\n<\/li>\n<li data-start=\"841\" data-end=\"923\">\n<p data-start=\"843\" data-end=\"923\"><strong data-start=\"843\" data-end=\"867\">Bater\u00eda spill proof:<\/strong> resistente a salpicaduras para abrirlo con seguridad.<\/p>\n<\/li>\n<li data-start=\"924\" data-end=\"994\">\n<p data-start=\"926\" data-end=\"994\"><strong data-start=\"926\" data-end=\"962\">H\u00e9lice desmontable bajo el agua:<\/strong> mantenimiento f\u00e1cil y r\u00e1pido.<\/p>\n<\/li>\n<li data-start=\"995\" data-end=\"1077\">\n<p data-start=\"997\" data-end=\"1077\"><strong data-start=\"997\" data-end=\"1026\">Calidad-precio imbatible:<\/strong> rendimiento de gama alta a un precio sorprendente.<\/p>\n<\/li>\n<\/ul>","protected":false},"featured_media":3377,"comment_status":"open","ping_status":"closed","template":"","meta":{"_uag_custom_page_level_css":"","_kad_blocks_custom_css":"","_kad_blocks_head_custom_js":"","_kad_blocks_body_custom_js":"","_kad_blocks_footer_custom_js":"","site-sidebar-layout":"default","site-content-layout":"","ast-site-content-layout":"default","site-content-style":"default","site-sidebar-style":"default","ast-global-header-display":"","ast-banner-title-visibility":"","ast-main-header-display":"","ast-hfb-above-header-display":"","ast-hfb-below-header-display":"","ast-hfb-mobile-header-display":"","site-post-title":"","ast-breadcrumbs-content":"","ast-featured-img":"","footer-sml-layout":"","ast-disable-related-posts":"","theme-transparent-header-meta":"default","adv-header-id-meta":"","stick-header-meta":"","header-above-stick-meta":"","header-main-stick-meta":"","header-below-stick-meta":"","astra-migrate-meta-layouts":"set","ast-page-background-enabled":"default","ast-page-background-meta":{"desktop":{"background-color":"var(--ast-global-color-5)","background-image":"","background-repeat":"repeat","background-position":"center center","background-size":"auto","background-attachment":"scroll","background-type":"","background-media":"","overlay-type":"","overlay-color":"","overlay-opacity":"","overlay-gradient":""},"tablet":{"background-color":"","background-image":"","background-repeat":"repeat","background-position":"center center","background-size":"auto","background-attachment":"scroll","background-type":"","background-media":"","overlay-type":"","overlay-color":"","overlay-opacity":"","overlay-gradient":""},"mobile":{"background-color":"","background-image":"","background-repeat":"repeat","background-position":"center center","background-size":"auto","background-attachment":"scroll","background-type":"","background-media":"","overlay-type":"","overlay-color":"","overlay-opacity":"","overlay-gradient":""}},"ast-content-background-meta":{"desktop":{"background-color":"var(--ast-global-color-4)","background-image":"","background-repeat":"repeat","background-position":"center center","background-size":"auto","background-attachment":"scroll","background-type":"","background-media":"","overlay-type":"","overlay-color":"","overlay-opacity":"","overlay-gradient":""},"tablet":{"background-color":"var(--ast-global-color-4)","background-image":"","background-repeat":"repeat","background-position":"center center","background-size":"auto","background-attachment":"scroll","background-type":"","background-media":"","overlay-type":"","overlay-color":"","overlay-opacity":"","overlay-gradient":""},"mobile":{"background-color":"var(--ast-global-color-4)","background-image":"","background-repeat":"repeat","background-position":"center center","background-size":"auto","background-attachment":"scroll","background-type":"","background-media":"","overlay-type":"","overlay-color":"","overlay-opacity":"","overlay-gradient":""}}},"product_brand":[95],"product_cat":[24,96],"product_tag":[],"class_list":{"0":"post-1815","1":"product","2":"type-product","3":"status-publish","4":"has-post-thumbnail","6":"product_brand-divertug","7":"product_cat-buceo-recreativo-y-tecnico","8":"product_cat-dpv-scooter","9":"desktop-align-left","10":"tablet-align-left","11":"mobile-align-left","13":"first","14":"onbackorder","15":"taxable","16":"shipping-taxable","17":"purchasable","18":"product-type-simple"},"aioseo_notices":[],"taxonomy_info":{"product_brand":[{"value":95,"label":"Divertug"}],"product_cat":[{"value":24,"label":"Buceo"},{"value":96,"label":"DPV Scooter"}]},"featured_image_src_large":["https:\/\/store.tieronesupply.com\/wp-content\/uploads\/2025\/09\/DivertugTek36-1024x1024.png",1024,1024,true],"author_info":[],"comment_info":0,"spectra_custom_meta":{"_wpv_contains_gutenberg_views":[""],"_edit_lock":["1767862220:1"],"_edit_last":["1"],"_thumbnail_id":["3377"],"_sku":["DTG-TEK36"],"_regular_price":["4540"],"total_sales":["0"],"_tax_status":["taxable"],"_tax_class":[""],"_manage_stock":["no"],"_backorders":["no"],"_sold_individually":["no"],"_virtual":["no"],"_downloadable":["no"],"_download_limit":["-1"],"_download_expiry":["-1"],"_stock":[null],"_stock_status":["onbackorder"],"_wc_average_rating":["0"],"_wc_review_count":["0"],"_product_version":["10.4.3"],"_price":["4540"],"_aioseo_keywords":["a:0:{}"],"_aioseo_og_title":[""],"_aioseo_og_description":[""],"_aioseo_og_article_section":[""],"_aioseo_og_article_tags":["a:0:{}"],"_aioseo_twitter_title":[""],"_aioseo_twitter_description":[""],"site-sidebar-layout":["default"],"ast-site-content-layout":["default"],"site-content-style":["default"],"site-sidebar-style":["default"],"theme-transparent-header-meta":["default"],"views_woo_price":["4540"],"_wc_gla_synced_at":["1766804421"],"_wc_gla_sync_status":["has-errors"],"_wc_gla_visibility":["sync-and-show"],"_wc_gla_google_ids":["a:1:{s:2:\"ES\";s:21:\"online:es:ES:gla_1815\";}"],"astra_style_timestamp_css":["1776467693"],"_wc_gla_notification_status":["updated"],"views_woo_on_sale":["1"],"_product_image_gallery":["3383,3385,3382,3384"],"astra-migrate-meta-layouts":["set"],"views_woo_in_stock":["onbackorder"],"_wc_gla_errors":["a:1:{i:0;s:113:\"[availabilityDate] Availability date is required if you set the product's availability to backorder or pre-order.\";}"],"_uag_css_file_name":["uag-css-1815.css"],"_uag_page_assets":["a:9:{s:3:\"css\";s:260:\".uag-blocks-common-selector{z-index:var(--z-index-desktop) !important}@media(max-width: 976px){.uag-blocks-common-selector{z-index:var(--z-index-tablet) !important}}@media(max-width: 767px){.uag-blocks-common-selector{z-index:var(--z-index-mobile) !important}}\";s:2:\"js\";s:0:\"\";s:18:\"current_block_list\";a:14:{i:0;s:11:\"core\/search\";i:1;s:10:\"core\/group\";i:2;s:12:\"core\/heading\";i:3;s:17:\"core\/latest-posts\";i:4;s:20:\"core\/latest-comments\";i:5;s:13:\"core\/archives\";i:6;s:15:\"core\/categories\";i:7;s:13:\"kadence\/image\";i:8;s:16:\"kadence\/iconlist\";i:9;s:16:\"kadence\/listitem\";i:10;s:12:\"kadence\/icon\";i:11;s:19:\"kadence\/single-icon\";i:12;s:17:\"kadence\/rowlayout\";i:13;s:14:\"kadence\/column\";}s:8:\"uag_flag\";b:0;s:11:\"uag_version\";s:10:\"1776904083\";s:6:\"gfonts\";a:0:{}s:10:\"gfonts_url\";s:0:\"\";s:12:\"gfonts_files\";a:0:{}s:14:\"uag_faq_layout\";b:0;}"],"_wc_gla_mc_status":["approved"]},"uagb_featured_image_src":{"full":["https:\/\/store.tieronesupply.com\/wp-content\/uploads\/2025\/09\/DivertugTek36-scaled.png",2560,2560,false],"thumbnail":["https:\/\/store.tieronesupply.com\/wp-content\/uploads\/2025\/09\/DivertugTek36-150x150.png",150,150,true],"medium":["https:\/\/store.tieronesupply.com\/wp-content\/uploads\/2025\/09\/DivertugTek36-300x300.png",300,300,true],"medium_large":["https:\/\/store.tieronesupply.com\/wp-content\/uploads\/2025\/09\/DivertugTek36-768x768.png",768,768,true],"large":["https:\/\/store.tieronesupply.com\/wp-content\/uploads\/2025\/09\/DivertugTek36-1024x1024.png",1024,1024,true],"1536x1536":["https:\/\/store.tieronesupply.com\/wp-content\/uploads\/2025\/09\/DivertugTek36-1536x1536.png",1536,1536,true],"2048x2048":["https:\/\/store.tieronesupply.com\/wp-content\/uploads\/2025\/09\/DivertugTek36-2048x2048.png",2048,2048,true],"trp-custom-language-flag":["https:\/\/store.tieronesupply.com\/wp-content\/uploads\/2025\/09\/DivertugTek36-12x12.png",12,12,true],"woocommerce_thumbnail":["https:\/\/store.tieronesupply.com\/wp-content\/uploads\/2025\/09\/DivertugTek36-300x300.png",300,300,true],"woocommerce_single":["https:\/\/store.tieronesupply.com\/wp-content\/uploads\/2025\/09\/DivertugTek36-600x600.png",600,600,true],"woocommerce_gallery_thumbnail":["https:\/\/store.tieronesupply.com\/wp-content\/uploads\/2025\/09\/DivertugTek36-100x100.png",100,100,true],"variation_swatches_image_size":["https:\/\/store.tieronesupply.com\/wp-content\/uploads\/2025\/09\/DivertugTek36-50x50.png",50,50,true],"variation_swatches_tooltip_size":["https:\/\/store.tieronesupply.com\/wp-content\/uploads\/2025\/09\/DivertugTek36-100x100.png",100,100,true]},"uagb_author_info":{"display_name":"Tier One Supply","author_link":"https:\/\/store.tieronesupply.com\/en\/author\/"},"uagb_comment_info":0,"uagb_excerpt":"El TEK36 es el scooter definitivo para largas distancias y buceo t\u00e9cnico exigente.Ofrece hasta 320 minutos de autonom\u00eda, 3 velocidades y una impresionante velocidad de 80 m\/min, ideal para penetraciones en cuevas y pecios. Compacto, resistente y lleno de prestaciones pensadas para el buceador avanzado. Destacados: Cargador externo: carga directa sin abrir el scooter. Autonom\u00eda&hellip;","_links":{"self":[{"href":"https:\/\/store.tieronesupply.com\/en\/wp-json\/wp\/v2\/product\/1815","targetHints":{"allow":["GET"]}}],"collection":[{"href":"https:\/\/store.tieronesupply.com\/en\/wp-json\/wp\/v2\/product"}],"about":[{"href":"https:\/\/store.tieronesupply.com\/en\/wp-json\/wp\/v2\/types\/product"}],"replies":[{"embeddable":true,"href":"https:\/\/store.tieronesupply.com\/en\/wp-json\/wp\/v2\/comments?post=1815"}],"wp:featuredmedia":[{"embeddable":true,"href":"https:\/\/store.tieronesupply.com\/en\/wp-json\/wp\/v2\/media\/3377"}],"wp:attachment":[{"href":"https:\/\/store.tieronesupply.com\/en\/wp-json\/wp\/v2\/media?parent=1815"}],"wp:term":[{"taxonomy":"product_brand","embeddable":true,"href":"https:\/\/store.tieronesupply.com\/en\/wp-json\/wp\/v2\/product_brand?post=1815"},{"taxonomy":"product_cat","embeddable":true,"href":"https:\/\/store.tieronesupply.com\/en\/wp-json\/wp\/v2\/product_cat?post=1815"},{"taxonomy":"product_tag","embeddable":true,"href":"https:\/\/store.tieronesupply.com\/en\/wp-json\/wp\/v2\/product_tag?post=1815"}],"curies":[{"name":"wp","href":"https:\/\/api.w.org\/{rel}","templated":true}]}}